{"id":69256,"date":"2014-09-15T15:45:01","date_gmt":"2014-09-15T13:45:01","guid":{"rendered":"https:\/\/air-masters.com\/ringdusen-druckluft-de\/ringduesen-druckluft-air-aw01-oint-25-mm\/"},"modified":"2024-07-05T12:49:56","modified_gmt":"2024-07-05T10:49:56","slug":"ringduesen-druckluft-air-aw01-oint-25-mm","status":"publish","type":"product","link":"https:\/\/air-masters.com\/de\/ringdusen-druckluft\/ringduesen-druckluft-air-aw01-oint-25-mm\/","title":{"rendered":"Ringd\u00fcsen Druckluft AIR-AW01 \u00d8Int. 25 mm"},"content":{"rendered":"","protected":false},"excerpt":{"rendered":"<p><b>Ringd\u00fcsen Druckluft.<\/b>\u00a0Abblasen, Reinigen, Trocknen und K\u00fchlen von Kabeln, Leitungen, Stranggepressprofilen Kunststoff- und Metallschl\u00e4uchen, Metalldr\u00e4hten und Seilen. Gleichm\u00e4\u00dfiger Luftstrom, Durchflussmenge und -kraft einstellbar. Das\u00a0<b>\u00a0Ringd\u00fcsen\u00a0<\/b>System ist leicht zu montieren und zu warten.<\/p>\n<p>Die\u00a0<b>Ringd\u00fcse\u00a0<\/b>reduziert sowohl den Druckluftverbrauch als auch den Ger\u00e4uschpegel. Unter Ausnutzung des COANDA-Effekts bildet sich ein schneller, trichterf\u00f6rmiger Luftstrom, der ein gro\u00dfes Volumen an Umgebungsluft mitrei\u00dft. Auf diese Weise erh\u00e4lt man mit geringem Einsatz an\u00a0<b>Druckluft<\/b>\u00a0einen bis zu 30-fachen Luftstrom. Durch die Luftdruckeinsparung amortisiert sich die Mehrausgabe f\u00fcr eine\u00a0\u00a0<b>Ringd\u00fcse<\/b>\u00a0oft schon nach wenigen Wochen, vor allem im Vergleich zu D\u00fcsenringen, die bei anderen Systemen verwendet werden.<\/p>\n<p><b>Ringd\u00fcsen Druckluft\u00a0<\/b>Mod. AIR-AW01 \u00d8Int. 25 mm<\/p>\n<p>Siehe auch:\u00a0<a href=\"https:\/\/www.air-masters.eu\/de\/17-blasdusen\">BLASD\u00dcSEN<\/a>,\u00a0<a href=\"https:\/\/www.air-masters.eu\/de\/75-luftvorhange-extra\">LUFTVORH\u00c4NGE EXTRA<\/a><\/p>\n<p><button class=\"btn btn-default btn-google-plus social-sharing\" type=\"button\"><a href=\"\/de\/kontakt\">PRODUKT TESTEN!<\/a><\/button><\/p>\n<p>Laden Sie das PDF Dokument f\u00fcr weitere Informationen:<\/p>\n<p><a href=\"http:\/\/www.air-masters.eu\/it\/index.php?controller=attachment&amp;id_attachment=27\"><button class=\"btn btn-warning btn-xs\" type=\"button\">Data Sheet<\/button><\/a>\u00a0<a href=\"http:\/\/www.air-masters.eu\/it\/index.php?controller=attachment&amp;id_attachment=23\"><button class=\"btn btn-primary btn-xs\" type=\"button\">Outline Pdf<\/button><\/a>\u00a0<button class=\"btn btn-danger btn-xs\" type=\"button\"><a href=\"http:\/\/www.air-masters.eu\/it\/index.php?controller=attachment&amp;id_attachment=24\">Outline Dwg<br \/>\n<\/a><\/button><\/p>\n<div id=\"rtcc-nm-installed\"><\/div>\n<div id=\"rtcc-nm-installed\"><\/div>\n","protected":false},"featured_media":69222,"template":"","meta":{"_et_pb_use_builder":"","_et_pb_old_content":"","_et_gb_content_width":""},"product_cat":[22152],"product_tag":[],"class_list":{"0":"post-69256","1":"product","2":"type-product","3":"status-publish","4":"has-post-thumbnail","6":"product_cat-ringdusen-druckluft","8":"first","9":"instock","10":"shipping-taxable","11":"purchasable","12":"product-type-variable","13":"has-default-attributes"},"_links":{"self":[{"href":"https:\/\/air-masters.com\/de\/wp-json\/wp\/v2\/product\/69256"}],"collection":[{"href":"https:\/\/air-masters.com\/de\/wp-json\/wp\/v2\/product"}],"about":[{"href":"https:\/\/air-masters.com\/de\/wp-json\/wp\/v2\/types\/product"}],"wp:featuredmedia":[{"embeddable":true,"href":"https:\/\/air-masters.com\/de\/wp-json\/wp\/v2\/media\/69222"}],"wp:attachment":[{"href":"https:\/\/air-masters.com\/de\/wp-json\/wp\/v2\/media?parent=69256"}],"wp:term":[{"taxonomy":"product_cat","embeddable":true,"href":"https:\/\/air-masters.com\/de\/wp-json\/wp\/v2\/product_cat?post=69256"},{"taxonomy":"product_tag","embeddable":true,"href":"https:\/\/air-masters.com\/de\/wp-json\/wp\/v2\/product_tag?post=69256"}],"curies":[{"name":"wp","href":"https:\/\/api.w.org\/{rel}","templated":true}]}}