{"id":70443,"date":"2014-10-01T17:27:28","date_gmt":"2014-10-01T15:27:28","guid":{"rendered":"https:\/\/air-masters.com\/luftvorhange-standard-de\/luftvorhaenge-standard-std08-203mm\/"},"modified":"2014-10-01T17:27:28","modified_gmt":"2014-10-01T15:27:28","slug":"luftvorhaenge-standard-std08-203mm","status":"publish","type":"product","link":"https:\/\/air-masters.com\/de\/luftvorhange-standard\/luftvorhaenge-standard-std08-203mm\/","title":{"rendered":"LUFTVORH\u00c4NGE STANDARD STD08-203mm"},"content":{"rendered":"","protected":false},"excerpt":{"rendered":"<p>Der\u00a0<b>Standard Luftvorhang<\/b>\u00a0ist leicht zu montieren und zu warten. Er reduziert den Druckluftverbrauch und Ger\u00e4uschpegel. Der Luftvorhang erzeugt \u00fcber die gesamte L\u00e4nge einen gleichm\u00e4\u00dfigen laminaren Luftstrom.<\/p>\n<p>Unter Ausnutzung des COANDA-EFFEKTS bildet sich ein schneller, trichterf\u00f6rmiger Luftstrom, der ein gro\u00dfes Volumen an Umgebungsluft mitrei\u00dft. Auf diese Wiese erh\u00e4lt man mit geringem Drucklufteinsatz einen bis zu 30-fachen Luftstrom, Durch die Luftdruckeinsparung amortisiert sich die Mehrausgabe f\u00fcr den\u00a0<b>Standard<\/b>\u00a0<b>Luftvorhang<\/b>\u00a0bei manchen Anwendungen oft schon nach wenigen Wochen.<\/p>\n<p>Er ist in zwei Versionen erh\u00e4ltlich: eloxiertes Aluminium, und Edelstahl.<\/p>\n<p><b>Standard Luftvorhang\u00a0<\/b>Mod. STD08-203mm<\/p>\n<p>Siehe auch:\u00a0<a href=\"https:\/\/www.air-masters.eu\/de\/74-luftvorhange-AIRMASTERS\">LUFTVORHANGE-AIRMASTERS<\/a>,\u00a0<a href=\"http:\/\/www.air-masters.eu\/admin4140\/index.php?controller=AdminProducts&amp;id_product=34&amp;updateproduct&amp;token=9e68766aeae8e71b8d7675e0322c0ddf\">LUFTVORH\u00c4NGE EXTRA<\/a><\/p>\n<\/p>\n<p><a href=\"http:\/\/www.airmastersinternational.com\/it\/content\/6-come-richiedere-un-prodotto-in-prova\"><button class=\"btn btn-default btn-google-plus social-sharing\" type=\"button\">PRODUKT TESTEN!<\/button><\/a><\/p>\n<p>Laden Sie das PDF Dokument f\u00fcr weitere Informationen:<\/p>\n<\/p>\n<div id=\"rtcc-nm-installed\"><\/div>\n","protected":false},"featured_media":70412,"template":"","meta":{"_et_pb_use_builder":"","_et_pb_old_content":"","_et_gb_content_width":""},"product_cat":[22172],"product_tag":[],"class_list":{"0":"post-70443","1":"product","2":"type-product","3":"status-publish","4":"has-post-thumbnail","6":"product_cat-luftvorhange-standard","8":"first","9":"instock","10":"shipping-taxable","11":"purchasable","12":"product-type-variable","13":"has-default-attributes"},"_links":{"self":[{"href":"https:\/\/air-masters.com\/de\/wp-json\/wp\/v2\/product\/70443"}],"collection":[{"href":"https:\/\/air-masters.com\/de\/wp-json\/wp\/v2\/product"}],"about":[{"href":"https:\/\/air-masters.com\/de\/wp-json\/wp\/v2\/types\/product"}],"wp:featuredmedia":[{"embeddable":true,"href":"https:\/\/air-masters.com\/de\/wp-json\/wp\/v2\/media\/70412"}],"wp:attachment":[{"href":"https:\/\/air-masters.com\/de\/wp-json\/wp\/v2\/media?parent=70443"}],"wp:term":[{"taxonomy":"product_cat","embeddable":true,"href":"https:\/\/air-masters.com\/de\/wp-json\/wp\/v2\/product_cat?post=70443"},{"taxonomy":"product_tag","embeddable":true,"href":"https:\/\/air-masters.com\/de\/wp-json\/wp\/v2\/product_tag?post=70443"}],"curies":[{"name":"wp","href":"https:\/\/api.w.org\/{rel}","templated":true}]}}