{"id":70795,"date":"2014-10-06T18:56:10","date_gmt":"2014-10-06T16:56:10","guid":{"rendered":"https:\/\/air-masters.com\/luftvorhange-extra-de\/gm06ha-alluminio-anodizzato-duro\/"},"modified":"2014-10-06T18:56:10","modified_gmt":"2014-10-06T16:56:10","slug":"gm06ha-alluminio-anodizzato-duro","status":"publish","type":"product","link":"https:\/\/air-masters.com\/de\/luftvorhange-extra\/gm06ha-alluminio-anodizzato-duro\/","title":{"rendered":"Luftvorh\u00e4nge Extra GM06"},"content":{"rendered":"","protected":false},"excerpt":{"rendered":"<p>Die<b> Luftvorh\u00e4nge Extra<\/b> sind\u00a0mit 2, 4 oder 6 D\u00fcsen erh\u00e4ltlich, aus harteloxiertem Aluminium oder Edelstahl 304 und 316 L. Sie sind die ideale Alternative zu lauten Abblasvorrichtungen wie z.B. Rohren mit Bohrl\u00f6chern und erm\u00f6glichen so eine beachtliche Reduzierung von Ger\u00e4uschpegel und Energieverbrauch.<\/p>\n<p>Unter Ausnutzung des COANDA-EFFEKTS wird der Luftstrom verst\u00e4rkt und die Leistungsf\u00e4higkeit erh\u00f6ht, vor allem auf l\u00e4ngere Distanz. Dabei wird der Ger\u00e4uschpegel niedrig gehalten und Kosten eingespart. Der Luftverst\u00e4rkungseffekt liegt bei 33\/35:1 Die D\u00fcsen, aus partiell eloxiertem Aluminium, sind extrem abnutzungsbest\u00e4ndig.<\/p>\n<p>Sonderl\u00e4ngen k\u00f6nnen auf Nachfrage und ohne Zusatzkosten gefertigt werden.<\/p>\n<p><label><b>LUFTVORH\u00c4NGE EXTRA\u00a0<\/b>Artikel-Nr\u00a0<\/label>\u00a0<span class=\"editable\">GM06<\/span><\/p>\n<p>Siehe auch:\u00a0<a href=\"https:\/\/www.air-masters.eu\/de\/74-luftvorhange-AIRMASTERS\">LUFTVORHANGE-AIRMASTERS<\/a>,\u00a0<a href=\"https:\/\/www.air-masters.eu\/de\/76-luftvorhange-standard\">LUFTVORH\u00c4NGE STANDARD<\/a><\/p>\n<\/p>\n<p><a href=\"http:\/\/www.airmastersinternational.com\/it\/content\/6-come-richiedere-un-prodotto-in-prova\"><button class=\"btn btn-default btn-google-plus social-sharing\" type=\"button\">PRODUKT TESTEN!<\/button><\/a><\/p>\n","protected":false},"featured_media":70772,"template":"","meta":{"_et_pb_use_builder":"","_et_pb_old_content":"","_et_gb_content_width":""},"product_cat":[22167],"product_tag":[],"class_list":{"0":"post-70795","1":"product","2":"type-product","3":"status-publish","4":"has-post-thumbnail","6":"product_cat-luftvorhange-extra","8":"first","9":"instock","10":"shipping-taxable","11":"purchasable","12":"product-type-variable","13":"has-default-attributes"},"_links":{"self":[{"href":"https:\/\/air-masters.com\/de\/wp-json\/wp\/v2\/product\/70795"}],"collection":[{"href":"https:\/\/air-masters.com\/de\/wp-json\/wp\/v2\/product"}],"about":[{"href":"https:\/\/air-masters.com\/de\/wp-json\/wp\/v2\/types\/product"}],"wp:featuredmedia":[{"embeddable":true,"href":"https:\/\/air-masters.com\/de\/wp-json\/wp\/v2\/media\/70772"}],"wp:attachment":[{"href":"https:\/\/air-masters.com\/de\/wp-json\/wp\/v2\/media?parent=70795"}],"wp:term":[{"taxonomy":"product_cat","embeddable":true,"href":"https:\/\/air-masters.com\/de\/wp-json\/wp\/v2\/product_cat?post=70795"},{"taxonomy":"product_tag","embeddable":true,"href":"https:\/\/air-masters.com\/de\/wp-json\/wp\/v2\/product_tag?post=70795"}],"curies":[{"name":"wp","href":"https:\/\/api.w.org\/{rel}","templated":true}]}}