{"id":70922,"date":"2014-10-07T14:44:29","date_gmt":"2014-10-07T12:44:29","guid":{"rendered":"https:\/\/air-masters.com\/luftvorhange-extra-de\/luftvorhaenge-extra-lr04\/"},"modified":"2014-10-07T14:44:29","modified_gmt":"2014-10-07T12:44:29","slug":"luftvorhaenge-extra-lr04","status":"publish","type":"product","link":"https:\/\/air-masters.com\/de\/luftvorhange-extra\/luftvorhaenge-extra-lr04\/","title":{"rendered":"Luftvorh\u00e4nge Extra LR04"},"content":{"rendered":"","protected":false},"excerpt":{"rendered":"<p><strong>Die Luftvorh\u00e4nge Extra LR<\/strong> sind mit 2,3 4 und 6 D\u00fcsen in einer Aluminium oder Edelstahl 304 und 316L Version erh\u00e4ltlich. Hergestellt in Italien. Zus\u00e4tzliche ZP-Druckluftschaufeln ersetzen perforierte Rohre und reduzieren den Ger\u00e4uschpegel und den Luftverbrauch erheblich, wodurch eine hohe Best\u00e4ndigkeit gegen mechanischen Verschlei\u00df gew\u00e4hrleistet wird.<\/p>\n<p>Die standardd\u00fcse f\u00fcr diese Luftvorh\u00e4nge sind die AIR-M104.<\/p>\n<p>Sie k\u00f6nnen auf Anfrage ohne zus\u00e4tzliche Kosten nach Ma\u00df bestellen.<\/p>\n<p><label><b>Luftvorh\u00e4nge EXTRA LR\u00a0<\/b>Artikel-Nr\u00a0<\/label>\u00a0LR04<\/p>\n<p>Siehe auch:\u00a0<a href=\"https:\/\/www.air-masters.eu\/de\/74-luftvorhange-AIRMASTERS\">LUFTVORHANGE-AIRMASTERS<\/a>,\u00a0<a href=\"https:\/\/www.air-masters.eu\/de\/76-luftvorhange-standard\">LUFTVORH\u00c4NGE STANDARD<\/a><\/p>\n<\/p>\n<p><button class=\"btn btn-default btn-google-plus social-sharing\" type=\"button\"><a href=\"http:\/\/www.airmastersinternational.com\/it\/content\/6-come-richiedere-un-prodotto-in-prova\">PRODUKT TESTEN!<\/a><\/button><\/p>\n","protected":false},"featured_media":70902,"template":"","meta":{"_et_pb_use_builder":"","_et_pb_old_content":"","_et_gb_content_width":""},"product_cat":[22167],"product_tag":[],"class_list":{"0":"post-70922","1":"product","2":"type-product","3":"status-publish","4":"has-post-thumbnail","6":"product_cat-luftvorhange-extra","8":"first","9":"instock","10":"shipping-taxable","11":"purchasable","12":"product-type-simple"},"_links":{"self":[{"href":"https:\/\/air-masters.com\/de\/wp-json\/wp\/v2\/product\/70922"}],"collection":[{"href":"https:\/\/air-masters.com\/de\/wp-json\/wp\/v2\/product"}],"about":[{"href":"https:\/\/air-masters.com\/de\/wp-json\/wp\/v2\/types\/product"}],"wp:featuredmedia":[{"embeddable":true,"href":"https:\/\/air-masters.com\/de\/wp-json\/wp\/v2\/media\/70902"}],"wp:attachment":[{"href":"https:\/\/air-masters.com\/de\/wp-json\/wp\/v2\/media?parent=70922"}],"wp:term":[{"taxonomy":"product_cat","embeddable":true,"href":"https:\/\/air-masters.com\/de\/wp-json\/wp\/v2\/product_cat?post=70922"},{"taxonomy":"product_tag","embeddable":true,"href":"https:\/\/air-masters.com\/de\/wp-json\/wp\/v2\/product_tag?post=70922"}],"curies":[{"name":"wp","href":"https:\/\/api.w.org\/{rel}","templated":true}]}}