{"id":71022,"date":"2014-10-07T15:14:10","date_gmt":"2014-10-07T13:14:10","guid":{"rendered":"https:\/\/air-masters.com\/luftvorhange-extra-de\/lama-d-aria-extra-mod-lr06ss\/"},"modified":"2014-10-07T15:14:10","modified_gmt":"2014-10-07T13:14:10","slug":"lama-d-aria-extra-mod-lr06ss","status":"publish","type":"product","link":"https:\/\/air-masters.com\/de\/luftvorhange-extra\/lama-d-aria-extra-mod-lr06ss\/","title":{"rendered":"Luftvorh\u00e4nge Extra LR06SS"},"content":{"rendered":"","protected":false},"excerpt":{"rendered":"<p><strong>Les lames d&#8217;air Extra LR<\/strong> sont disponibles avec 2, 3, 4 et 6 buses en aluminium ou en acier inoxydable 304 et 316L. Les lames d&#8217;air comprim\u00e9 Extra LR remplacent les tubes perfor\u00e9s et r\u00e9duisent significativement le niveau sonore et la consommation d&#8217;air, assurant une haute r\u00e9sistance \u00e0 l&#8217;usure m\u00e9canique.<\/p>\n<p>La buse utilis\u00e9e pour ces lames est la AIR-M104S.<\/p>\n<p>Vous pouvez les commander sur mesure sur demande et sans frais suppl\u00e9mentaires.<\/p>\n<p><label><b>Luftvorh\u00e4nge EXTRA LR\u00a0<\/b>Artikel-Nr\u00a0<\/label>\u00a0LR06SS<\/p>\n<p>Siehe auch:\u00a0<a href=\"https:\/\/www.air-masters.eu\/de\/74-luftvorhange-AIRMASTERS\">LUFTVORHANGE-AIRMASTERS<\/a>,\u00a0<a href=\"https:\/\/www.air-masters.eu\/de\/76-luftvorhange-standard\">LUFTVORH\u00c4NGE STANDARD<\/a><\/p>\n<\/p>\n<p><a href=\"http:\/\/www.airmastersinternational.com\/it\/content\/6-come-richiedere-un-prodotto-in-prova\"><button class=\"btn btn-default btn-google-plus social-sharing\" type=\"button\">PRODUKT TESTEN!<\/button><\/a><\/p>\n<p style=\"display: none;\">Laden Sie das PDF Dokument f\u00fcr weitere Informationen:<\/p>\n<p><a href=\"http:\/\/www.air-masters.eu\/it\/index.php?controller=attachment&#038;id_attachment=27\"><button class=\"btn btn-warning btn-xs\" type=\"button\">Data Sheet<\/button><\/a>\u00a0<a href=\"http:\/\/www.air-masters.eu\/it\/index.php?controller=attachment&#038;id_attachment=23\"><button class=\"btn btn-primary btn-xs\" type=\"button\">Outline Pdf<\/button><\/a>\u00a0<button class=\"btn btn-danger btn-xs\" type=\"button\"><a href=\"http:\/\/www.air-masters.eu\/it\/index.php?controller=attachment&#038;id_attachment=24\">Outline Dwg<\/a><\/button><\/p>\n","protected":false},"featured_media":71002,"template":"","meta":{"_et_pb_use_builder":"","_et_pb_old_content":"","_et_gb_content_width":""},"product_cat":[22167],"product_tag":[],"class_list":{"0":"post-71022","1":"product","2":"type-product","3":"status-publish","4":"has-post-thumbnail","6":"product_cat-luftvorhange-extra","8":"first","9":"instock","10":"shipping-taxable","11":"purchasable","12":"product-type-simple"},"_links":{"self":[{"href":"https:\/\/air-masters.com\/de\/wp-json\/wp\/v2\/product\/71022"}],"collection":[{"href":"https:\/\/air-masters.com\/de\/wp-json\/wp\/v2\/product"}],"about":[{"href":"https:\/\/air-masters.com\/de\/wp-json\/wp\/v2\/types\/product"}],"wp:featuredmedia":[{"embeddable":true,"href":"https:\/\/air-masters.com\/de\/wp-json\/wp\/v2\/media\/71002"}],"wp:attachment":[{"href":"https:\/\/air-masters.com\/de\/wp-json\/wp\/v2\/media?parent=71022"}],"wp:term":[{"taxonomy":"product_cat","embeddable":true,"href":"https:\/\/air-masters.com\/de\/wp-json\/wp\/v2\/product_cat?post=71022"},{"taxonomy":"product_tag","embeddable":true,"href":"https:\/\/air-masters.com\/de\/wp-json\/wp\/v2\/product_tag?post=71022"}],"curies":[{"name":"wp","href":"https:\/\/api.w.org\/{rel}","templated":true}]}}