{"id":71278,"date":"2014-10-10T13:50:14","date_gmt":"2014-10-10T11:50:14","guid":{"rendered":"https:\/\/air-masters.com\/luftstromverstarker-de\/luftstromverstaerker-air-amp01\/"},"modified":"2014-10-10T13:50:14","modified_gmt":"2014-10-10T11:50:14","slug":"luftstromverstaerker-air-amp01","status":"publish","type":"product","link":"https:\/\/air-masters.com\/de\/luftstromverstarker\/luftstromverstaerker-air-amp01\/","title":{"rendered":"Luftstromverst\u00e4rker AIR-AMP01"},"content":{"rendered":"","protected":false},"excerpt":{"rendered":"<p><b>Luftstromverst\u00e4rker\u00a0<\/b>sind einfache<b>,<\/b>\u00a0kosteng\u00fcnstige und wartungsfreie Vorrichtungen, die zum Absaugen von Rauch und D\u00e4mpfen, zum Transport leichter Materialien oder zum Abblasen, K\u00fchlen und Trocknen eingesetzt werden k\u00f6nnen. Unter Ausnutzung des COANDA-Effekts bildet sich ein schneller, trichterf\u00f6rmiger Luftstrom, der ein gro\u00dfes Volumen an Umgebungsluft mitrei\u00dft.<\/p>\n<p>Auf diese Weise kann ein 17-fach verst\u00e4rker Luftstrom (oder st\u00e4rker \u2013 je nach Gr\u00f6\u00dfe) erreicht werden, und das bei niedrigem Ger\u00e4uschpegel!\u00a0<b>Luftstromverst\u00e4rker<\/b>\u00a0funktionieren ausschlie\u00dflich mit Druckluft. Austrittsluftstrom und eingesaugter Luftstrom k\u00f6nnen durch Vergr\u00f6\u00dferung bzw. Verkleinerung des Luftspalts oder Ver\u00e4nderung des Eingangsdrucks reguliert werden. Jedes Ende des\u00a0<b>Luftstromverst\u00e4rkers<\/b>\u00a0kann angeschlossen werden, um an verschiedene Anwendungen angepasst zu werden. So kann z.B. Frischluft in einen bestimmten Bereich transportiert oder giftige D\u00e4mpfe abgesaugt werden. Nehmen Sie sich vor unrealistischen Verst\u00e4rkungswerten in Acht, die von einigen Herstellern angegeben werden! Die regelbaren\u00a0<b>Luftstromverst\u00e4rker<\/b>\u00a0sind auch aus Edelstahl erh\u00e4ltlich.<\/p>\n<p><b>Luftstromverst\u00e4rker\u00a0<\/b><label>Artikel-Nr <\/label>AIR-AMP01<\/p>\n<p>Siehe auch:\u00a0<a href=\"https:\/\/www.air-masters.eu\/de\/17-blasdusen\">BLASD\u00dcSEN<\/a>,\u00a0<a href=\"https:\/\/www.air-masters.eu\/de\/74-luftvorhange-AIRMASTERS\">LUFTVORHANGE-AIRMASTERS<\/a><\/p>\n<p><button class=\"btn btn-default btn-google-plus social-sharing\" type=\"button\"><a href=\"\/de\/kontakt\">PRODUKT TESTEN!<\/a><\/button><\/p>\n<p style=\"display: none;\">Laden Sie das PDF Dokument f\u00fcr weitere Informationen:<\/p>\n<p><a href=\"http:\/\/www.air-masters.eu\/it\/index.php?controller=attachment&#038;id_attachment=27\"><button class=\"btn btn-warning btn-xs\" type=\"button\">Data Sheet<\/button><\/a>\u00a0<a href=\"http:\/\/www.air-masters.eu\/it\/index.php?controller=attachment&#038;id_attachment=23\"><button class=\"btn btn-primary btn-xs\" type=\"button\">Outline Pdf<\/button><\/a>\u00a0<button class=\"btn btn-danger btn-xs\" type=\"button\"><a href=\"http:\/\/www.air-masters.eu\/it\/index.php?controller=attachment&#038;id_attachment=24\">Outline Dwg<\/a><\/button><\/p>\n<div id=\"rtcc-nm-installed\"><\/div>\n<div id=\"rtcc-nm-installed\"><\/div>\n<div id=\"rtcc-nm-installed\"><\/div>\n","protected":false},"featured_media":71242,"template":"","meta":{"_et_pb_use_builder":"","_et_pb_old_content":"","_et_gb_content_width":""},"product_cat":[22147],"product_tag":[],"class_list":{"0":"post-71278","1":"product","2":"type-product","3":"status-publish","4":"has-post-thumbnail","6":"product_cat-luftstromverstarker","8":"first","9":"instock","10":"shipping-taxable","11":"purchasable","12":"product-type-variable","13":"has-default-attributes"},"_links":{"self":[{"href":"https:\/\/air-masters.com\/de\/wp-json\/wp\/v2\/product\/71278"}],"collection":[{"href":"https:\/\/air-masters.com\/de\/wp-json\/wp\/v2\/product"}],"about":[{"href":"https:\/\/air-masters.com\/de\/wp-json\/wp\/v2\/types\/product"}],"wp:featuredmedia":[{"embeddable":true,"href":"https:\/\/air-masters.com\/de\/wp-json\/wp\/v2\/media\/71242"}],"wp:attachment":[{"href":"https:\/\/air-masters.com\/de\/wp-json\/wp\/v2\/media?parent=71278"}],"wp:term":[{"taxonomy":"product_cat","embeddable":true,"href":"https:\/\/air-masters.com\/de\/wp-json\/wp\/v2\/product_cat?post=71278"},{"taxonomy":"product_tag","embeddable":true,"href":"https:\/\/air-masters.com\/de\/wp-json\/wp\/v2\/product_tag?post=71278"}],"curies":[{"name":"wp","href":"https:\/\/api.w.org\/{rel}","templated":true}]}}