{"id":71323,"date":"2014-10-10T18:29:54","date_gmt":"2014-10-10T16:29:54","guid":{"rendered":"https:\/\/air-masters.com\/luftstromverstarker-de\/luftstromverstaerker-air-amp02\/"},"modified":"2014-10-10T18:29:54","modified_gmt":"2014-10-10T16:29:54","slug":"luftstromverstaerker-air-amp02","status":"publish","type":"product","link":"https:\/\/air-masters.com\/de\/luftstromverstarker\/luftstromverstaerker-air-amp02\/","title":{"rendered":"Luftstromverst\u00e4rker AIR-AMP02"},"content":{"rendered":"","protected":false},"excerpt":{"rendered":"<p><b>Luftstromverst\u00e4rker sind einfache,<\/b>\u00a0kosteng\u00fcnstige und wartungsfreie Vorrichtungen, die zum Absaugen von Rauch und D\u00e4mpfen, zum Transport leichter Materialien oder zum Abblasen, K\u00fchlen und Trocknen eingesetzt werden k\u00f6nnen. Unter Ausnutzung des COANDA-Effekts bildet sich ein schneller, trichterf\u00f6rmiger Luftstrom, der ein gro\u00dfes Volumen an Umgebungsluft mitrei\u00dft.<\/p>\n<p>Auf diese Weise kann ein 17-fach verst\u00e4rker Luftstrom (oder st\u00e4rker \u2013 je nach Gr\u00f6\u00dfe) erreicht werden, und das bei niedrigem Ger\u00e4uschpegel! Luftstromverst\u00e4rker funktionieren ausschlie\u00dflich mit Druckluft. Austrittsluftstrom und eingesaugter Luftstrom k\u00f6nnen durch Vergr\u00f6\u00dferung bzw. Verkleinerung des Luftspalts oder Ver\u00e4nderung des Eingangsdrucks reguliert werden. Jedes Ende des Luftstromverst\u00e4rkers kann angeschlossen werden, um an verschiedene Anwendungen angepasst zu werden. So kann z.B. Frischluft in einen bestimmten Bereich transportiert oder giftige D\u00e4mpfe abgesaugt werden. Nehmen Sie sich vor unrealistischen Verst\u00e4rkungswerten in Acht, die von einigen Herstellern angegeben werden! Die regelbaren Luftstromverst\u00e4rker sind auch aus Edelstahl erh\u00e4ltlich.<\/p>\n<p><b><label>Artikel-Nr\u00a0<\/label> AIR-AMP02<\/b><\/p>\n<\/p>\n<p>Technische Daten herunterladen<\/p>\n<p><a href=\"http:\/\/www.airmastersinternational.com\/it\/content\/6-come-richiedere-un-prodotto-in-prova\"><button class=\"btn btn-default btn-google-plus social-sharing\" type=\"button\">PRODUKT TESTEN!<\/button><\/a><\/p>\n<p style=\"display: none;\">Laden Sie das PDF Dokument f\u00fcr weitere Informationen:<\/p>\n<\/p>\n<div id=\"rtcc-nm-installed\"><\/div>\n<div id=\"rtcc-nm-installed\"><\/div>\n","protected":false},"featured_media":71287,"template":"","meta":{"_et_pb_use_builder":"","_et_pb_old_content":"","_et_gb_content_width":""},"product_cat":[22147],"product_tag":[],"class_list":{"0":"post-71323","1":"product","2":"type-product","3":"status-publish","4":"has-post-thumbnail","6":"product_cat-luftstromverstarker","8":"first","9":"instock","10":"shipping-taxable","11":"purchasable","12":"product-type-variable","13":"has-default-attributes"},"_links":{"self":[{"href":"https:\/\/air-masters.com\/de\/wp-json\/wp\/v2\/product\/71323"}],"collection":[{"href":"https:\/\/air-masters.com\/de\/wp-json\/wp\/v2\/product"}],"about":[{"href":"https:\/\/air-masters.com\/de\/wp-json\/wp\/v2\/types\/product"}],"wp:featuredmedia":[{"embeddable":true,"href":"https:\/\/air-masters.com\/de\/wp-json\/wp\/v2\/media\/71287"}],"wp:attachment":[{"href":"https:\/\/air-masters.com\/de\/wp-json\/wp\/v2\/media?parent=71323"}],"wp:term":[{"taxonomy":"product_cat","embeddable":true,"href":"https:\/\/air-masters.com\/de\/wp-json\/wp\/v2\/product_cat?post=71323"},{"taxonomy":"product_tag","embeddable":true,"href":"https:\/\/air-masters.com\/de\/wp-json\/wp\/v2\/product_tag?post=71323"}],"curies":[{"name":"wp","href":"https:\/\/api.w.org\/{rel}","templated":true}]}}