{"id":72050,"date":"2014-10-25T16:50:08","date_gmt":"2014-10-25T14:50:08","guid":{"rendered":"https:\/\/air-masters.com\/wirbelrohre-vortex-tubes-de\/wirbelrohre-vortex-tube-air-m150h\/"},"modified":"2014-10-25T16:50:08","modified_gmt":"2014-10-25T14:50:08","slug":"wirbelrohre-vortex-tube-air-m150h","status":"publish","type":"product","link":"https:\/\/air-masters.com\/de\/wirbelrohre-vortex-tubes\/wirbelrohre-vortex-tube-air-m150h\/","title":{"rendered":"Wirbelrohre Vortex Tube AIR-M150H"},"content":{"rendered":"","protected":false},"excerpt":{"rendered":"<p><b>Vortex Wirbelrohre\u00a0(Vortex Tube)\u00a0<\/b>werden aus Edelstahl gefertigt. Generatoren und Ventile bestehen aus Messing. Dies erm\u00f6glicht einen vielf\u00e4ltigen Einsatz und eine lange Lebensdauer (die meisten Konkurrenzrohre verf\u00fcgen \u00fcber Kunststoffgeneratoren). Sie eignen sich daher auch besonders f\u00fcr den Einsatz bei hohen Temperaturen und erfordern somit keine zus\u00e4tzlichen Investitionen. Die erzeugten Temperaturen k\u00f6nnen von -46\u00baC bis + 127\u00baC reichen. Design und Materialqualit\u00e4t der<b>\u00a0<\/b><b>Vortex Wirbelrohre\u00a0(Vortex Tube)\u00a0<\/b>garantieren langfristig zuverl\u00e4ssige Ergebnisse ohne Wartungsaufwand. Die\u00a0<b>Vortex Wirbelrohre<\/b>\u00a0<b>(Vortex Tube)\u00a0<\/b>arbeiten mit einer Standard- Druckluftversorgung.<\/p>\n<p>Die in das\u00a0<b>Wirbelrohr<\/b>\u00a0einstr\u00f6mende Luft wird in zwei Luftstr\u00f6me aufgespalten: kalte Luft kommt aus dem einen Ende des Rohrs und hei\u00dfe Luft aus dem anderen Ende. Das\u00a0<b>Wirbelrohr<\/b>\u00a0hat am \u201cwarmen\u201d Ende ein einstellbares Ventil, welches Menge und Temperatur der auf der kalten Seite ausstr\u00f6menden Luft regelt. Damit wird der \u201ckalte Anteil\u201d (\u201ccold fraction\u201d) eingestellt, d.h. der Prozentsatz der Druckluft, die am kalten Ende des Rohres ausstritt. Es gibt 24 verschiedenen Generatoren-Modelle f\u00fcr verschiedene Druckluftleistungen. Wir empfehlen einen Luftdruck von 7 bar.<\/p>\n<p><b>Wirbelrohr\u00a0<\/b><label>Artikel-Nr AIR-M150H<\/label><\/p>\n<p>Siehe auch:\u00a0<a href=\"https:\/\/www.air-masters.eu\/de\/57-schaltschrankkuhler\">SCHALTSCHRANKK\u00dcHLER<\/a>,\u00a0<a href=\"https:\/\/www.air-masters.eu\/de\/73-kaltluftpistole\">KALTLUFTPISTOLE<\/a><\/p>\n<div id=\"rtcc-nm-installed\">\n<div id=\"rtcc-nm-installed\">\n<p><a href=\"http:\/\/www.airmastersinternational.com\/it\/content\/6-come-richiedere-un-prodotto-in-prova\"><button class=\"btn btn-default btn-google-plus social-sharing\" type=\"button\">PRODUKT TESTEN!<\/button><\/a><\/p>\n<p><a href=\"http:\/\/www.air-masters.eu\/it\/index.php?controller=attachment&#038;id_attachment=27\"><button class=\"btn btn-warning btn-xs\" type=\"button\">Data Sheet<\/button><\/a>\u00a0<a href=\"http:\/\/www.air-masters.eu\/it\/index.php?controller=attachment&#038;id_attachment=23\"><button class=\"btn btn-primary btn-xs\" type=\"button\">Outline Pdf<\/button><\/a>\u00a0<button class=\"btn btn-danger btn-xs\" type=\"button\"><a href=\"http:\/\/www.air-masters.eu\/it\/index.php?controller=attachment&#038;id_attachment=24\">Outline Dwg<\/a><\/button><\/p>\n<\/p><\/div>\n<\/p><\/div>\n<div id=\"rtcc-nm-installed\"><\/div>\n<div id=\"rtcc-nm-installed\"><\/div>\n","protected":false},"featured_media":72032,"template":"","meta":{"_et_pb_use_builder":"","_et_pb_old_content":"","_et_gb_content_width":""},"product_cat":[22162],"product_tag":[],"class_list":{"0":"post-72050","1":"product","2":"type-product","3":"status-publish","4":"has-post-thumbnail","6":"product_cat-wirbelrohre-vortex-tubes","8":"first","9":"instock","10":"shipping-taxable","11":"purchasable","12":"product-type-variable","13":"has-default-attributes"},"_links":{"self":[{"href":"https:\/\/air-masters.com\/de\/wp-json\/wp\/v2\/product\/72050"}],"collection":[{"href":"https:\/\/air-masters.com\/de\/wp-json\/wp\/v2\/product"}],"about":[{"href":"https:\/\/air-masters.com\/de\/wp-json\/wp\/v2\/types\/product"}],"wp:featuredmedia":[{"embeddable":true,"href":"https:\/\/air-masters.com\/de\/wp-json\/wp\/v2\/media\/72032"}],"wp:attachment":[{"href":"https:\/\/air-masters.com\/de\/wp-json\/wp\/v2\/media?parent=72050"}],"wp:term":[{"taxonomy":"product_cat","embeddable":true,"href":"https:\/\/air-masters.com\/de\/wp-json\/wp\/v2\/product_cat?post=72050"},{"taxonomy":"product_tag","embeddable":true,"href":"https:\/\/air-masters.com\/de\/wp-json\/wp\/v2\/product_tag?post=72050"}],"curies":[{"name":"wp","href":"https:\/\/api.w.org\/{rel}","templated":true}]}}