{"id":73469,"date":"2015-07-17T12:25:05","date_gmt":"2015-07-17T10:25:05","guid":{"rendered":"https:\/\/air-masters.com\/kaltluftpistole-de\/kaltluftpistole-air-mtc\/"},"modified":"2015-07-17T12:25:05","modified_gmt":"2015-07-17T10:25:05","slug":"kaltluftpistole-air-mtc","status":"publish","type":"product","link":"https:\/\/air-masters.com\/de\/kaltluftpistole\/kaltluftpistole-air-mtc\/","title":{"rendered":"Kaltluftpistole AIR-MTC"},"content":{"rendered":"","protected":false},"excerpt":{"rendered":"<p>Aufgrund seines fortschrittlichen Designs k\u00f6nnen wir mit dem K\u00fchlsystem der <strong>Kaltluftpistole<\/strong> den Kaltluftstrahl auf einen bestimmten Bereich einrichten. Die Temperatur, die von den <strong>Kaltluftpistolen<\/strong> erzeugt werden kann, betr\u00e4gt minus 30 Grad Celsius (-30\u00b0C). Erh\u00f6ht die Effizienz und Sicherheit durch eine verbesserte Kontrolle \u00fcber die Temperatur.<\/p>\n<p>Die Montage der <strong>Kaltluftpistolen<\/strong> ist sehr einfach. Es k\u00fchlt die W\u00e4rme ab, verl\u00e4ngert die Lebensdauer des Werkzeugs und erh\u00f6ht die Produktivit\u00e4t bei Bearbeitungsvorg\u00e4ngen, bei denen kein K\u00fchlmittel verwendet werden kann.<\/p>\n<p>AIR-MTC-<strong>Kaltluftpistolen<\/strong> bestehen aus strapazierf\u00e4higem Edelstahl, und die Vortex-Rohre im Inneren bestehen ebenfalls aus Edelstahl mit Messinggeneratoren. Keine Plastikteile! Es kann in Umgebungen mit hohen Temperaturen verwendet werden.<\/p>\n<p>Der <strong>Werkzeugk\u00fchler<\/strong> ist in verschiedenen Kapazit\u00e4ten 15, 25, 30 und 40 erh\u00e4ltlich. Dar\u00fcber hinaus gibt es zwei Versionen, ein System mit einem Auslasspunkt und ein System mit zwei Auslasspunkten. Unsere Kaltluftpistolen verwenden einen integrierten Magnetfu\u00df.<\/p>\n<p>Alle Einheiten sind schallged\u00e4mpft.<\/p>\n<p>Wir empfehlen den Luftdruck von 5 bis 7 Bar.<\/p>\n<p><strong>Die folgenden Daten geh\u00f6ren zum Modell AIR-MTC25.<\/strong><\/p>\n<p><b>Kaltluftpistole <\/b><label>Artikel-Nr <\/label> AIR-MTC<\/p>\n<p>Siehe auch: <a href=\"https:\/\/www.air-masters.eu\/de\/49-wirbelroohre-vortex-tubes\">WIRBELROOHRE VORTEX TUBES<\/a>, <a href=\"https:\/\/www.air-masters.eu\/de\/57-schaltschrankkuhler\">SCHALTSCHRANKK\u00dcHLER<\/a><\/p>\n<p><a href=\"http:\/\/www.airmastersinternational.com\/it\/content\/6-come-richiedere-un-prodotto-in-prova\"><button class=\"btn btn-default btn-google-plus social-sharing\" type=\"button\">PRODUKT TESTEN!<\/button><\/a><\/p>\n<p style=\"display: none;\">Laden Sie das PDF Dokument f\u00fcr weitere Informationen:<\/p>\n<p><a href=\"http:\/\/www.air-masters.eu\/it\/index.php?controller=attachment&#038;id_attachment=27\"><button class=\"btn btn-warning btn-xs\" type=\"button\">Data Sheet<\/button><\/a> <a href=\"http:\/\/www.air-masters.eu\/it\/index.php?controller=attachment&#038;id_attachment=23\"><button class=\"btn btn-primary btn-xs\" type=\"button\">Outline Pdf<\/button><\/a> <button class=\"btn btn-danger btn-xs\" type=\"button\"><a href=\"http:\/\/www.air-masters.eu\/it\/index.php?controller=attachment&#038;id_attachment=24\">Outline Dwg<\/a><\/button><\/p>\n","protected":false},"featured_media":73357,"template":"","meta":{"_et_pb_use_builder":"","_et_pb_old_content":"","_et_gb_content_width":""},"product_cat":[22187],"product_tag":[],"class_list":{"0":"post-73469","1":"product","2":"type-product","3":"status-publish","4":"has-post-thumbnail","6":"product_cat-kaltluftpistole","8":"first","9":"instock","10":"shipping-taxable","11":"purchasable","12":"product-type-variable","13":"has-default-attributes"},"_links":{"self":[{"href":"https:\/\/air-masters.com\/de\/wp-json\/wp\/v2\/product\/73469"}],"collection":[{"href":"https:\/\/air-masters.com\/de\/wp-json\/wp\/v2\/product"}],"about":[{"href":"https:\/\/air-masters.com\/de\/wp-json\/wp\/v2\/types\/product"}],"wp:featuredmedia":[{"embeddable":true,"href":"https:\/\/air-masters.com\/de\/wp-json\/wp\/v2\/media\/73357"}],"wp:attachment":[{"href":"https:\/\/air-masters.com\/de\/wp-json\/wp\/v2\/media?parent=73469"}],"wp:term":[{"taxonomy":"product_cat","embeddable":true,"href":"https:\/\/air-masters.com\/de\/wp-json\/wp\/v2\/product_cat?post=73469"},{"taxonomy":"product_tag","embeddable":true,"href":"https:\/\/air-masters.com\/de\/wp-json\/wp\/v2\/product_tag?post=73469"}],"curies":[{"name":"wp","href":"https:\/\/api.w.org\/{rel}","templated":true}]}}