{"id":73609,"date":"2015-07-21T08:01:07","date_gmt":"2015-07-21T06:01:07","guid":{"rendered":"https:\/\/air-masters.com\/kaltluftpistole-de\/series-air-mtc-mini\/"},"modified":"2015-07-21T08:01:07","modified_gmt":"2015-07-21T06:01:07","slug":"series-air-mtc-mini","status":"publish","type":"product","link":"https:\/\/air-masters.com\/de\/kaltluftpistole\/series-air-mtc-mini\/","title":{"rendered":"Series AIR-MTC Mini"},"content":{"rendered":"","protected":false},"excerpt":{"rendered":"<p>Die Mini <b>Wirbelrohr Spot Cooler &#8211; Punktuelle K\u00fchler &#8211;\u00a0<b>Kaltluftpistole<\/b><\/b> ist eine kosteng\u00fcnstige und wartungsfreies System, das eine Wirbelrohr nutzt kalte Luft an einem Ende zu erzeugen.\u00a0<b>Kaltluftpistole<\/b>\u00a0es ist ruhig und kompakt.<\/p>\n<div id=\"short_description_block\">\n<div id=\"short_description_content\" class=\"rte align_justify\">\n<p>Entwickelt f\u00fcr kleine Teile, produziert die Mini <b>Wirbelrohr Spot Cooler &#8211; Punktuelle K\u00fchler &#8211;\u00a0<b>Kaltluftpistole<\/b><\/b>\u00a0einen Strom von 15 bis 20 Grad F (minus 9,5-7 Grad C) von kalter Luft zu W\u00e4rmestau zu verhindern, je in die Lufteintrittstemperatur. Es kann Toleranzen bei der Bearbeitung von kleinen kritischen Teile zu verbessern und die Produktionsraten zu erh\u00f6hen.<\/p>\n<p>Kalte Luft wird mit dem flexiblen Schlauch gerichtet. Ein magnetischer Basis ist Standard f\u00fcr Portabilit\u00e4t und einfache Montage des <b>Wirbelrohr Spot Cooler &#8211; Punktuelle K\u00fchler &#8211;\u00a0<b>Kaltluftpistole<\/b><\/b>.<\/p>\n<p><b><label><b><b>Wirbelrohr Spot Cooler &#8211; Punktuelle K\u00fchler &#8211;\u00a0<b>Kaltluftpistole<\/b><\/b>\u00a0<\/b><\/label><\/b><label>Artikel-Nr\u00a0<\/label> AIR-MTC Mini<span class=\"editable\"><\/span><\/p>\n<p>Sieche auch:\u00a0<a href=\"https:\/\/www.air-masters.eu\/de\/49-wirbelrohre-vortex-tubes\">WIRBELROHRE VORTEX TUBES<\/a>,\u00a0<a href=\"https:\/\/www.air-masters.eu\/de\/57-schaltschrankkuhler\">SCHALTSCHRANKK\u00dcHLER<\/a><\/p>\n<\/p>\n<p><button class=\"btn btn-default btn-google-plus social-sharing\" type=\"button\"><a href=\"\/de\/kontakt\">PRODUKT TESTEN!<\/a><\/button><\/p>\n<p style=\"display: none;\">Laden Sie das PDF Dokument f\u00fcr weitere Informationen:<\/p>\n<p><a href=\"http:\/\/www.air-masters.eu\/it\/index.php?controller=attachment&#038;id_attachment=27\"><button class=\"btn btn-warning btn-xs\" type=\"button\">Data Sheet<\/button><\/a>\u00a0<a href=\"http:\/\/www.air-masters.eu\/it\/index.php?controller=attachment&#038;id_attachment=23\"><button class=\"btn btn-primary btn-xs\" type=\"button\">Outline Pdf<\/button><\/a>\u00a0<button class=\"btn btn-danger btn-xs\" type=\"button\"><a href=\"http:\/\/www.air-masters.eu\/it\/index.php?controller=attachment&#038;id_attachment=24\">Outline Dwg<\/a><\/button><\/p>\n<\/p><\/div>\n<\/p><\/div>\n","protected":false},"featured_media":73572,"template":"","meta":{"_et_pb_use_builder":"","_et_pb_old_content":"","_et_gb_content_width":""},"product_cat":[22187],"product_tag":[],"class_list":{"0":"post-73609","1":"product","2":"type-product","3":"status-publish","4":"has-post-thumbnail","6":"product_cat-kaltluftpistole","8":"first","9":"instock","10":"shipping-taxable","11":"purchasable","12":"product-type-variable","13":"has-default-attributes"},"_links":{"self":[{"href":"https:\/\/air-masters.com\/de\/wp-json\/wp\/v2\/product\/73609"}],"collection":[{"href":"https:\/\/air-masters.com\/de\/wp-json\/wp\/v2\/product"}],"about":[{"href":"https:\/\/air-masters.com\/de\/wp-json\/wp\/v2\/types\/product"}],"wp:featuredmedia":[{"embeddable":true,"href":"https:\/\/air-masters.com\/de\/wp-json\/wp\/v2\/media\/73572"}],"wp:attachment":[{"href":"https:\/\/air-masters.com\/de\/wp-json\/wp\/v2\/media?parent=73609"}],"wp:term":[{"taxonomy":"product_cat","embeddable":true,"href":"https:\/\/air-masters.com\/de\/wp-json\/wp\/v2\/product_cat?post=73609"},{"taxonomy":"product_tag","embeddable":true,"href":"https:\/\/air-masters.com\/de\/wp-json\/wp\/v2\/product_tag?post=73609"}],"curies":[{"name":"wp","href":"https:\/\/api.w.org\/{rel}","templated":true}]}}