{"id":73749,"date":"2016-01-15T19:46:49","date_gmt":"2016-01-15T18:46:49","guid":{"rendered":"https:\/\/air-masters.com\/airmasters-hand-vac-de\/airmasters-hand-vac\/"},"modified":"2016-01-15T19:46:49","modified_gmt":"2016-01-15T18:46:49","slug":"airmasters-hand-vac","status":"publish","type":"product","link":"https:\/\/air-masters.com\/de\/airmasters-hand-vac\/airmasters-hand-vac\/","title":{"rendered":"AIRMASTERS HAND VAC"},"content":{"rendered":"","protected":false},"excerpt":{"rendered":"<p id=\"product_reference\"><b>Die pneumatische Saug- und Blaspistole<\/b> AIRMASTERS Hand Vac stellt eine kosteng\u00fcnstige L\u00f6sung f\u00fcr eine vielzahl von Problemen in der industriellen Reinigung dar. Sie vereint in einem Ger\u00e4t eine Saug- und Blaspistole sowie ein Transport- und Sammelwerkzeug. Die AIRMASTERS Hand Vac ist durch die Aluminium-Legierung besonders leicht und verbraucht weniger Luft als eine klassische Blaspistole. Die Ausgangsstr\u00f6mung ist ca. 12 Mal h\u00f6her als das Volumen an eingespeister Druckluft. Das effiziente Saugsystem erm\u00f6glicht das Sammeln und den Transport von leichten Materialien.<\/p>\n<p><strong>Die AIRMASTERS Hand Vac<\/strong> kann leicht von einer Saug- in eine Blaspistole umgewandelt werden. Im Abblasmodus kann dank des h\u00f6heren Durchmessers von 32 mm eine gr\u00f6\u00dfere Fl\u00e4che gereinigt werden als mit einer kleinen Abblaspistole. Dies erm\u00f6glicht eine schnellere Reinigung und Trocknung. Die Pistole kann au\u00dferdem eingesetzt werden, um leichte Materialien \u00fcber eine l\u00e4ngere Distanz zu transportieren. Dies erfolgt \u00fcber ein Saugrohr, welches separat erh\u00e4ltlich ist. Au\u00dferdem k\u00f6nnen im Saugmodus Scherben eingesaugt und in einem geeigneten Mehrweg-Filterbeutel gesammelt werden. Das Umschalten vom Blas- in den Saugmodus erfolgt im Handumdrehen. Die pneumatische Saug- und Blaspistole ben\u00f6tigt f\u00fcr eine Saugleistung von -7kPa nur 368 SLPM an Druckluft mit 5,5 bar und erzeugt eine Blaskraft von 255 Gramm. Die Pistole verf\u00fcgt \u00fcber einen \u00bc\u201d BSP Standard-Druckluftanschluss.<\/p>\n","protected":false},"featured_media":73712,"template":"","meta":{"_et_pb_use_builder":"","_et_pb_old_content":"","_et_gb_content_width":""},"product_cat":[22202],"product_tag":[],"class_list":{"0":"post-73749","1":"product","2":"type-product","3":"status-publish","4":"has-post-thumbnail","6":"product_cat-airmasters-hand-vac","8":"first","9":"instock","10":"shipping-taxable","11":"purchasable","12":"product-type-variable","13":"has-default-attributes"},"_links":{"self":[{"href":"https:\/\/air-masters.com\/de\/wp-json\/wp\/v2\/product\/73749"}],"collection":[{"href":"https:\/\/air-masters.com\/de\/wp-json\/wp\/v2\/product"}],"about":[{"href":"https:\/\/air-masters.com\/de\/wp-json\/wp\/v2\/types\/product"}],"wp:featuredmedia":[{"embeddable":true,"href":"https:\/\/air-masters.com\/de\/wp-json\/wp\/v2\/media\/73712"}],"wp:attachment":[{"href":"https:\/\/air-masters.com\/de\/wp-json\/wp\/v2\/media?parent=73749"}],"wp:term":[{"taxonomy":"product_cat","embeddable":true,"href":"https:\/\/air-masters.com\/de\/wp-json\/wp\/v2\/product_cat?post=73749"},{"taxonomy":"product_tag","embeddable":true,"href":"https:\/\/air-masters.com\/de\/wp-json\/wp\/v2\/product_tag?post=73749"}],"curies":[{"name":"wp","href":"https:\/\/api.w.org\/{rel}","templated":true}]}}