{"id":74185,"date":"2017-02-21T09:49:23","date_gmt":"2017-02-21T08:49:23","guid":{"rendered":"https:\/\/air-masters.com\/schaltschrankkuhler-de\/schaltschrankkuehler-air-cc125-316l-ip66\/"},"modified":"2017-02-21T09:49:23","modified_gmt":"2017-02-21T08:49:23","slug":"schaltschrankkuehler-air-cc125-316l-ip66","status":"publish","type":"product","link":"https:\/\/air-masters.com\/de\/schaltschrankkuhler\/schaltschrankkuehler-air-cc125-316l-ip66\/","title":{"rendered":"Schaltschrankk\u00fchler AIR-CC125-316L-IP66"},"content":{"rendered":"","protected":false},"excerpt":{"rendered":"<p id=\"product_reference\">Der\u00a0<b>Schaltschrankk\u00fchler<\/b>\u00a0 ist eine kosteng\u00fcnstige L\u00f6sung, um elektrische und elektronische Schaltschr\u00e4nke zu k\u00fchlen. Der\u00a0<b>Schaltschrankk\u00fchler<\/b>\u00a0enth\u00e4lt ein\u00a0<b>Vortex Wirbelrohr<\/b>, welches Druckluft in K\u00fchlluft verwandelt. Unsere\u00a0<b>Schaltschrankk\u00fchler<\/b>\u00a0sind vollst\u00e4ndig aus Edelstahl gefertigt, auch das\u00a0<b>Vortex Wirbelrohr<\/b>.\u00a0Unsere<b>\u00a0Schaltschrankk\u00fchler\u00a0<\/b>enthalten keine beweglichen Bauteile. Durch ihre kompakte Bauweise k\u00f6nnen unsere<b>\u00a0Schaltschrankk\u00fchler\u00a0<\/b>minutenschnell auf der Oberseite oder der seitlichen Geh\u00e4usepartie des Schaltschranks durch ein gebohrtes Loch oder ein elektrisches Ausbrechloch befestigt werden.<\/p>\n<p>Sie eignen sich vor allem f\u00fcr Schaltschr\u00e4nke mit Schutzarten IP54, IP14 und IP66 und sind mit verschiedenen K\u00fchlleistungen verf\u00fcgbar. Modelle aus 316L-Edelstahl sind ebenfalls m\u00f6glich. Wir empfehlen die Installation eines Filters, eines Magnetventils und eines Thermostats. Unser\u00a0<b>Schaltschrankk\u00fchler<\/b>\u00a0eignet sich perfekt f\u00fcr Umgebungstemperaturen von bis zu +67\u00b0C. Ein spezielles Modell f\u00fcr Extremtemperaturen bis +93\u00b0C und mehr ist ebenfalls verf\u00fcgbar.<\/p>\n<div id=\"short_description_block\">\n<div id=\"short_description_content\" class=\"rte align_justify\">\n<p><b><b>Schaltschrankk\u00fchler<\/b>\u00a0<\/b><label>Artikel-Nr AIR-CC125-316L-IP66<\/label><\/p>\n<p>Siehe auch:\u00a0<a href=\"https:\/\/www.air-masters.eu\/de\/49-wirbelrohre-vortex-tubes\">WIRBELROHRE VORTEX TUBES<\/a>,\u00a0<a href=\"https:\/\/www.air-masters.eu\/de\/73-kaltluftpistole\">KALTLUFTPISTOLE<\/a><\/p>\n<p><a href=\"http:\/\/www.airmastersinternational.com\/it\/content\/6-come-richiedere-un-prodotto-in-prova\"><button class=\"btn btn-default btn-google-plus social-sharing\" type=\"button\">PRODUKT TESTEN!<\/button><\/a><\/p>\n<p style=\"display: none;\">Laden Sie das PDF Dokument f\u00fcr weitere Informationen:<\/p>\n<p><a href=\"http:\/\/www.air-masters.eu\/it\/index.php?controller=attachment&#038;id_attachment=27\"><button class=\"btn btn-warning btn-xs\" type=\"button\">Data Sheet<\/button><\/a>\u00a0<a href=\"http:\/\/www.air-masters.eu\/it\/index.php?controller=attachment&#038;id_attachment=23\"><button class=\"btn btn-primary btn-xs\" type=\"button\">Outline Pdf<\/button><\/a>\u00a0<button class=\"btn btn-danger btn-xs\" type=\"button\"><a href=\"http:\/\/www.air-masters.eu\/it\/index.php?controller=attachment&#038;id_attachment=24\">Outline Dwg<\/a><\/button><\/p>\n<\/p><\/div>\n<\/p><\/div>\n<div id=\"rtcc-nm-installed\"><\/div>\n<div id=\"rtcc-nm-installed\"><\/div>\n<div id=\"rtcc-nm-installed\"><\/div>\n<div id=\"rtcc-nm-installed\"><\/div>\n","protected":false},"featured_media":74162,"template":"","meta":{"_et_pb_use_builder":"","_et_pb_old_content":"","_et_gb_content_width":""},"product_cat":[22157],"product_tag":[],"class_list":{"0":"post-74185","1":"product","2":"type-product","3":"status-publish","4":"has-post-thumbnail","6":"product_cat-schaltschrankkuhler","8":"first","9":"instock","10":"shipping-taxable","11":"purchasable","12":"product-type-variable","13":"has-default-attributes"},"_links":{"self":[{"href":"https:\/\/air-masters.com\/de\/wp-json\/wp\/v2\/product\/74185"}],"collection":[{"href":"https:\/\/air-masters.com\/de\/wp-json\/wp\/v2\/product"}],"about":[{"href":"https:\/\/air-masters.com\/de\/wp-json\/wp\/v2\/types\/product"}],"wp:featuredmedia":[{"embeddable":true,"href":"https:\/\/air-masters.com\/de\/wp-json\/wp\/v2\/media\/74162"}],"wp:attachment":[{"href":"https:\/\/air-masters.com\/de\/wp-json\/wp\/v2\/media?parent=74185"}],"wp:term":[{"taxonomy":"product_cat","embeddable":true,"href":"https:\/\/air-masters.com\/de\/wp-json\/wp\/v2\/product_cat?post=74185"},{"taxonomy":"product_tag","embeddable":true,"href":"https:\/\/air-masters.com\/de\/wp-json\/wp\/v2\/product_tag?post=74185"}],"curies":[{"name":"wp","href":"https:\/\/api.w.org\/{rel}","templated":true}]}}