{"id":74712,"date":"2018-02-07T12:52:05","date_gmt":"2018-02-07T11:52:05","guid":{"rendered":"https:\/\/air-masters.com\/airmasters-ring-vac-de\/standard-ring-vac-air-conv03\/"},"modified":"2024-07-05T11:45:19","modified_gmt":"2024-07-05T09:45:19","slug":"airmasters-vakuumfoerderer-air-conv03","status":"publish","type":"product","link":"https:\/\/air-masters.com\/de\/vakuumforderer\/airmasters-vakuumfoerderer-air-conv03\/","title":{"rendered":"AIRMASTERS Vakuumf\u00f6rderer AIR-CONV03"},"content":{"rendered":"","protected":false},"excerpt":{"rendered":"<p><b>Vakuumf\u00f6rderer<\/b> \u2013  <b>Pneumatische F\u00f6rdersysteme<\/b> sind in beschichtetem Aluminium, Edelstahl und Hochtemperaturedelstahl erh\u00e4ltlich. Hinweise: Alle unsere Hochtemperaturedelstahl&#8211;F\u00f6rderer sind f\u00fcr Temperaturen von bis zu 649 \u00b0C ausgelegt<\/p>\n<p>Spezielle Materialien k\u00f6nnen f\u00fcr unterschiedlichste Anwendungen verwendet werden. Wenn eine gr\u00f6\u00dfere F\u00f6rderkraft erforderlich ist, kann der F\u00f6rder-\u201cGenerator\u201d f\u00fcr h\u00f6here Kapazit\u00e4ten bearbeitet werden.<\/p>\n<p>Zu den g\u00e4ngigen Anwendungen geh\u00f6ren die F\u00fclltrichterbeladung (in der Kunststoffindustrie, Flaschenverschl\u00fcsse bei der Abf\u00fcllung), Materialf\u00f6rderung aller Art, Abfall- und Schnippelbeseitigung, Teiletransfer, Faserspannung, und bei F\u00fcllvorg\u00e4ngen.<\/p>\n<p><b>Standard  AIR-CONV03<\/b><\/p>\n<p>Download the PDF Doc for more information:<\/p>\n<p><a href=\"https:\/\/www.air-masters.eu\/upload\/ring_vac\/ring_vac.pdf\" target=\"_blank\" rel=\"noreferrer noopener\"><button class=\"btn btn-warning btn-xs\" type=\"button\">Data Sheet<\/button><\/a>\u00a0<a href=\"https:\/\/www.air-masters.eu\/upload\/ring_vac\/30000.dwg\" target=\"_blank\" rel=\"noreferrer noopener\"><button class=\"btn btn-warning btn-xs\" type=\"button\">Outline Dwg<\/button><\/a>\u00a0\u00a0<a href=\"https:\/\/www.air-masters.eu\/upload\/ring_vac\/30000.pdf\" target=\"_blank\" rel=\"noreferrer noopener\"><button class=\"btn btn-warning btn-xs\" type=\"button\">Outline Pdf<\/button><\/a>\u00a0\u00a0<button class=\"btn btn-warning btn-xs\" type=\"button\"><\/button><\/p>\n<div id=\"rtcc-nm-installed\"><\/div>\n<div><\/div>\n<div><\/div>\n","protected":false},"featured_media":74602,"template":"","meta":{"_et_pb_use_builder":"","_et_pb_old_content":"","_et_gb_content_width":""},"product_cat":[22182],"product_tag":[],"class_list":{"0":"post-74712","1":"product","2":"type-product","3":"status-publish","4":"has-post-thumbnail","6":"product_cat-vakuumforderer","8":"first","9":"instock","10":"shipping-taxable","11":"purchasable","12":"product-type-variable","13":"has-default-attributes"},"_links":{"self":[{"href":"https:\/\/air-masters.com\/de\/wp-json\/wp\/v2\/product\/74712"}],"collection":[{"href":"https:\/\/air-masters.com\/de\/wp-json\/wp\/v2\/product"}],"about":[{"href":"https:\/\/air-masters.com\/de\/wp-json\/wp\/v2\/types\/product"}],"wp:featuredmedia":[{"embeddable":true,"href":"https:\/\/air-masters.com\/de\/wp-json\/wp\/v2\/media\/74602"}],"wp:attachment":[{"href":"https:\/\/air-masters.com\/de\/wp-json\/wp\/v2\/media?parent=74712"}],"wp:term":[{"taxonomy":"product_cat","embeddable":true,"href":"https:\/\/air-masters.com\/de\/wp-json\/wp\/v2\/product_cat?post=74712"},{"taxonomy":"product_tag","embeddable":true,"href":"https:\/\/air-masters.com\/de\/wp-json\/wp\/v2\/product_tag?post=74712"}],"curies":[{"name":"wp","href":"https:\/\/api.w.org\/{rel}","templated":true}]}}