{"id":75600,"date":"2018-04-05T12:15:26","date_gmt":"2018-04-05T10:15:26","guid":{"rendered":"https:\/\/air-masters.com\/luftstromverstaerkervorhaenge-de\/luftstromverstaerkervorhaeng-as04\/"},"modified":"2018-04-05T12:15:26","modified_gmt":"2018-04-05T10:15:26","slug":"luftstromverstaerkervorhaeng-as04","status":"publish","type":"product","link":"https:\/\/air-masters.com\/de\/luftstromverstaerkervorhaenge\/luftstromverstaerkervorhaeng-as04\/","title":{"rendered":"Luftstromverst\u00e4rkervorhang AS04"},"content":{"rendered":"","protected":false},"excerpt":{"rendered":"<p>Die<b>\u00a0LUFTVORHANG\u00a0<\/b>mit<b>\u00a0LUFTSTROMVERST\u00c4RKER\u00a0<\/b>der Baureihe AS bestehen aus 2, 3 oder 4\u00a0<b>LUFTSTROMVERST\u00c4RKER<\/b>, die mit nur 60 Nm\u00b3 \/ h bis zu 948 Nm\u00b3 \/ h erzeugen k\u00f6nnen. Sie erzeugen einen Luftstrom, der den &#8222;Coanda&#8220; -Effekt ausnutzt, der mit einer geringen Menge an Druckluft eine gro\u00dfe Menge von R\u00fcck- und Umgebungsluft &#8222;bindet&#8220;, die in vielen Anwendungen die gro\u00dfen Blasd\u00fcsen ersetzen kann und reduziert so den Luftverbrauch.<\/p>\n<p>Die<b>\u00a0LUFTVORHANG\u00a0<\/b>mit<b><b>\u00a0LUFTSTROMVERST\u00c4RKER<\/b>\u00a0<\/b>sie k\u00f6nnen auch zum Bef\u00f6rdern von Rauch, leichten Materialien, Bewegen gro\u00dfer Luftmengen, Blasen oder Trocknen verwendet werden.<\/p>\n<p><b>LUFTVORHANG\u00a0<\/b>mit<b><b>\u00a0LUFTSTROMVERST\u00c4RKER\u00a0<\/b>\u00a0<\/b>Artikel AS04<\/p>\n<p>Siehe auch:\u00a0<a href=\"https:\/\/www.air-masters.eu\/de\/49-wirbelrohre-vortex-tubes\">WIRBELROHRE VORTEX TUBES<\/a>,\u00a0<a href=\"https:\/\/www.air-masters.eu\/de\/30-luftstromverstarker\">LUFTSTROMVERST\u00c4RKER<\/a><\/p>\n<\/p>\n<p><button class=\"btn btn-default btn-google-plus social-sharing\" type=\"button\"><a href=\"\/de\/kontakt\">PRODUKT TESTEN!<\/a><\/button><\/p>\n<p style=\"display: none;\">Laden Sie das PDF Dokument f\u00fcr weitere Informationen:<\/p>\n<p><a href=\"http:\/\/www.air-masters.eu\/it\/index.php?controller=attachment&#038;id_attachment=27\"><button class=\"btn btn-warning btn-xs\" type=\"button\">Data Sheet<\/button><\/a>\u00a0<a href=\"http:\/\/www.air-masters.eu\/it\/index.php?controller=attachment&#038;id_attachment=23\"><button class=\"btn btn-primary btn-xs\" type=\"button\">Outline Pdf<\/button><\/a>\u00a0<button class=\"btn btn-danger btn-xs\" type=\"button\"><a href=\"http:\/\/www.air-masters.eu\/it\/index.php?controller=attachment&#038;id_attachment=24\">Outline Dwg<\/a><\/button><\/p><\/p>\n","protected":false},"featured_media":75592,"template":"","meta":{"_et_pb_use_builder":"","_et_pb_old_content":"","_et_gb_content_width":""},"product_cat":[22177],"product_tag":[],"class_list":{"0":"post-75600","1":"product","2":"type-product","3":"status-publish","4":"has-post-thumbnail","6":"product_cat-luftstromverstaerkervorhaenge","8":"first","9":"instock","10":"shipping-taxable","11":"purchasable","12":"product-type-variable","13":"has-default-attributes"},"_links":{"self":[{"href":"https:\/\/air-masters.com\/de\/wp-json\/wp\/v2\/product\/75600"}],"collection":[{"href":"https:\/\/air-masters.com\/de\/wp-json\/wp\/v2\/product"}],"about":[{"href":"https:\/\/air-masters.com\/de\/wp-json\/wp\/v2\/types\/product"}],"wp:featuredmedia":[{"embeddable":true,"href":"https:\/\/air-masters.com\/de\/wp-json\/wp\/v2\/media\/75592"}],"wp:attachment":[{"href":"https:\/\/air-masters.com\/de\/wp-json\/wp\/v2\/media?parent=75600"}],"wp:term":[{"taxonomy":"product_cat","embeddable":true,"href":"https:\/\/air-masters.com\/de\/wp-json\/wp\/v2\/product_cat?post=75600"},{"taxonomy":"product_tag","embeddable":true,"href":"https:\/\/air-masters.com\/de\/wp-json\/wp\/v2\/product_tag?post=75600"}],"curies":[{"name":"wp","href":"https:\/\/api.w.org\/{rel}","templated":true}]}}