{"id":75643,"date":"2018-08-08T10:00:40","date_gmt":"2018-08-08T08:00:40","guid":{"rendered":"https:\/\/air-masters.com\/luftvorhange-extra-de\/blade-d-luft-extra-sl06\/"},"modified":"2018-08-08T10:00:40","modified_gmt":"2018-08-08T08:00:40","slug":"blade-d-luft-extra-sl06","status":"publish","type":"product","link":"https:\/\/air-masters.com\/de\/luftvorhange-extra\/blade-d-luft-extra-sl06\/","title":{"rendered":"Luftvorh\u00e4nge Extra SL06"},"content":{"rendered":"","protected":false},"excerpt":{"rendered":"<p><span id=\"result_box\" tabindex=\"-1\" lang=\"de\">Unsere <b>Extra SL06 Luftklingen<\/b> mit 6 D\u00fcsen hergestellt werden, in der Version mit Aluminiumhalterung und D\u00fcsen in 316L Edelstahl oder in der Version mit Halterung und D\u00fcsen komplett aus 316L Stahl.<\/span><\/p>\n<p><span id=\"result_box\" tabindex=\"-1\" lang=\"de\"><b>Extra SL06 Luftklingen<\/b>\u00a0ersetzen die perforierten Rohre, die den Schallpegel und den Luftverbrauch drastisch reduzieren, und bestehen aus Stahld\u00fcsen, die sehr widerstandsf\u00e4hig gegen Sto\u00df und mechanischen Verschlei\u00df sind. Sie entsprechen den OSHA-Vorschriften. Direkter und pr\u00e4ziser Luftstrom. Sie k\u00f6nnen diese Luftschaufeln mit benutzerdefinierten Gr\u00f6\u00dfen und ohne zus\u00e4tzliche Kosten anfordern.<\/span><\/p>\n<p><span tabindex=\"-1\" lang=\"de\"><b>Extra SL06 Luftklingen<\/b><\/span><\/p>\n<p><a href=\"\/it\/contattaci\"><button class=\"btn btn-default btn-google-plus social-sharing\" type=\"button\">Anfrage f\u00fcr einen Versuch!<\/button><\/a><\/p>\n<p style=\"display: none;\">Scaricate il PDF\u00a0Doc per maggiori informazioni:<\/p>\n<p style=\"display: none;\"><a href=\"http:\/\/www.air-masters.eu\/it\/index.php?controller=attachment&#038;id_attachment=88\"><button class=\"btn btn-warning btn-xs\" type=\"button\">Scheda Tecnica<\/button><\/a>\u00a0<a href=\"http:\/\/www.air-masters.eu\/it\/index.php?controller=attachment&#038;id_attachment=91\"><button class=\"btn btn-primary btn-xs\" type=\"button\">Outline Pdf<\/button><\/a><\/p>\n<div id=\"rtcc-nm-installed\"><\/div>\n","protected":false},"featured_media":75607,"template":"","meta":{"_et_pb_use_builder":"","_et_pb_old_content":"","_et_gb_content_width":""},"product_cat":[22167],"product_tag":[],"class_list":{"0":"post-75643","1":"product","2":"type-product","3":"status-publish","4":"has-post-thumbnail","6":"product_cat-luftvorhange-extra","8":"first","9":"instock","10":"shipping-taxable","11":"purchasable","12":"product-type-variable","13":"has-default-attributes"},"_links":{"self":[{"href":"https:\/\/air-masters.com\/de\/wp-json\/wp\/v2\/product\/75643"}],"collection":[{"href":"https:\/\/air-masters.com\/de\/wp-json\/wp\/v2\/product"}],"about":[{"href":"https:\/\/air-masters.com\/de\/wp-json\/wp\/v2\/types\/product"}],"wp:featuredmedia":[{"embeddable":true,"href":"https:\/\/air-masters.com\/de\/wp-json\/wp\/v2\/media\/75607"}],"wp:attachment":[{"href":"https:\/\/air-masters.com\/de\/wp-json\/wp\/v2\/media?parent=75643"}],"wp:term":[{"taxonomy":"product_cat","embeddable":true,"href":"https:\/\/air-masters.com\/de\/wp-json\/wp\/v2\/product_cat?post=75643"},{"taxonomy":"product_tag","embeddable":true,"href":"https:\/\/air-masters.com\/de\/wp-json\/wp\/v2\/product_tag?post=75643"}],"curies":[{"name":"wp","href":"https:\/\/api.w.org\/{rel}","templated":true}]}}