{"id":75688,"date":"2018-08-08T10:47:52","date_gmt":"2018-08-08T08:47:52","guid":{"rendered":"https:\/\/air-masters.com\/luftvorhange-extra-de\/blade-d-luft-extra-sl04\/"},"modified":"2024-04-10T10:05:11","modified_gmt":"2024-04-10T08:05:11","slug":"blade-d-luft-extra-sl04","status":"publish","type":"product","link":"https:\/\/air-masters.com\/de\/luftvorhange-extra\/blade-d-luft-extra-sl04\/","title":{"rendered":"Luftvorh\u00e4nge Extra SL04"},"content":{"rendered":"","protected":false},"excerpt":{"rendered":"<p><span id=\"result_box\" lang=\"de\">Unsere\u00a0<b>Extra SL04 Luftklingen<\/b>\u00a0mit 4 D\u00fcsen hergestellt werden, in der Version mit Aluminiumhalterung und D\u00fcsen in 316L Edelstahl oder in der Version mit Halterung und D\u00fcsen komplett aus 316L Stahl.<\/span><\/p>\n<p><span id=\"result_box\" lang=\"de\"><b>Extra SL04 Luftklingen<\/b>\u00a0ersetzen die perforierten Rohre, die den Schallpegel und den Luftverbrauch drastisch reduzieren, und bestehen aus Stahld\u00fcsen, die sehr widerstandsf\u00e4hig gegen Sto\u00df und mechanischen Verschlei\u00df sind. Sie entsprechen den OSHA-Vorschriften. Direkter und pr\u00e4ziser Luftstrom. Sie k\u00f6nnen diese Luftschaufeln mit benutzerdefinierten Gr\u00f6\u00dfen und ohne zus\u00e4tzliche Kosten anfordern.<\/span><\/p>\n<p><span lang=\"de\"><b>Extra SL04 Luftklingen<\/b><\/span><\/p>\n<p><a href=\"http:\/\/www.airmastersinternational.com\/it\/content\/6-come-richiedere-un-prodotto-in-prova\"><button class=\"btn btn-default btn-google-plus social-sharing\" type=\"button\">PRODUKT TESTEN!<\/button><\/a><\/p>\n<p>Laden Sie das PDF Dokument f\u00fcr weitere Informationen:<\/p>\n<p><a href=\"http:\/\/www.air-masters.eu\/it\/index.php?controller=attachment&amp;id_attachment=27\"><button class=\"btn btn-warning btn-xs\" type=\"button\">Data Sheet<\/button><\/a>\u00a0<a href=\"http:\/\/www.air-masters.eu\/it\/index.php?controller=attachment&amp;id_attachment=23\"><button class=\"btn btn-primary btn-xs\" type=\"button\">Outline Pdf<\/button><\/a>\u00a0<button class=\"btn btn-danger btn-xs\" type=\"button\"><a href=\"http:\/\/www.air-masters.eu\/it\/index.php?controller=attachment&amp;id_attachment=24\">Outline Dwg<\/a><\/button><\/p>\n<p>Scaricate il PDF\u00a0Doc per maggiori informazioni:<\/p>\n<p><a href=\"http:\/\/www.air-masters.eu\/it\/index.php?controller=attachment&amp;id_attachment=88\"><button class=\"btn btn-warning btn-xs\" type=\"button\">Scheda Tecnica<\/button><\/a>\u00a0<a href=\"http:\/\/www.air-masters.eu\/it\/index.php?controller=attachment&amp;id_attachment=91\"><button class=\"btn btn-primary btn-xs\" type=\"button\">Outline Pdf<\/button><\/a><\/p>\n","protected":false},"featured_media":75652,"template":"","meta":{"_et_pb_use_builder":"","_et_pb_old_content":"","_et_gb_content_width":""},"product_cat":[22167],"product_tag":[],"class_list":{"0":"post-75688","1":"product","2":"type-product","3":"status-publish","4":"has-post-thumbnail","6":"product_cat-luftvorhange-extra","8":"first","9":"instock","10":"shipping-taxable","11":"purchasable","12":"product-type-variable","13":"has-default-attributes"},"_links":{"self":[{"href":"https:\/\/air-masters.com\/de\/wp-json\/wp\/v2\/product\/75688"}],"collection":[{"href":"https:\/\/air-masters.com\/de\/wp-json\/wp\/v2\/product"}],"about":[{"href":"https:\/\/air-masters.com\/de\/wp-json\/wp\/v2\/types\/product"}],"wp:featuredmedia":[{"embeddable":true,"href":"https:\/\/air-masters.com\/de\/wp-json\/wp\/v2\/media\/75652"}],"wp:attachment":[{"href":"https:\/\/air-masters.com\/de\/wp-json\/wp\/v2\/media?parent=75688"}],"wp:term":[{"taxonomy":"product_cat","embeddable":true,"href":"https:\/\/air-masters.com\/de\/wp-json\/wp\/v2\/product_cat?post=75688"},{"taxonomy":"product_tag","embeddable":true,"href":"https:\/\/air-masters.com\/de\/wp-json\/wp\/v2\/product_tag?post=75688"}],"curies":[{"name":"wp","href":"https:\/\/api.w.org\/{rel}","templated":true}]}}