{"id":76103,"date":"2019-01-11T13:56:57","date_gmt":"2019-01-11T12:56:57","guid":{"rendered":"https:\/\/air-masters.com\/airmasters-ring-vac-de\/standard-ring-vac-air-conv012\/"},"modified":"2024-07-05T11:43:32","modified_gmt":"2024-07-05T09:43:32","slug":"airmasters-vakuumfoerderer-air-conv012","status":"publish","type":"product","link":"https:\/\/air-masters.com\/de\/vakuumforderer\/airmasters-vakuumfoerderer-air-conv012\/","title":{"rendered":"AIRMASTERS Vakuumf\u00f6rderer AIR-CONV012"},"content":{"rendered":"","protected":false},"excerpt":{"rendered":"<p><b>Vakuumf\u00f6rderer<\/b> \u2013  <b>Pneumatische F\u00f6rdersysteme<\/b> sind in beschichtetem Aluminium, Edelstahl und Hochtemperaturedelstahl erh\u00e4ltlich. Hinweise: Alle unsere Hochtemperaturedelstahl&#8211;F\u00f6rderer sind f\u00fcr Temperaturen von bis zu 649 \u00b0C ausgelegt<\/p>\n<p>Spezielle Materialien k\u00f6nnen f\u00fcr unterschiedlichste Anwendungen verwendet werden. Wenn eine gr\u00f6\u00dfere F\u00f6rderkraft erforderlich ist, kann der F\u00f6rder-\u201cGenerator\u201d f\u00fcr h\u00f6here Kapazit\u00e4ten bearbeitet werden.<\/p>\n<p><span style=\"vertical-align: inherit;\"><span style=\"vertical-align: inherit;\">Zu den g\u00e4ngigen Anwendungen geh\u00f6ren die F\u00fclltrichterbeladung (in der Kunststoffindustrie, Flaschenverschl\u00fcsse bei der Abf\u00fcllung), Materialf\u00f6rderung aller Art, Abfall- und Schnippelbeseitigung, Teiletransfer, Faserspannung, und bei F\u00fcngenvorg.<\/span><\/span><\/p>\n<p><b><span style=\"vertical-align: inherit;\"><span style=\"vertical-align: inherit;\">Standard  AIR-CONV012<\/span><\/span><\/b><\/p>\n<p style=\"display: none;\"><span style=\"vertical-align: inherit;\"><span style=\"vertical-align: inherit;\">Download the PDF Doc for more information:<\/span><\/span><\/p>\n<p><a href=\"https:\/\/www.air-masters.eu\/upload\/ring_vac\/ring_vac.pdf\" target=\"_blank\" rel=\"noopener\"><button class=\"btn btn-warning btn-xs\" type=\"button\"><span style=\"vertical-align: inherit;\"><span style=\"vertical-align: inherit;\">Data Sheet<\/span><\/span><\/button><\/a>\u00a0<a href=\"https:\/\/www.air-masters.eu\/upload\/ring_vac\/30000.dwg\" target=\"_blank\" rel=\"noopener\"><button class=\"btn btn-warning btn-xs\" type=\"button\"><span style=\"vertical-align: inherit;\"><span style=\"vertical-align: inherit;\">Outline Dwg<\/span><\/span><\/button><\/a>\u00a0\u00a0<a href=\"https:\/\/www.air-masters.eu\/upload\/ring_vac\/30000.pdf\" target=\"_blank\" rel=\"noopener\"><button class=\"btn btn-warning btn-xs\" type=\"button\"><span style=\"vertical-align: inherit;\"><span style=\"vertical-align: inherit;\">Outline Pdf<\/span><\/span><\/button><\/a>\u00a0\u00a0<button class=\"btn btn-warning btn-xs\" type=\"button\"><a href=\"https:\/\/www.air-masters.eu\/upload\/ring_vac\/30000_3D.pdf\" target=\"_blank\" rel=\"noopener\"><span style=\"vertical-align: inherit;\"><span style=\"vertical-align: inherit;\">Outline Pdf 3D<\/span><\/span><\/a><\/button><\/p>\n<div id=\"rtcc-nm-installed\"><\/div>\n<div id=\"rtcc-nm-installed\"><\/div>\n<div id=\"rtcc-nm-installed\"><\/div>\n<div id=\"rtcc-nm-installed\"><\/div>\n<div id=\"rtcc-nm-installed\"><\/div>\n<div id=\"rtcc-nm-installed\"><\/div>\n","protected":false},"featured_media":76067,"template":"","meta":{"_et_pb_use_builder":"","_et_pb_old_content":"","_et_gb_content_width":""},"product_cat":[22182],"product_tag":[],"class_list":{"0":"post-76103","1":"product","2":"type-product","3":"status-publish","4":"has-post-thumbnail","6":"product_cat-vakuumforderer","8":"first","9":"instock","10":"shipping-taxable","11":"purchasable","12":"product-type-variable","13":"has-default-attributes"},"_links":{"self":[{"href":"https:\/\/air-masters.com\/de\/wp-json\/wp\/v2\/product\/76103"}],"collection":[{"href":"https:\/\/air-masters.com\/de\/wp-json\/wp\/v2\/product"}],"about":[{"href":"https:\/\/air-masters.com\/de\/wp-json\/wp\/v2\/types\/product"}],"wp:featuredmedia":[{"embeddable":true,"href":"https:\/\/air-masters.com\/de\/wp-json\/wp\/v2\/media\/76067"}],"wp:attachment":[{"href":"https:\/\/air-masters.com\/de\/wp-json\/wp\/v2\/media?parent=76103"}],"wp:term":[{"taxonomy":"product_cat","embeddable":true,"href":"https:\/\/air-masters.com\/de\/wp-json\/wp\/v2\/product_cat?post=76103"},{"taxonomy":"product_tag","embeddable":true,"href":"https:\/\/air-masters.com\/de\/wp-json\/wp\/v2\/product_tag?post=76103"}],"curies":[{"name":"wp","href":"https:\/\/api.w.org\/{rel}","templated":true}]}}