{"id":76167,"date":"2019-01-11T15:04:56","date_gmt":"2019-01-11T14:04:56","guid":{"rendered":"https:\/\/air-masters.com\/druckluftzubehor-de\/giunto-a-sfera-regolabile-90052\/"},"modified":"2019-01-11T15:04:56","modified_gmt":"2019-01-11T14:04:56","slug":"giunto-a-sfera-regolabile-90052","status":"publish","type":"product","link":"https:\/\/air-masters.com\/de\/druckluftzubehor\/giunto-a-sfera-regolabile-90052\/","title":{"rendered":"Justierbares Kugelgelenk 1\/8&#8243; 90052"},"content":{"rendered":"","protected":false},"excerpt":{"rendered":"<p id=\"tw-target-text\" class=\"tw-data-text tw-ta tw-text-small\" dir=\"ltr\" data-placeholder=\"Traduzione\"><span lang=\"de\" tabindex=\"0\">Verstellbares Kugelgelenk aus Edelstahl zum Einstellen des Luftkegels f\u00fcr D\u00fcsen, Luftd\u00fcsen, kleine Luftklingen und Verst\u00e4rker. <\/span><\/p>\n<p class=\"tw-data-text tw-ta tw-text-small\" dir=\"ltr\" data-placeholder=\"Traduzione\"><span lang=\"de\" tabindex=\"0\">Erh\u00e4ltlich in 4 Gr\u00f6\u00dfen von 1\/8 &#8222;, 1\/4&#8220;, 3\/8 &#8222;und 1\/2&#8220;. <\/span><\/p>\n<p class=\"tw-data-text tw-ta tw-text-small\" dir=\"ltr\" data-placeholder=\"Traduzione\"><b><span lang=\"de\" tabindex=\"0\">Justierbares Kugelgelenk 1\/8&#8243; 90052<br \/><\/span><\/b><\/p>\n","protected":false},"featured_media":76157,"template":"","meta":{"_et_pb_use_builder":"","_et_pb_old_content":"","_et_gb_content_width":""},"product_cat":[22217],"product_tag":[],"class_list":{"0":"post-76167","1":"product","2":"type-product","3":"status-publish","4":"has-post-thumbnail","6":"product_cat-druckluftzubehor","8":"first","9":"instock","10":"shipping-taxable","11":"purchasable","12":"product-type-simple"},"_links":{"self":[{"href":"https:\/\/air-masters.com\/de\/wp-json\/wp\/v2\/product\/76167"}],"collection":[{"href":"https:\/\/air-masters.com\/de\/wp-json\/wp\/v2\/product"}],"about":[{"href":"https:\/\/air-masters.com\/de\/wp-json\/wp\/v2\/types\/product"}],"wp:featuredmedia":[{"embeddable":true,"href":"https:\/\/air-masters.com\/de\/wp-json\/wp\/v2\/media\/76157"}],"wp:attachment":[{"href":"https:\/\/air-masters.com\/de\/wp-json\/wp\/v2\/media?parent=76167"}],"wp:term":[{"taxonomy":"product_cat","embeddable":true,"href":"https:\/\/air-masters.com\/de\/wp-json\/wp\/v2\/product_cat?post=76167"},{"taxonomy":"product_tag","embeddable":true,"href":"https:\/\/air-masters.com\/de\/wp-json\/wp\/v2\/product_tag?post=76167"}],"curies":[{"name":"wp","href":"https:\/\/api.w.org\/{rel}","templated":true}]}}