{"id":76392,"date":"2019-04-03T16:53:00","date_gmt":"2019-04-03T14:53:00","guid":{"rendered":"https:\/\/air-masters.com\/blasdusen-de\/pistola-di-soffiaggio-aghm-0\/"},"modified":"2019-04-03T16:53:00","modified_gmt":"2019-04-03T14:53:00","slug":"pistola-di-soffiaggio-aghm-0","status":"publish","type":"product","link":"https:\/\/air-masters.com\/de\/blasdusen\/pistola-di-soffiaggio-aghm-0\/","title":{"rendered":"Blaspistole AGHM-0"},"content":{"rendered":"","protected":false},"excerpt":{"rendered":"<div style=\"font-family: Helvetica; font-size: 12px;\">AirMasters bietet Ihnen eine einfache L\u00f6sung, um Ihre lauten Luftblaspistolen in ein sicheres und leises Produkt zu verwandeln.<\/div>\n<div style=\"font-family: Helvetica; font-size: 12px;\"><\/div>\n<div style=\"font-family: Helvetica; font-size: 12px;\">Es reicht aus, Ihre Blaspistole mit einem M6-Anschluss zu f\u00e4deln und dank unseres Adapters k\u00f6nnen Sie unsere Blasd\u00fcse mit niedrigem Schallpegel montieren.<\/div>\n<div style=\"font-family: Helvetica; font-size: 12px;\"><\/div>\n<div style=\"font-family: Helvetica; font-size: 12px;\">Mit dieser L\u00f6sung k\u00f6nnen Sie die Gewohnheiten Ihrer Bediener unver\u00e4ndert lassen, indem Sie Ihre urspr\u00fcnglichen Blaspistolen beibehalten und gleichzeitig eine v\u00f6llig neue L\u00f6sung anbieten.<\/div>\n<div style=\"font-family: Helvetica; font-size: 12px;\"><\/div>\n<div style=\"font-family: Helvetica; font-size: 12px;\"><\/div>\n<div style=\"font-family: Helvetica; font-size: 12px;\"><strong>Blaspistolen<\/strong> Mod. AGHM-0<\/div>\n<p>Siehe auch:\u00a0<a href=\"https:\/\/www.air-masters.eu\/de\/74-luftvorhange-AIRMASTERS\">LUFTVORHANGE-AIRMASTERS<\/a>,\u00a0<a href=\"https:\/\/www.air-masters.eu\/de\/30-luftstromverstarker\">LUFTSTROMVERST\u00c4RKER<\/a><\/p>\n<\/p>\n<p><a href=\"\/de\/kontakt\" style=\"font-family: system-ui; text-align: center; text-transform: uppercase; background-color: #c0c0c0;\">PRODUKT TESTEN!<\/a><\/p>\n","protected":false},"featured_media":76367,"template":"","meta":{"_et_pb_use_builder":"","_et_pb_old_content":"","_et_gb_content_width":""},"product_cat":[22142],"product_tag":[],"class_list":{"0":"post-76392","1":"product","2":"type-product","3":"status-publish","4":"has-post-thumbnail","6":"product_cat-blasdusen","8":"first","9":"instock","10":"shipping-taxable","11":"purchasable","12":"product-type-simple"},"_links":{"self":[{"href":"https:\/\/air-masters.com\/de\/wp-json\/wp\/v2\/product\/76392"}],"collection":[{"href":"https:\/\/air-masters.com\/de\/wp-json\/wp\/v2\/product"}],"about":[{"href":"https:\/\/air-masters.com\/de\/wp-json\/wp\/v2\/types\/product"}],"wp:featuredmedia":[{"embeddable":true,"href":"https:\/\/air-masters.com\/de\/wp-json\/wp\/v2\/media\/76367"}],"wp:attachment":[{"href":"https:\/\/air-masters.com\/de\/wp-json\/wp\/v2\/media?parent=76392"}],"wp:term":[{"taxonomy":"product_cat","embeddable":true,"href":"https:\/\/air-masters.com\/de\/wp-json\/wp\/v2\/product_cat?post=76392"},{"taxonomy":"product_tag","embeddable":true,"href":"https:\/\/air-masters.com\/de\/wp-json\/wp\/v2\/product_tag?post=76392"}],"curies":[{"name":"wp","href":"https:\/\/api.w.org\/{rel}","templated":true}]}}