{"id":76495,"date":"2019-05-14T10:44:08","date_gmt":"2019-05-14T08:44:08","guid":{"rendered":"https:\/\/air-masters.com\/luftvorhange-extra-de\/air-knife-extra-ts03\/"},"modified":"2019-05-14T10:44:08","modified_gmt":"2019-05-14T08:44:08","slug":"air-knife-extra-ts03","status":"publish","type":"product","link":"https:\/\/air-masters.com\/de\/luftvorhange-extra\/air-knife-extra-ts03\/","title":{"rendered":"Luftvorh\u00e4nge Extra TS03"},"content":{"rendered":"","protected":false},"excerpt":{"rendered":"<p><strong>Das Luftmesser Extra TS<\/strong> ist mit 2,3 4 und 6 D\u00fcsen in einer rostfreier stahl. Hergestellt in Italien. Zus\u00e4tzliche ZP-Druckluftschaufeln ersetzen perforierte Rohre und reduzieren den Ger\u00e4uschpegel und den Luftverbrauch erheblich, wodurch eine hohe Best\u00e4ndigkeit gegen mechanischen Verschlei\u00df gew\u00e4hrleistet wird.<\/p>\n<p>Sie k\u00f6nnen auf Anfrage ohne zus\u00e4tzliche Kosten nach Ma\u00df bestellen.<\/p>\n<p>Extra ZP Luftmesser <strong>mod. TS03<\/strong><\/p>\n<\/p>\n<div id=\"rtcc-nm-installed\">\n<p><a href=\"http:\/\/www.airmastersinternational.com\/it\/content\/6-come-richiedere-un-prodotto-in-prova\"><button class=\"btn btn-default btn-google-plus social-sharing\" type=\"button\">PRODUKT TESTEN!<\/button><\/a><\/p>\n<\/p><\/div>\n","protected":false},"featured_media":76482,"template":"","meta":{"_et_pb_use_builder":"","_et_pb_old_content":"","_et_gb_content_width":""},"product_cat":[22167],"product_tag":[],"class_list":{"0":"post-76495","1":"product","2":"type-product","3":"status-publish","4":"has-post-thumbnail","6":"product_cat-luftvorhange-extra","8":"first","9":"instock","10":"shipping-taxable","11":"purchasable","12":"product-type-variable","13":"has-default-attributes"},"_links":{"self":[{"href":"https:\/\/air-masters.com\/de\/wp-json\/wp\/v2\/product\/76495"}],"collection":[{"href":"https:\/\/air-masters.com\/de\/wp-json\/wp\/v2\/product"}],"about":[{"href":"https:\/\/air-masters.com\/de\/wp-json\/wp\/v2\/types\/product"}],"wp:featuredmedia":[{"embeddable":true,"href":"https:\/\/air-masters.com\/de\/wp-json\/wp\/v2\/media\/76482"}],"wp:attachment":[{"href":"https:\/\/air-masters.com\/de\/wp-json\/wp\/v2\/media?parent=76495"}],"wp:term":[{"taxonomy":"product_cat","embeddable":true,"href":"https:\/\/air-masters.com\/de\/wp-json\/wp\/v2\/product_cat?post=76495"},{"taxonomy":"product_tag","embeddable":true,"href":"https:\/\/air-masters.com\/de\/wp-json\/wp\/v2\/product_tag?post=76495"}],"curies":[{"name":"wp","href":"https:\/\/api.w.org\/{rel}","templated":true}]}}