{"id":76617,"date":"2019-05-14T14:59:37","date_gmt":"2019-05-14T12:59:37","guid":{"rendered":"https:\/\/air-masters.com\/luftvorhange-extra-de\/lama-d-aria-extra-mod-lr03-316l\/"},"modified":"2019-05-14T14:59:37","modified_gmt":"2019-05-14T12:59:37","slug":"lama-d-aria-extra-mod-lr03-316l","status":"publish","type":"product","link":"https:\/\/air-masters.com\/de\/luftvorhange-extra\/lama-d-aria-extra-mod-lr03-316l\/","title":{"rendered":"Luftvorh\u00e4nge Extra LR03-316L"},"content":{"rendered":"","protected":false},"excerpt":{"rendered":"<p><strong>Die Luftvorh\u00e4nge Extra LR<\/strong> sind mit 2,3 4 und 6 D\u00fcsen in einer Aluminium oder Edelstahl 304 und 316L Version erh\u00e4ltlich. Hergestellt in Italien. Zus\u00e4tzliche ZP-Druckluftschaufeln ersetzen perforierte Rohre und reduzieren den Ger\u00e4uschpegel und den Luftverbrauch erheblich, wodurch eine hohe Best\u00e4ndigkeit gegen mechanischen Verschlei\u00df gew\u00e4hrleistet wird.<\/p>\n<p>Die standardd\u00fcse f\u00fcr diese Luftvorh\u00e4nge sind die AIR-M104S-316L.<\/p>\n<p>Sie k\u00f6nnen auf Anfrage ohne zus\u00e4tzliche Kosten nach Ma\u00df bestellen.<\/p>\n<p><label><b>Luftvorh\u00e4nge <b>Extra<\/b>\u00a0LR\u00a0<\/b>Artikel-Nr\u00a0<\/label>\u00a0LR03-316L<\/p>\n<\/p>\n<p>Technische Daten herunterladen<\/p>\n<p><a href=\"http:\/\/www.airmastersinternational.com\/it\/content\/6-come-richiedere-un-prodotto-in-prova\"><button class=\"btn btn-default btn-google-plus social-sharing\" type=\"button\">PRODUKT TESTEN!<\/button><\/a><\/p>\n<p style=\"display: none;\">Laden Sie das PDF Dokument f\u00fcr weitere Informationen:<\/p>\n<p><a href=\"http:\/\/www.air-masters.eu\/it\/index.php?controller=attachment&#038;id_attachment=27\"><button class=\"btn btn-warning btn-xs\" type=\"button\">Data Sheet<\/button><\/a>\u00a0<a href=\"http:\/\/www.air-masters.eu\/it\/index.php?controller=attachment&#038;id_attachment=23\"><button class=\"btn btn-primary btn-xs\" type=\"button\">Outline Pdf<\/button><\/a>\u00a0<button class=\"btn btn-danger btn-xs\" type=\"button\"><a href=\"http:\/\/www.air-masters.eu\/it\/index.php?controller=attachment&#038;id_attachment=24\">Outline Dwg<\/a><\/button><\/p>\n","protected":false},"featured_media":76602,"template":"","meta":{"_et_pb_use_builder":"","_et_pb_old_content":"","_et_gb_content_width":""},"product_cat":[22167],"product_tag":[],"class_list":{"0":"post-76617","1":"product","2":"type-product","3":"status-publish","4":"has-post-thumbnail","6":"product_cat-luftvorhange-extra","8":"first","9":"instock","10":"shipping-taxable","11":"purchasable","12":"product-type-simple"},"_links":{"self":[{"href":"https:\/\/air-masters.com\/de\/wp-json\/wp\/v2\/product\/76617"}],"collection":[{"href":"https:\/\/air-masters.com\/de\/wp-json\/wp\/v2\/product"}],"about":[{"href":"https:\/\/air-masters.com\/de\/wp-json\/wp\/v2\/types\/product"}],"wp:featuredmedia":[{"embeddable":true,"href":"https:\/\/air-masters.com\/de\/wp-json\/wp\/v2\/media\/76602"}],"wp:attachment":[{"href":"https:\/\/air-masters.com\/de\/wp-json\/wp\/v2\/media?parent=76617"}],"wp:term":[{"taxonomy":"product_cat","embeddable":true,"href":"https:\/\/air-masters.com\/de\/wp-json\/wp\/v2\/product_cat?post=76617"},{"taxonomy":"product_tag","embeddable":true,"href":"https:\/\/air-masters.com\/de\/wp-json\/wp\/v2\/product_tag?post=76617"}],"curies":[{"name":"wp","href":"https:\/\/api.w.org\/{rel}","templated":true}]}}