{"id":77638,"date":"2019-12-12T12:49:37","date_gmt":"2019-12-12T11:49:37","guid":{"rendered":"https:\/\/air-masters.com\/sicherheitsblaspistolen-de\/airmasters-hochdruck-blaspistole-500-mm-m120\/"},"modified":"2019-12-12T12:49:37","modified_gmt":"2019-12-12T11:49:37","slug":"airmasters-hochdruck-blaspistole-500-mm-m120","status":"publish","type":"product","link":"https:\/\/air-masters.com\/de\/sicherheitsblaspistolen\/airmasters-hochdruck-blaspistole-500-mm-m120\/","title":{"rendered":"AIRMASTERS Hochdruck-Blaspistole 500 mm M120"},"content":{"rendered":"","protected":false},"excerpt":{"rendered":"<p id=\"tw-target-text\" class=\"tw-data-text tw-ta tw-text-small\" dir=\"ltr\" data-placeholder=\"Traduzione\"><span tabindex=\"0\" lang=\"de\"><b>Die AIRMASTERS-Druckluftpistole<\/b>\u00a0mit hoher Blaskraft wird in der Industrie h\u00e4ufig zum Reinigen, Trocknen und K\u00fchlen bestimmter Anwendungen eingesetzt. In F\u00e4llen, in denen eine herk\u00f6mmliche Blaspistole unzureichend ist und eine gr\u00f6\u00dfere Blaskraft erforderlich ist.<\/span><\/p>\n<p class=\"tw-data-text tw-ta tw-text-small\" dir=\"ltr\" data-placeholder=\"Traduzione\"><span tabindex=\"0\" lang=\"de\">Unsere\u00a0<b>Druckluftpistole AIRMASTERS<\/b>\u00a0mit hoher Blaskraft ist die ideale L\u00f6sung, da sie die Luftkraft effizient und optimal nutzt.<\/span><\/p>\n<p class=\"tw-data-text tw-ta tw-text-small\" dir=\"ltr\" data-placeholder=\"Traduzione\"><span tabindex=\"0\" lang=\"de\"><b>Die AIRMASTERS-Druckluftpistole<\/b>\u00a0mit hoher Blaskraft ist die kosteng\u00fcnstige, leichte, stromsparende und ger\u00e4uscharme L\u00f6sung.<\/span><\/p>\n<p class=\"tw-data-text tw-ta tw-text-small\" dir=\"ltr\" data-placeholder=\"Traduzione\"><b><span tabindex=\"0\" lang=\"de\">AIRMASTERS Hochdruck-Blaspistole 500 mm <\/span><\/b><b>M120-500<\/b><b><span tabindex=\"0\" lang=\"de\"><\/span><\/b><\/p>\n<p class=\"tw-data-text tw-ta tw-text-small\" dir=\"ltr\" data-placeholder=\"Traduzione\">\n<p><button class=\"btn btn-default btn-google-plus social-sharing\" type=\"button\"><a href=\"\/it\/contattaci\">RICHIEDI QUESTO PRODOTTO IN PROVA!<\/a><\/button><\/p>\n<div id=\"rtcc-nm-installed\"><\/div>\n","protected":false},"featured_media":77627,"template":"","meta":{"_et_pb_use_builder":"","_et_pb_old_content":"","_et_gb_content_width":""},"product_cat":[22197],"product_tag":[],"class_list":{"0":"post-77638","1":"product","2":"type-product","3":"status-publish","4":"has-post-thumbnail","6":"product_cat-sicherheitsblaspistolen","8":"first","9":"instock","10":"shipping-taxable","11":"purchasable","12":"product-type-variable","13":"has-default-attributes"},"_links":{"self":[{"href":"https:\/\/air-masters.com\/de\/wp-json\/wp\/v2\/product\/77638"}],"collection":[{"href":"https:\/\/air-masters.com\/de\/wp-json\/wp\/v2\/product"}],"about":[{"href":"https:\/\/air-masters.com\/de\/wp-json\/wp\/v2\/types\/product"}],"wp:featuredmedia":[{"embeddable":true,"href":"https:\/\/air-masters.com\/de\/wp-json\/wp\/v2\/media\/77627"}],"wp:attachment":[{"href":"https:\/\/air-masters.com\/de\/wp-json\/wp\/v2\/media?parent=77638"}],"wp:term":[{"taxonomy":"product_cat","embeddable":true,"href":"https:\/\/air-masters.com\/de\/wp-json\/wp\/v2\/product_cat?post=77638"},{"taxonomy":"product_tag","embeddable":true,"href":"https:\/\/air-masters.com\/de\/wp-json\/wp\/v2\/product_tag?post=77638"}],"curies":[{"name":"wp","href":"https:\/\/api.w.org\/{rel}","templated":true}]}}