{"id":78201,"date":"2020-02-06T15:08:39","date_gmt":"2020-02-06T14:08:39","guid":{"rendered":"https:\/\/air-masters.com\/luftvorhaenge-airmasters-de\/luftvorhange-airmasters-42-1067mm\/"},"modified":"2020-02-06T15:08:39","modified_gmt":"2020-02-06T14:08:39","slug":"luftvorhange-airmasters-42-1067mm","status":"publish","type":"product","link":"https:\/\/air-masters.com\/de\/luftvorhaenge-airmasters\/luftvorhange-airmasters-42-1067mm\/","title":{"rendered":"Luftvorhang AIRMASTERS 42-1067mm"},"content":{"rendered":"","protected":false},"excerpt":{"rendered":"<p>Der<b>\u00a0Silent AIRMASTERS Luftvorhang<\/b>\u00a0ist leicht zu montieren und zu warten. Durch seinen stark reduzierten Druckluftverbrauch und Ger\u00e4uschpegel ist er der effizienteste unter den Luftvorh\u00e4ngen und bietet trotzdem optimale Str\u00f6mungskraft.\u00a0Der<b>\u00a0Silent\u00a0<\/b><b><b>AIRMASTERS\u00a0<\/b>Luftvorhang<\/b>\u00a0erzeugt \u00fcber die gesamte L\u00e4nge einen gleichm\u00e4\u00dfigen laminaren Luftstrom. Unter Ausnutzung des COANDA-EFFEKTS bildet sich ein schneller, trichterf\u00f6rmiger Luftstrom, der ein gro\u00dfes Volumen an Umgebungsluft mitrei\u00dft. Auf diese Weise erh\u00e4lt man mit geringem Drucklufteinsatz einen bis zu 40-fachen Luftstrom. Durch die Luftdruckeinsparung zahlt\u00a0sich die Mehrausgabe f\u00fcr den AIRMASTERS bei manchen Anwendungen oft schon nach wenigen Wochen aus. Es ist in zwei\u00a0Versionen erh\u00e4ltlich: eloxiertem Aluminium und Edelstahl. Das harteloxierte Aluminium kann bei einigen Anwendungen die Stahlvariante ersetzen und stellt daher eine kosteng\u00fcnstigere L\u00f6sung dar. F\u00fcr jede Version ist ein Anschlussset f\u00fcr die Verbindung mehrerer Vorh\u00e4nge verf\u00fcgbar und garantiert die Einheitlichkeit des Luftstroms. Die internen Abstandsfolien werden ausschlie\u00dflich aus Edelstahl hergestellt.<\/p>\n<p>Der<b> Silent <\/b><b><b>AIRMASTERS <\/b> Luftvorhang\u00a0<\/b>Art. AIRMASTERS 42-1067mm<\/p>\n<p>Siehe auch:\u00a0<a href=\"https:\/\/www.air-masters.eu\/de\/76-luftvorhange-standard\">LUFTVORH\u00c4NGE STANDARD<\/a>,\u00a0<a href=\"https:\/\/www.air-masters.eu\/de\/75-luftvorhange-extra\">LUFTVORH\u00c4NGE EXTRA<\/a><\/p>\n<\/p>\n<p><button class=\"btn btn-default btn-google-plus social-sharing\" type=\"button\"><\/button><\/p>\n<p>Laden Sie das PDF Dokument f\u00fcr weitere Informationen:<\/p>\n<div id=\"rtcc-nm-installed\">\n<p><a href=\"http:\/\/www.air-masters.eu\/it\/index.php?controller=attachment&amp;id_attachment=27\"><button class=\"btn btn-warning btn-xs\" type=\"button\">Data Sheet<\/button><\/a>\u00a0<a href=\"http:\/\/www.air-masters.eu\/it\/index.php?controller=attachment&amp;id_attachment=23\"><button class=\"btn btn-primary btn-xs\" type=\"button\">Outline Pdf<\/button><\/a>\u00a0<button class=\"btn btn-danger btn-xs\" type=\"button\"><\/button><\/p>\n<\/p><\/div>\n<div><\/div>\n<div><\/div>\n<div><\/div>\n<div><\/div>\n<div><\/div>\n<div><\/div>\n<div><\/div>\n<div><\/div>\n<div><\/div>\n<div><\/div>\n","protected":false},"featured_media":78167,"template":"","meta":{"_et_pb_use_builder":"","_et_pb_old_content":"","_et_gb_content_width":""},"product_cat":[22137],"product_tag":[],"class_list":{"0":"post-78201","1":"product","2":"type-product","3":"status-publish","4":"has-post-thumbnail","6":"product_cat-luftvorhaenge-airmasters","8":"first","9":"instock","10":"shipping-taxable","11":"purchasable","12":"product-type-variable","13":"has-default-attributes"},"_links":{"self":[{"href":"https:\/\/air-masters.com\/de\/wp-json\/wp\/v2\/product\/78201"}],"collection":[{"href":"https:\/\/air-masters.com\/de\/wp-json\/wp\/v2\/product"}],"about":[{"href":"https:\/\/air-masters.com\/de\/wp-json\/wp\/v2\/types\/product"}],"wp:featuredmedia":[{"embeddable":true,"href":"https:\/\/air-masters.com\/de\/wp-json\/wp\/v2\/media\/78167"}],"wp:attachment":[{"href":"https:\/\/air-masters.com\/de\/wp-json\/wp\/v2\/media?parent=78201"}],"wp:term":[{"taxonomy":"product_cat","embeddable":true,"href":"https:\/\/air-masters.com\/de\/wp-json\/wp\/v2\/product_cat?post=78201"},{"taxonomy":"product_tag","embeddable":true,"href":"https:\/\/air-masters.com\/de\/wp-json\/wp\/v2\/product_tag?post=78201"}],"curies":[{"name":"wp","href":"https:\/\/api.w.org\/{rel}","templated":true}]}}