{"id":78695,"date":"2020-03-12T09:46:13","date_gmt":"2020-03-12T08:46:13","guid":{"rendered":"https:\/\/air-masters.com\/luftvorhaenge-airmasters-de\/luftvorhang-airmasters-plus-15-381mm\/"},"modified":"2020-03-12T09:46:13","modified_gmt":"2020-03-12T08:46:13","slug":"luftvorhang-airmasters-plus-15-381mm","status":"publish","type":"product","link":"https:\/\/air-masters.com\/de\/luftvorhaenge-airmasters\/luftvorhang-airmasters-plus-15-381mm\/","title":{"rendered":"Luftvorhang AIRMASTERS+ 15-381mm"},"content":{"rendered":"","protected":false},"excerpt":{"rendered":"<p>Die\u00a0<b>Luftvorh\u00e4nge f\u00fcr Druckluft von\u00a0<\/b>Airmasters+\u00a0sind f\u00fcr unterschiedlichste Anwendungen entwickelt worden, bei denen eine extreme Blaskraft ben\u00f6tigt wird und garantiert gleichzeitig einen niedrigen L\u00e4rmpegel und Energieverbrauch.<\/p>\n<p>Hergestellt in Italien mit Hochpr\u00e4zisionsmaschinen und dem notwendigen Know-how, damit die\u00a0<b>Luftvorh\u00e4nge\u00a0<\/b>Airmasters+\u00a0einen gleichm\u00e4\u00dfigen Luftstromdurchfluss entlang des gesamten Luftvorhangs. Durch Ausnutzung des Coanda-Effekts, wird ein Gro\u00dfteil des verwendeten Luftvolumens aus der direkten Umgebungsluft mitgerei\u00dft. Indem man eine geringe menge an Druckluft hinzuf\u00fcgt, erh\u00e4lt man ein Luftstr\u00f6mung, die dem 50-fachen der eingesetzten Druckluft entspricht. All dies erm\u00f6glicht, dass dieser Luftvorhang der einzige ist, der weltweit eine Luftstromverst\u00e4rkung mit einem Verh\u00e4ltnis von 1:50 generiert. Unser exklusives und patentiertes Design erm\u00f6glicht einen Transport der Umgebungsluft, der den bisherigen Luftvorh\u00e4ngen \u00fcberlegen ist.\u00a0Die Airmasters+<b>\u00a0Luftvorh\u00e4nge<\/b>\u00a0bestehen aus eloxiertem Aluminium f\u00fcr eine lange Lebensdauer. Diese haben eine Abstandsfolie aus Edelstahl und sind einfach zu montieren und warten. Modelle aus Edelstahl k\u00f6nnen in Prozessen bei hohen Temperaturen oder in korrosiven Umgebungen eingesetzt werden. Die Teile k\u00f6nnen einfach zusammengef\u00fcgt werden, um die Gleichm\u00e4\u00dfigkeit des Flusses zu gew\u00e4hrleisten. Patentiert.<\/p>\n<p>Der<b> Silent <\/b><b><b>AIRMASTERS <\/b> Luftvorhang\u00a0<\/b>Art. AIRMASTERS+ 15-381mm<\/p>\n<p>Siehe auch:\u00a0<a href=\"https:\/\/www.air-masters.eu\/de\/76-luftvorhange-standard\">LUFTVORH\u00c4NGE STANDARD<\/a>,\u00a0<a href=\"https:\/\/www.air-masters.eu\/de\/75-luftvorhange-extra\">LUFTVORH\u00c4NGE EXTRA<\/a><\/p>\n<\/p>\n<p><button class=\"btn btn-default btn-google-plus social-sharing\" type=\"button\"><a href=\"\/de\/kontakt\">PRODUKT TESTEN!<\/a><\/button><\/p>\n<p style=\"display: none;\">Laden Sie das PDF Dokument f\u00fcr weitere Informationen:<\/p>\n<div id=\"rtcc-nm-installed\">\n<p><a href=\"http:\/\/www.air-masters.eu\/it\/index.php?controller=attachment&#038;id_attachment=27\"><button class=\"btn btn-warning btn-xs\" type=\"button\">Data Sheet<\/button><\/a>\u00a0<a href=\"http:\/\/www.air-masters.eu\/it\/index.php?controller=attachment&#038;id_attachment=23\"><button class=\"btn btn-primary btn-xs\" type=\"button\">Outline Pdf<\/button><\/a>\u00a0<button class=\"btn btn-danger btn-xs\" type=\"button\"><a href=\"http:\/\/www.air-masters.eu\/it\/index.php?controller=attachment&#038;id_attachment=24\">Outline Dwg<\/a><\/button><\/p>\n<\/p><\/div>\n<div id=\"rtcc-nm-installed\"><\/div>\n<div id=\"rtcc-nm-installed\"><\/div>\n<div id=\"rtcc-nm-installed\"><\/div>\n<div id=\"rtcc-nm-installed\"><\/div>\n<div id=\"rtcc-nm-installed\"><\/div>\n<div id=\"rtcc-nm-installed\"><\/div>\n<div id=\"rtcc-nm-installed\"><\/div>\n<div id=\"rtcc-nm-installed\"><\/div>\n<div id=\"rtcc-nm-installed\"><\/div>\n<div id=\"rtcc-nm-installed\"><\/div>\n<div id=\"rtcc-nm-installed\"><\/div>\n<div id=\"rtcc-nm-installed\"><\/div>\n<div id=\"rtcc-nm-installed\"><\/div>\n","protected":false},"featured_media":78682,"template":"","meta":{"_et_pb_use_builder":"","_et_pb_old_content":"","_et_gb_content_width":""},"product_cat":[22137],"product_tag":[],"class_list":{"0":"post-78695","1":"product","2":"type-product","3":"status-publish","4":"has-post-thumbnail","6":"product_cat-luftvorhaenge-airmasters","8":"first","9":"instock","10":"shipping-taxable","11":"purchasable","12":"product-type-variable","13":"has-default-attributes"},"_links":{"self":[{"href":"https:\/\/air-masters.com\/de\/wp-json\/wp\/v2\/product\/78695"}],"collection":[{"href":"https:\/\/air-masters.com\/de\/wp-json\/wp\/v2\/product"}],"about":[{"href":"https:\/\/air-masters.com\/de\/wp-json\/wp\/v2\/types\/product"}],"wp:featuredmedia":[{"embeddable":true,"href":"https:\/\/air-masters.com\/de\/wp-json\/wp\/v2\/media\/78682"}],"wp:attachment":[{"href":"https:\/\/air-masters.com\/de\/wp-json\/wp\/v2\/media?parent=78695"}],"wp:term":[{"taxonomy":"product_cat","embeddable":true,"href":"https:\/\/air-masters.com\/de\/wp-json\/wp\/v2\/product_cat?post=78695"},{"taxonomy":"product_tag","embeddable":true,"href":"https:\/\/air-masters.com\/de\/wp-json\/wp\/v2\/product_tag?post=78695"}],"curies":[{"name":"wp","href":"https:\/\/api.w.org\/{rel}","templated":true}]}}