{"id":79697,"date":"2020-11-05T12:37:35","date_gmt":"2020-11-05T11:37:35","guid":{"rendered":"https:\/\/air-masters.com\/blasdusen-de\/blasduese-air-zp03\/"},"modified":"2020-11-05T12:37:35","modified_gmt":"2020-11-05T11:37:35","slug":"blasduese-air-zp03","status":"publish","type":"product","link":"https:\/\/air-masters.com\/de\/blasdusen\/blasduese-air-zp03\/","title":{"rendered":"Blasd\u00fcse AIR-ZP03"},"content":{"rendered":"","protected":false},"excerpt":{"rendered":"<p>Airmasters verf\u00fcgt \u00fcber das weltweit breiteste\u00a0<strong>Bl<\/strong><b>asd\u00fcsen<\/b>\u00a0Angebot der Welt! Durch ihre pr\u00e4zise Wirkung sind unsere Abblasd\u00fcsen besonders geeignet, um den Abblasvorgang zu optimieren oder um das Problem eines zu hohen L\u00e4rmpegels bzw.\u00a0Luftverbrauchs zu beheben. Abblasen, Reinigung und Sortierung sind nur einige der m\u00f6glichen Einsatzgebiete.<\/p>\n<p>Energieeinsparung: Unsere\u00a0<b>Blasd\u00fcsen<\/b>\u00a0ersetzen Rohre mit einer \u00d6ffnung von 2 mm bis 25 mm, was eine bedeutende Energieersparnis und eine Amortisierung in nur wenigen Wochen erm\u00f6glicht. Sie m\u00fcssen uns lediglich die Ma\u00dfe der Rohr\u00f6ffnungen mitteilen oder unser technisches Team kontaktieren, um die potentielle Lufteinsparung zu ermitteln. Die\u00a0<b>Luftblasd\u00fcsen<\/b>\u00a0Druckluftd\u00fcsen\u00a0sind aus 316L bzw. 304 Edelstahl, Aluminium oder Zink erh\u00e4ltlich.<\/p>\n<p>Sicherheit: All unsere Silence\u00a0<b>Blasd\u00fcsen<\/b>\u00a0Druckluftd\u00fcsen\u00a0respektieren die OSHA und SUVA-Normen, was bedeutet, dass die ausstr\u00f6mende Luft beim Kontakt mit der Haut des Technikers einen Druck von 2,1 bar nicht \u00fcberschreiten darf, um so jede Gefahr von Embolien zu vermeiden, falls die Druckluft einmal \u00fcber eine offenen Wunde die Hautbarriere passiert.<\/p>\n<p>L\u00e4rmpegel: Die\u00a0<b>Blasd\u00fcsen<\/b>\u00a0Druckluftd\u00fcsen\u00a0garantieren eine Reduzierung des L\u00e4rmpegels um mehr als 50% im Gegensatz zu einem offenen Rohr oder einer selbstgemachten Vorrichtung. Kontaktieren Sie uns f\u00fcr einen Probetest! Patentierte\u00a0<b>Blasd\u00fcsen<\/b>\u00a0Druckluftd\u00fcsen.<\/p>\n<p><b>Blasd\u00fcsen<\/b>\u00a0Druckluftd\u00fcsen<b>\u00a0<\/b>Artikel-Nr AIR-ZP03<\/p>\n<p>Siehe auch:\u00a0<a href=\"https:\/\/www.air-masters.eu\/de\/74-luftvorhange-AIRMASTERS\">LUFTVORHANGE-AIRMASTERS<\/a>,\u00a0<a href=\"https:\/\/www.air-masters.eu\/de\/30-luftstromverstarker\">LUFTSTROMVERST\u00c4RKER<\/a><\/p>\n<p>Technische Daten herunterladen\u00a0<\/p>\n<\/p>\n<div id=\"rtcc-nm-installed\">\n<p><button class=\"btn btn-default btn-google-plus social-sharing\" type=\"button\"><a href=\"\/de\/kontakt\">PRODUKT TESTEN!<\/a><\/button><\/p>\n<p style=\"display: none;\">Laden Sie das PDF Dokument f\u00fcr weitere Informationen:<\/p>\n<p><a href=\"http:\/\/www.air-masters.eu\/it\/index.php?controller=attachment&#038;id_attachment=27\"><button class=\"btn btn-warning btn-xs\" type=\"button\">Data Sheet<\/button><\/a>\u00a0<a href=\"http:\/\/www.air-masters.eu\/it\/index.php?controller=attachment&#038;id_attachment=23\"><button class=\"btn btn-primary btn-xs\" type=\"button\">Outline Pdf<\/button><\/a>\u00a0<button class=\"btn btn-danger btn-xs\" type=\"button\"><a href=\"http:\/\/www.air-masters.eu\/it\/index.php?controller=attachment&#038;id_attachment=24\">Outline Dwg<\/a><\/button><\/p>\n<\/p>\n<\/p><\/div>\n","protected":false},"featured_media":79677,"template":"","meta":{"_et_pb_use_builder":"","_et_pb_old_content":"","_et_gb_content_width":""},"product_cat":[22142],"product_tag":[],"class_list":{"0":"post-79697","1":"product","2":"type-product","3":"status-publish","4":"has-post-thumbnail","6":"product_cat-blasdusen","8":"first","9":"instock","10":"shipping-taxable","11":"purchasable","12":"product-type-variable","13":"has-default-attributes"},"_links":{"self":[{"href":"https:\/\/air-masters.com\/de\/wp-json\/wp\/v2\/product\/79697"}],"collection":[{"href":"https:\/\/air-masters.com\/de\/wp-json\/wp\/v2\/product"}],"about":[{"href":"https:\/\/air-masters.com\/de\/wp-json\/wp\/v2\/types\/product"}],"wp:featuredmedia":[{"embeddable":true,"href":"https:\/\/air-masters.com\/de\/wp-json\/wp\/v2\/media\/79677"}],"wp:attachment":[{"href":"https:\/\/air-masters.com\/de\/wp-json\/wp\/v2\/media?parent=79697"}],"wp:term":[{"taxonomy":"product_cat","embeddable":true,"href":"https:\/\/air-masters.com\/de\/wp-json\/wp\/v2\/product_cat?post=79697"},{"taxonomy":"product_tag","embeddable":true,"href":"https:\/\/air-masters.com\/de\/wp-json\/wp\/v2\/product_tag?post=79697"}],"curies":[{"name":"wp","href":"https:\/\/api.w.org\/{rel}","templated":true}]}}