{"id":79790,"date":"2021-06-07T11:28:35","date_gmt":"2021-06-07T09:28:35","guid":{"rendered":"https:\/\/air-masters.com\/luftvorhange-extra-de\/luftvorhaenge-extra-air-zpe246\/"},"modified":"2021-06-07T11:28:35","modified_gmt":"2021-06-07T09:28:35","slug":"luftvorhaenge-extra-air-zpe246","status":"publish","type":"product","link":"https:\/\/air-masters.com\/de\/luftvorhange-extra\/luftvorhaenge-extra-air-zpe246\/","title":{"rendered":"Luftvorh\u00e4nge Extra AIR-ZPE246"},"content":{"rendered":"","protected":false},"excerpt":{"rendered":"<p><strong>Das Luftmesser Extra ZP<\/strong> ist mit 2,3 4 und 6 D\u00fcsen in einer Aluminiumversion erh\u00e4ltlich. Hergestellt in Italien. Zus\u00e4tzliche ZP-Druckluftschaufeln ersetzen perforierte Rohre und reduzieren den Ger\u00e4uschpegel und den Luftverbrauch erheblich, wodurch eine hohe Best\u00e4ndigkeit gegen mechanischen Verschlei\u00df gew\u00e4hrleistet wird.<\/p>\n<p>Sie k\u00f6nnen sie auf Anfrage und ohne zus\u00e4tzliche Kosten nach Ma\u00df bestellen.<\/p>\n<p>Extra ZP Luftmesser <strong>mod.AIR-ZPE246<\/strong><\/p>\n<p><a href=\"http:\/\/www.airmastersinternational.com\/it\/content\/6-come-richiedere-un-prodotto-in-prova\"><button class=\"btn btn-default btn-google-plus social-sharing\" type=\"button\">PRODUKT TESTEN!<\/button><\/a><\/p>\n","protected":false},"featured_media":79777,"template":"","meta":{"_et_pb_use_builder":"","_et_pb_old_content":"","_et_gb_content_width":""},"product_cat":[22167],"product_tag":[],"class_list":{"0":"post-79790","1":"product","2":"type-product","3":"status-publish","4":"has-post-thumbnail","6":"product_cat-luftvorhange-extra","8":"first","9":"instock","10":"shipping-taxable","11":"purchasable","12":"product-type-variable","13":"has-default-attributes"},"_links":{"self":[{"href":"https:\/\/air-masters.com\/de\/wp-json\/wp\/v2\/product\/79790"}],"collection":[{"href":"https:\/\/air-masters.com\/de\/wp-json\/wp\/v2\/product"}],"about":[{"href":"https:\/\/air-masters.com\/de\/wp-json\/wp\/v2\/types\/product"}],"wp:featuredmedia":[{"embeddable":true,"href":"https:\/\/air-masters.com\/de\/wp-json\/wp\/v2\/media\/79777"}],"wp:attachment":[{"href":"https:\/\/air-masters.com\/de\/wp-json\/wp\/v2\/media?parent=79790"}],"wp:term":[{"taxonomy":"product_cat","embeddable":true,"href":"https:\/\/air-masters.com\/de\/wp-json\/wp\/v2\/product_cat?post=79790"},{"taxonomy":"product_tag","embeddable":true,"href":"https:\/\/air-masters.com\/de\/wp-json\/wp\/v2\/product_tag?post=79790"}],"curies":[{"name":"wp","href":"https:\/\/api.w.org\/{rel}","templated":true}]}}