{"id":80082,"date":"2022-01-12T14:15:22","date_gmt":"2022-01-12T13:15:22","guid":{"rendered":"https:\/\/air-masters.com\/sicherheitsblaspistolen-de\/airmasters-blowing-cannon-air-bc35\/"},"modified":"2022-01-12T14:15:22","modified_gmt":"2022-01-12T13:15:22","slug":"airmasters-blowing-cannon-air-bc35","status":"publish","type":"product","link":"https:\/\/air-masters.com\/de\/sicherheitsblaspistolen\/airmasters-blowing-cannon-air-bc35\/","title":{"rendered":"Airmasters Blowing Cannon AIR-BC35"},"content":{"rendered":"","protected":false},"excerpt":{"rendered":"<p>Airmasters Blowing Cannon bietet eine erh\u00f6hte Blaskraft an, ideal f\u00fcr gro\u00dffl\u00e4chige Trocknungen, K\u00fchlungen und Blasanwendungen \u00fcber gro\u00dfe Entfernungen, ausgestattet mit einer sto\u00dffesten Edelstahld\u00fcse.<\/p>\n<p>Das federbelastete Ventil schlie\u00dft die Luftzufuhr sofort, sobald die Luftpistole herunterf\u00e4llt, ist dies keine Gefahr f\u00fcr die Bediener und sie k\u00f6nnen sicher weiterarbeiten.<\/p>\n<p>300mm Verl\u00e4ngerung mit Gummigriff.<\/p>\n<p><button class=\"btn btn-default btn-google-plus social-sharing\" type=\"button\"><a href=\"\/it\/contattaci\">PRODUKT TESTEN<\/a><\/button><\/p>\n<div id=\"rtcc-nm-installed\"><\/div>\n","protected":false},"featured_media":80072,"template":"","meta":{"_et_pb_use_builder":"","_et_pb_old_content":"","_et_gb_content_width":""},"product_cat":[22197],"product_tag":[],"class_list":{"0":"post-80082","1":"product","2":"type-product","3":"status-publish","4":"has-post-thumbnail","6":"product_cat-sicherheitsblaspistolen","8":"first","9":"instock","10":"shipping-taxable","11":"purchasable","12":"product-type-variable","13":"has-default-attributes"},"_links":{"self":[{"href":"https:\/\/air-masters.com\/de\/wp-json\/wp\/v2\/product\/80082"}],"collection":[{"href":"https:\/\/air-masters.com\/de\/wp-json\/wp\/v2\/product"}],"about":[{"href":"https:\/\/air-masters.com\/de\/wp-json\/wp\/v2\/types\/product"}],"wp:featuredmedia":[{"embeddable":true,"href":"https:\/\/air-masters.com\/de\/wp-json\/wp\/v2\/media\/80072"}],"wp:attachment":[{"href":"https:\/\/air-masters.com\/de\/wp-json\/wp\/v2\/media?parent=80082"}],"wp:term":[{"taxonomy":"product_cat","embeddable":true,"href":"https:\/\/air-masters.com\/de\/wp-json\/wp\/v2\/product_cat?post=80082"},{"taxonomy":"product_tag","embeddable":true,"href":"https:\/\/air-masters.com\/de\/wp-json\/wp\/v2\/product_tag?post=80082"}],"curies":[{"name":"wp","href":"https:\/\/api.w.org\/{rel}","templated":true}]}}