{"id":80097,"date":"2022-01-12T19:19:44","date_gmt":"2022-01-12T18:19:44","guid":{"rendered":"https:\/\/air-masters.com\/sicherheitsblaspistolen-de\/airmasters-blowing-cannon-air-bc68\/"},"modified":"2022-01-12T19:19:44","modified_gmt":"2022-01-12T18:19:44","slug":"airmasters-blowing-cannon-air-bc68","status":"publish","type":"product","link":"https:\/\/air-masters.com\/de\/sicherheitsblaspistolen\/airmasters-blowing-cannon-air-bc68\/","title":{"rendered":"Airmasters Blowing Cannon AIR-BC68"},"content":{"rendered":"","protected":false},"excerpt":{"rendered":"<p>Airmasters blowing cannon bietet eine erh\u00f6hte blaskraft an, ideal f\u00fcr grossfl\u00e4chige trocknungen, k\u00fchlungen und blasanwendungen \u00fcber grosse entfernungen, ausgestattet mit einer stossfesten edelstahld\u00fcse.<\/p>\n<p>Das federbelastete ventil schliesst sofort die luftzufuhr, im falle, dass die luftpistole herunterf\u00e4llt, somit stellt es keine gefahr f\u00fcr die bediener und sie k\u00f6nnen sicher weiterarbeiten.<\/p>\n<p>300mm verl\u00e4ngerung mit gummigriff.<\/p>\n<p><button class=\"btn btn-default btn-google-plus social-sharing\" type=\"button\"><a href=\"\/it\/contattaci\">PRODUKT TESTEN<\/a><\/button><\/p>\n<div id=\"rtcc-nm-installed\"><\/div>\n","protected":false},"featured_media":80087,"template":"","meta":{"_et_pb_use_builder":"","_et_pb_old_content":"","_et_gb_content_width":""},"product_cat":[22197],"product_tag":[],"class_list":{"0":"post-80097","1":"product","2":"type-product","3":"status-publish","4":"has-post-thumbnail","6":"product_cat-sicherheitsblaspistolen","8":"first","9":"instock","10":"shipping-taxable","11":"purchasable","12":"product-type-variable","13":"has-default-attributes"},"_links":{"self":[{"href":"https:\/\/air-masters.com\/de\/wp-json\/wp\/v2\/product\/80097"}],"collection":[{"href":"https:\/\/air-masters.com\/de\/wp-json\/wp\/v2\/product"}],"about":[{"href":"https:\/\/air-masters.com\/de\/wp-json\/wp\/v2\/types\/product"}],"wp:featuredmedia":[{"embeddable":true,"href":"https:\/\/air-masters.com\/de\/wp-json\/wp\/v2\/media\/80087"}],"wp:attachment":[{"href":"https:\/\/air-masters.com\/de\/wp-json\/wp\/v2\/media?parent=80097"}],"wp:term":[{"taxonomy":"product_cat","embeddable":true,"href":"https:\/\/air-masters.com\/de\/wp-json\/wp\/v2\/product_cat?post=80097"},{"taxonomy":"product_tag","embeddable":true,"href":"https:\/\/air-masters.com\/de\/wp-json\/wp\/v2\/product_tag?post=80097"}],"curies":[{"name":"wp","href":"https:\/\/api.w.org\/{rel}","templated":true}]}}