{"id":84055,"date":"2024-04-18T10:06:17","date_gmt":"2024-04-18T08:06:17","guid":{"rendered":"https:\/\/air-masters.com\/?post_type=product&#038;p=84055"},"modified":"2024-04-18T10:15:38","modified_gmt":"2024-04-18T08:15:38","slug":"luftvorhaenge-extra-air-149s","status":"publish","type":"product","link":"https:\/\/air-masters.com\/de\/luftvorhange-extra\/luftvorhaenge-extra-air-149s\/","title":{"rendered":"Luftvorh\u00e4nge Extra AIR-149S"},"content":{"rendered":"","protected":false},"excerpt":{"rendered":"<p>Unser Air Knife Extra AIR-149S, ausgestattet mit 4 D\u00fcsen, ist vollst\u00e4ndig aus rostfreiem Stahl 316L gefertigt. Ideal f\u00fcr Maschinenbauer, die alle Anforderungen an eine leistungsstarke L\u00f6sung f\u00fcr das Luftblasen erf\u00fcllen m\u00f6chten.<\/p>\n<p><strong>Extra 149S Luftklingen<\/strong>\u00a0ersetzen die perforierten Rohre, die den Schallpegel und den Luftverbrauch drastisch reduzieren, und bestehen aus Stahld\u00fcsen, die sehr widerstandsf\u00e4hig gegen Sto\u00df und mechanischen Verschlei\u00df sind. Sie entsprechen den OSHA-Vorschriften. Direkter und pr\u00e4ziser Luftstrom. Sie k\u00f6nnen diese Luftschaufeln mit benutzerdefinierten Gr\u00f6\u00dfen und ohne zus\u00e4tzliche Kosten anfordern.<\/p>\n","protected":false},"featured_media":84071,"template":"","meta":{"_et_pb_use_builder":"","_et_pb_old_content":"","_et_gb_content_width":""},"product_cat":[22167],"product_tag":[],"class_list":{"0":"post-84055","1":"product","2":"type-product","3":"status-publish","4":"has-post-thumbnail","6":"product_cat-luftvorhange-extra","8":"first","9":"instock","10":"shipping-taxable","11":"purchasable","12":"product-type-variable","13":"has-default-attributes"},"_links":{"self":[{"href":"https:\/\/air-masters.com\/de\/wp-json\/wp\/v2\/product\/84055"}],"collection":[{"href":"https:\/\/air-masters.com\/de\/wp-json\/wp\/v2\/product"}],"about":[{"href":"https:\/\/air-masters.com\/de\/wp-json\/wp\/v2\/types\/product"}],"wp:featuredmedia":[{"embeddable":true,"href":"https:\/\/air-masters.com\/de\/wp-json\/wp\/v2\/media\/84071"}],"wp:attachment":[{"href":"https:\/\/air-masters.com\/de\/wp-json\/wp\/v2\/media?parent=84055"}],"wp:term":[{"taxonomy":"product_cat","embeddable":true,"href":"https:\/\/air-masters.com\/de\/wp-json\/wp\/v2\/product_cat?post=84055"},{"taxonomy":"product_tag","embeddable":true,"href":"https:\/\/air-masters.com\/de\/wp-json\/wp\/v2\/product_tag?post=84055"}],"curies":[{"name":"wp","href":"https:\/\/api.w.org\/{rel}","templated":true}]}}