{"id":84966,"date":"2025-03-13T13:06:52","date_gmt":"2025-03-13T12:06:52","guid":{"rendered":"https:\/\/air-masters.com\/?post_type=product&#038;p=84966"},"modified":"2025-03-27T10:13:53","modified_gmt":"2025-03-27T09:13:53","slug":"blaspistole-fuer-blinde-loecher","status":"publish","type":"product","link":"https:\/\/air-masters.com\/de\/airmasters-hand-vac\/blaspistole-fuer-blinde-loecher\/","title":{"rendered":"Blaspistole f\u00fcr blinde L\u00f6cher"},"content":{"rendered":"<p class=\"\" data-start=\"1595\" data-end=\"1997\">Die Reinigung von blinden oder tiefen L\u00f6chern ist eine kritische, aber herausfordernde Aufgabe. Traditionelle D\u00fcsen blasen Schmutzpartikel oft nach au\u00dfen, was Unordnung verursacht und Sicherheitsrisiken mit sich bringt \u2013 insbesondere in automatisierten Systemen. Auch die manuelle Reinigung ist problematisch, da sie Schutzkleidung erfordert und gef\u00e4hrliche Arbeitsbedingungen schafft.<\/p>\n<p class=\"\" data-start=\"1999\" data-end=\"2402\">Um diese Probleme zu l\u00f6sen, hat Airmasters das <b class=\"\">Blaspistole f\u00fcr blinde L\u00f6cher entwickelt<\/b>, das eine sicherere und effizientere Schmutzentfernung erm\u00f6glicht. Im Gegensatz zu herk\u00f6mmlichen Methoden, die Schwierigkeiten haben, Blas- und Saugwirkung auszugleichen, nutzt dieses System einen leistungsstarken Blasmechanismus in Kombination mit dem Venturi-Effekt, um Staub und Schmutz effektiv zu entfernen.<\/p>\n","protected":false},"excerpt":{"rendered":"<p>Die Reinigung von blinden oder tiefen L\u00f6chern ist eine kritische, aber herausfordernde Aufgabe. Traditionelle D\u00fcsen blasen Schmutzpartikel oft nach au\u00dfen, was Unordnung verursacht und Sicherheitsrisiken mit sich bringt \u2013 insbesondere in automatisierten Systemen. Auch die manuelle Reinigung ist problematisch, da sie Schutzkleidung erfordert und gef\u00e4hrliche Arbeitsbedingungen schafft. Um diese Probleme zu l\u00f6sen, hat Airmasters das [&hellip;]<\/p>\n","protected":false},"featured_media":84957,"template":"","meta":{"_et_pb_use_builder":"","_et_pb_old_content":"","_et_gb_content_width":""},"product_cat":[22202],"product_tag":[],"class_list":{"0":"post-84966","1":"product","2":"type-product","3":"status-publish","4":"has-post-thumbnail","6":"product_cat-airmasters-hand-vac","8":"first","9":"instock","10":"shipping-taxable","11":"purchasable","12":"product-type-simple"},"_links":{"self":[{"href":"https:\/\/air-masters.com\/de\/wp-json\/wp\/v2\/product\/84966"}],"collection":[{"href":"https:\/\/air-masters.com\/de\/wp-json\/wp\/v2\/product"}],"about":[{"href":"https:\/\/air-masters.com\/de\/wp-json\/wp\/v2\/types\/product"}],"wp:featuredmedia":[{"embeddable":true,"href":"https:\/\/air-masters.com\/de\/wp-json\/wp\/v2\/media\/84957"}],"wp:attachment":[{"href":"https:\/\/air-masters.com\/de\/wp-json\/wp\/v2\/media?parent=84966"}],"wp:term":[{"taxonomy":"product_cat","embeddable":true,"href":"https:\/\/air-masters.com\/de\/wp-json\/wp\/v2\/product_cat?post=84966"},{"taxonomy":"product_tag","embeddable":true,"href":"https:\/\/air-masters.com\/de\/wp-json\/wp\/v2\/product_tag?post=84966"}],"curies":[{"name":"wp","href":"https:\/\/api.w.org\/{rel}","templated":true}]}}