{"id":85107,"date":"2025-06-02T12:11:28","date_gmt":"2025-06-02T10:11:28","guid":{"rendered":"https:\/\/air-masters.com\/?post_type=product&#038;p=85107"},"modified":"2025-06-13T10:56:50","modified_gmt":"2025-06-13T08:56:50","slug":"airmasters-hochdruck-blaspistole-m106s","status":"publish","type":"product","link":"https:\/\/air-masters.com\/de\/sicherheitsblaspistolen\/airmasters-hochdruck-blaspistole-m106s\/","title":{"rendered":"AIRMASTERS Hochdruck-Blaspistole M106S"},"content":{"rendered":"","protected":false},"excerpt":{"rendered":"<p id=\"tw-target-text\" class=\"tw-data-text tw-ta tw-text-small\" dir=\"ltr\" data-placeholder=\"Traduzione\"><span lang=\"de\" tabindex=\"0\"><b>Die AIRMASTERS-Druckluftpistole<\/b> mit hoher Blaskraft wird in der Industrie h\u00e4ufig zum Reinigen, Trocknen und K\u00fchlen bestimmter Anwendungen eingesetzt. In F\u00e4llen, in denen eine herk\u00f6mmliche Blaspistole unzureichend ist und eine gr\u00f6\u00dfere Blaskraft erforderlich ist.<\/span><\/p>\n<p class=\"tw-data-text tw-ta tw-text-small\" dir=\"ltr\" data-placeholder=\"Traduzione\"><span lang=\"de\" tabindex=\"0\">Unsere <b>Druckluftpistole AIRMASTERS<\/b> mit hoher Blaskraft ist die ideale L\u00f6sung, da sie die Luftkraft effizient und optimal nutzt.<\/span><\/p>\n<p class=\"tw-data-text tw-ta tw-text-small\" dir=\"ltr\" data-placeholder=\"Traduzione\"><span lang=\"de\" tabindex=\"0\"><b>Die AIRMASTERS-Druckluftpistole<\/b> mit hoher Blaskraft ist die kosteng\u00fcnstige, leichte, stromsparende und ger\u00e4uscharme L\u00f6sung.<\/span><\/p>\n<p class=\"tw-data-text tw-ta tw-text-small\" dir=\"ltr\" data-placeholder=\"Traduzione\"><b><span lang=\"de\" tabindex=\"0\">AIRMASTERS Hochdruck-Blaspistole M106S<\/span><\/b><\/p>\n","protected":false},"featured_media":85124,"template":"","meta":{"_et_pb_use_builder":"","_et_pb_old_content":"","_et_gb_content_width":""},"product_cat":[22197],"product_tag":[],"class_list":{"0":"post-85107","1":"product","2":"type-product","3":"status-publish","4":"has-post-thumbnail","6":"product_cat-sicherheitsblaspistolen","8":"first","9":"instock","10":"shipping-taxable","11":"purchasable","12":"product-type-variable","13":"has-default-attributes"},"_links":{"self":[{"href":"https:\/\/air-masters.com\/de\/wp-json\/wp\/v2\/product\/85107"}],"collection":[{"href":"https:\/\/air-masters.com\/de\/wp-json\/wp\/v2\/product"}],"about":[{"href":"https:\/\/air-masters.com\/de\/wp-json\/wp\/v2\/types\/product"}],"wp:featuredmedia":[{"embeddable":true,"href":"https:\/\/air-masters.com\/de\/wp-json\/wp\/v2\/media\/85124"}],"wp:attachment":[{"href":"https:\/\/air-masters.com\/de\/wp-json\/wp\/v2\/media?parent=85107"}],"wp:term":[{"taxonomy":"product_cat","embeddable":true,"href":"https:\/\/air-masters.com\/de\/wp-json\/wp\/v2\/product_cat?post=85107"},{"taxonomy":"product_tag","embeddable":true,"href":"https:\/\/air-masters.com\/de\/wp-json\/wp\/v2\/product_tag?post=85107"}],"curies":[{"name":"wp","href":"https:\/\/api.w.org\/{rel}","templated":true}]}}