{"id":85295,"date":"2025-11-06T11:37:33","date_gmt":"2025-11-06T10:37:33","guid":{"rendered":"https:\/\/air-masters.com\/?post_type=product&#038;p=85295"},"modified":"2025-11-06T12:42:41","modified_gmt":"2025-11-06T11:42:41","slug":"ringduesen-druckluft-air-aw12-oeint-320mm","status":"publish","type":"product","link":"https:\/\/air-masters.com\/de\/ringdusen-druckluft\/ringduesen-druckluft-air-aw12-oeint-320mm\/","title":{"rendered":"Ringd\u00fcsen Druckluft  AIR-AW12 \u00d8Int. 320mm"},"content":{"rendered":"","protected":false},"excerpt":{"rendered":"<p><b>Ringd\u00fcsen Druckluft.<\/b>\u00a0Abblasen, Reinigen, Trocknen und K\u00fchlen von Kabeln, Leitungen, Stranggepressprofilen Kunststoff- und Metallschl\u00e4uchen, Metalldr\u00e4hten und Seilen. Gleichm\u00e4\u00dfiger Luftstrom, Durchflussmenge und -kraft einstellbar. Das\u00a0<b>\u00a0Ringd\u00fcsen\u00a0<\/b>System ist leicht zu montieren und zu warten.<\/p>\n<p>Die\u00a0<b>Ringd\u00fcse\u00a0<\/b>reduziert sowohl den Druckluftverbrauch als auch den Ger\u00e4uschpegel. Unter Ausnutzung des COANDA-Effekts bildet sich ein schneller, trichterf\u00f6rmiger Luftstrom, der ein gro\u00dfes Volumen an Umgebungsluft mitrei\u00dft. Auf diese Weise erh\u00e4lt man mit geringem Einsatz an\u00a0<b>Druckluft<\/b>\u00a0einen bis zu 30-fachen Luftstrom. Durch die Luftdruckeinsparung amortisiert sich die Mehrausgabe f\u00fcr eine\u00a0\u00a0<b>Ringd\u00fcse<\/b>\u00a0oft schon nach wenigen Wochen, vor allem im Vergleich zu D\u00fcsenringen, die bei anderen Systemen verwendet werden.<\/p>\n<p><b>Ringd\u00fcsen Druckluft\u00a0<\/b>Mod. AIR-AW12 \u00d8Int. 320mm<\/p>\n","protected":false},"featured_media":69537,"template":"","meta":{"_et_pb_use_builder":"","_et_pb_old_content":"","_et_gb_content_width":""},"product_cat":[22152],"product_tag":[],"class_list":{"0":"post-85295","1":"product","2":"type-product","3":"status-publish","4":"has-post-thumbnail","6":"product_cat-ringdusen-druckluft","8":"first","9":"instock","10":"shipping-taxable","11":"purchasable","12":"product-type-variable","13":"has-default-attributes"},"_links":{"self":[{"href":"https:\/\/air-masters.com\/de\/wp-json\/wp\/v2\/product\/85295"}],"collection":[{"href":"https:\/\/air-masters.com\/de\/wp-json\/wp\/v2\/product"}],"about":[{"href":"https:\/\/air-masters.com\/de\/wp-json\/wp\/v2\/types\/product"}],"wp:featuredmedia":[{"embeddable":true,"href":"https:\/\/air-masters.com\/de\/wp-json\/wp\/v2\/media\/69537"}],"wp:attachment":[{"href":"https:\/\/air-masters.com\/de\/wp-json\/wp\/v2\/media?parent=85295"}],"wp:term":[{"taxonomy":"product_cat","embeddable":true,"href":"https:\/\/air-masters.com\/de\/wp-json\/wp\/v2\/product_cat?post=85295"},{"taxonomy":"product_tag","embeddable":true,"href":"https:\/\/air-masters.com\/de\/wp-json\/wp\/v2\/product_tag?post=85295"}],"curies":[{"name":"wp","href":"https:\/\/api.w.org\/{rel}","templated":true}]}}