{"id":70673,"date":"2014-10-05T00:44:17","date_gmt":"2014-10-04T22:44:17","guid":{"rendered":"https:\/\/air-masters.com\/lames-dair-extra-fr\/lame-d-air-extra-gm02\/"},"modified":"2014-10-05T00:44:17","modified_gmt":"2014-10-04T22:44:17","slug":"lame-d-air-extra-gm02","status":"publish","type":"product","link":"https:\/\/air-masters.com\/fr\/lames-dair-extra\/lame-d-air-extra-gm02\/","title":{"rendered":"Lame d&rsquo;air Extra GM02"},"content":{"rendered":"","protected":false},"excerpt":{"rendered":"<div>Les<b> lames d\u2019air Extra<\/b> sont disponibles avec 2, 4 ou 6 buses, en version Aluminium anodis\u00e9 dur ou en Acier inoxydable 316L. La force de soufflage est r\u00e9glable gr\u00e2ce aux cales internes, qu\u2019il suffit de retirer pour r\u00e9duire la puissance de soufflage, la consommation d\u2019air et le niveau sonore.\u00a0<\/div>\n<\/p>\n<div>Les<b> lames d\u2019air Extra<\/b> \u00e0 air comprim\u00e9 remplacent les tuyaux perc\u00e9s, r\u00e9duisant ainsi consid\u00e9rablement le niveau sonore et la consommation d\u2019air. Elles sont compos\u00e9es de buses facile d\u2019ouverture pour un nettoyage simplifi\u00e9. Les cales internes sont fabriqu\u00e9es en acier inoxydable et garantissent une r\u00e9sistance \u00e9lev\u00e9e a l\u2019usure m\u00e9canique.\u00a0<\/div>\n<\/p>\n<div>Les buses sont fournies avec des cales standard de\u00a00.28\u201d (21.5N).\u00a0<\/div>\n<\/p>\n<div>Des dimensions sp\u00e9ciales sur mesure peuvent \u00eatre r\u00e9alis\u00e9es sans co\u00fbt suppl\u00e9mentaire.<\/div>\n<\/p>\n<div><b>Lames d\u2019air Extra\u00a0<\/b>Mod. GM02<\/div>\n<\/p>\n<div>Voir aussi:\u00a0<a href=\"https:\/\/www.air-masters.eu\/fr\/74-lames-dair-AIRMASTERS\">LAMES D\u2019AIR AIRMASTERS<\/a>,\u00a0<a href=\"https:\/\/www.air-masters.eu\/fr\/76-lames-dair-standard\">LAMES D\u2019AIR STANDARD<\/a><\/div>\n<\/p>\n<p><button class=\"btn btn-default btn-google-plus social-sharing\" type=\"button\"><a href=\"\/fr\/nous-contacter\">DEMANDEZ CE PRODUIT \u00c0 L\u2019 ESSAI!<\/a><\/button><\/p>\n","protected":false},"featured_media":70651,"template":"","meta":{"_et_pb_use_builder":"","_et_pb_old_content":"","_et_gb_content_width":""},"product_cat":[22166],"product_tag":[],"class_list":{"0":"post-70673","1":"product","2":"type-product","3":"status-publish","4":"has-post-thumbnail","6":"product_cat-lames-dair-extra","8":"first","9":"instock","10":"shipping-taxable","11":"purchasable","12":"product-type-variable","13":"has-default-attributes"},"_links":{"self":[{"href":"https:\/\/air-masters.com\/fr\/wp-json\/wp\/v2\/product\/70673"}],"collection":[{"href":"https:\/\/air-masters.com\/fr\/wp-json\/wp\/v2\/product"}],"about":[{"href":"https:\/\/air-masters.com\/fr\/wp-json\/wp\/v2\/types\/product"}],"wp:featuredmedia":[{"embeddable":true,"href":"https:\/\/air-masters.com\/fr\/wp-json\/wp\/v2\/media\/70651"}],"wp:attachment":[{"href":"https:\/\/air-masters.com\/fr\/wp-json\/wp\/v2\/media?parent=70673"}],"wp:term":[{"taxonomy":"product_cat","embeddable":true,"href":"https:\/\/air-masters.com\/fr\/wp-json\/wp\/v2\/product_cat?post=70673"},{"taxonomy":"product_tag","embeddable":true,"href":"https:\/\/air-masters.com\/fr\/wp-json\/wp\/v2\/product_tag?post=70673"}],"curies":[{"name":"wp","href":"https:\/\/api.w.org\/{rel}","templated":true}]}}