{"id":70971,"date":"2014-10-07T14:53:16","date_gmt":"2014-10-07T12:53:16","guid":{"rendered":"https:\/\/air-masters.com\/lames-dair-extra-fr\/lame-d-air-extra-lr04-316l\/"},"modified":"2014-10-07T14:53:16","modified_gmt":"2014-10-07T12:53:16","slug":"lame-d-air-extra-lr04-316l","status":"publish","type":"product","link":"https:\/\/air-masters.com\/fr\/lames-dair-extra\/lame-d-air-extra-lr04-316l\/","title":{"rendered":"Lame d&rsquo;air Extra LR04S-316L"},"content":{"rendered":"","protected":false},"excerpt":{"rendered":"<p><strong>Les lames d&rsquo;air Extra LR<\/strong> sont disponibles avec 2, 3, 4 et 6 buses en aluminium ou en acier inoxydable 304 et 316L. Les lames d&rsquo;air comprim\u00e9 Extra LR remplacent les tubes perfor\u00e9s et r\u00e9duisent significativement le niveau sonore et la consommation d&rsquo;air, assurant une haute r\u00e9sistance \u00e0 l&rsquo;usure m\u00e9canique.<\/p>\n<p>La buse utilis\u00e9e pour ces lames est la AIR-M104S-316L.<\/p>\n<p>Vous pouvez les commander sur mesure sur demande et sans frais suppl\u00e9mentaires.<\/p>\n<div><\/div>\n<div><b>Lames d\u2019air Extra LR\u00a0<\/b>Mod.\u00a0LR04S-316L<\/div>\n<div><\/div>\n<div>\n<div>Voir aussi:\u00a0<a href=\"https:\/\/www.air-masters.eu\/fr\/74-lames-dair-AIRMASTERS\">LAMES D\u2019AIR AIRMASTERS<\/a>,\u00a0<a href=\"https:\/\/www.air-masters.eu\/fr\/76-lames-dair-standard\">LAMES D\u2019AIR STANDARD<\/a><\/div>\n<\/p><\/div>\n<p><a href=\"\/it\/contattaci\"><button class=\"btn btn-default btn-google-plus social-sharing\" type=\"button\">DEMANDEZ CE PRODUIT \u00c0 L\u2019 ESSAI!<\/button><\/a><\/p>\n<p><a href=\"http:\/\/www.air-masters.eu\/it\/index.php?controller=attachment&#038;id_attachment=89\"><button class=\"btn btn-warning btn-xs\" type=\"button\">Fiche Technique<\/button><\/a>\u00a0<a href=\"http:\/\/www.air-masters.eu\/it\/index.php?controller=attachment&#038;id_attachment=91\"><button class=\"btn btn-primary btn-xs\" type=\"button\">Outline Pdf<\/button><\/a><\/p>\n","protected":false},"featured_media":70951,"template":"","meta":{"_et_pb_use_builder":"","_et_pb_old_content":"","_et_gb_content_width":""},"product_cat":[22166],"product_tag":[],"class_list":{"0":"post-70971","1":"product","2":"type-product","3":"status-publish","4":"has-post-thumbnail","6":"product_cat-lames-dair-extra","8":"first","9":"instock","10":"shipping-taxable","11":"purchasable","12":"product-type-simple"},"_links":{"self":[{"href":"https:\/\/air-masters.com\/fr\/wp-json\/wp\/v2\/product\/70971"}],"collection":[{"href":"https:\/\/air-masters.com\/fr\/wp-json\/wp\/v2\/product"}],"about":[{"href":"https:\/\/air-masters.com\/fr\/wp-json\/wp\/v2\/types\/product"}],"wp:featuredmedia":[{"embeddable":true,"href":"https:\/\/air-masters.com\/fr\/wp-json\/wp\/v2\/media\/70951"}],"wp:attachment":[{"href":"https:\/\/air-masters.com\/fr\/wp-json\/wp\/v2\/media?parent=70971"}],"wp:term":[{"taxonomy":"product_cat","embeddable":true,"href":"https:\/\/air-masters.com\/fr\/wp-json\/wp\/v2\/product_cat?post=70971"},{"taxonomy":"product_tag","embeddable":true,"href":"https:\/\/air-masters.com\/fr\/wp-json\/wp\/v2\/product_tag?post=70971"}],"curies":[{"name":"wp","href":"https:\/\/api.w.org\/{rel}","templated":true}]}}