{"id":71088,"date":"2023-11-16T13:00:05","date_gmt":"2023-11-16T12:00:05","guid":{"rendered":"https:\/\/air-masters.com\/?post_type=product&#038;p=71088"},"modified":"2024-07-31T14:31:54","modified_gmt":"2024-07-31T12:31:54","slug":"amplificateur-dair-airmasters10","status":"publish","type":"product","link":"https:\/\/air-masters.com\/fr\/amplificateurs-dair\/amplificateur-dair-airmasters10\/","title":{"rendered":"Amplificateur d&rsquo;air comprim\u00e9 AIRMASTERS10"},"content":{"rendered":"","protected":false},"excerpt":{"rendered":"<p>Les <a href=\"https:\/\/air-masters.com\/fr\/amplificateurs-dair\/\"><strong>amplificateurs d\u2019air<\/strong> <strong>comprim\u00e9<\/strong><\/a> sont des dispositifs simples, peu co\u00fbteux, sans entretien, qui \u00e9vacuent vapeurs, fum\u00e9es, ou mat\u00e9riaux l\u00e9gers et d\u00e9placent un large volume d\u2019air pour le refroidissement, le nettoyage et le s\u00e9chage. Les <strong>amplificateurs d\u2019air<\/strong> utilisent l\u2019effet COANDA qui entra\u00eene un grand volume d\u2019air de la zone environnante avec une petite quantit\u00e9 d\u2019<strong>air comprim\u00e9<\/strong>.<\/p>\n<p>Ce qui r\u00e9sulte en une amplification du flux d\u2019air 30 fois sup\u00e9rieure, voir plus (selon la taille de l&rsquo;<strong>amplificateurs d\u2019air<\/strong> <strong>comprim\u00e9<\/strong>) avec un niveau sonore r\u00e9duit. Fonctionnant exclusivement \u00e0 l\u2019<strong>air comprim\u00e9<\/strong>, le d\u00e9bit de sortie et l\u2019aspiration des <strong>amplificateurs d\u2019air<\/strong> <strong>comprim\u00e9<\/strong> peuvent \u00eatre facilement contr\u00f4l\u00e9s en ajustant ou en ouvrant les ouvertures d\u2019air ou la pression d\u2019entr\u00e9e. Chaque extr\u00e9mit\u00e9 de l\u2019<strong>amplificateur d&rsquo;air<\/strong> peut \u00eatre raccord\u00e9e afin de convenir \u00e0 toute sorte d\u2019application, tel que convoyer de l\u2019air froid dans une zone, ou \u00e9vacuer des vapeurs toxiques. M\u00e9fiez-vous de certains rapports d\u2019amplification totalement irr\u00e9alistes ou infond\u00e9s fournis par certaines soci\u00e9t\u00e9s. Les <strong>amplificateurs d\u2019air<\/strong> <strong>comprim\u00e9<\/strong> sont disponibles en acier inoxydable dans sa version r\u00e9glable.<\/p>\n<p>Caution &#8211; un produit qui ne comporte pas la gravure \u00ab <strong>Made in Italy<\/strong> \u00bb, n\u2019est pas un produit Airmasters original, combinant la technologie et la performance la plus avanc\u00e9e.<\/p>\n<p><strong>Amplificateur d\u2019air<\/strong> <strong>comprim\u00e9<\/strong> Mod. AIRMASTERS10<\/p>\n","protected":false},"featured_media":71051,"template":"","meta":{"_et_pb_use_builder":"","_et_pb_old_content":"","_et_gb_content_width":""},"product_cat":[22146],"product_tag":[],"class_list":{"0":"post-71088","1":"product","2":"type-product","3":"status-publish","4":"has-post-thumbnail","6":"product_cat-amplificateurs-dair","8":"first","9":"instock","10":"shipping-taxable","11":"purchasable","12":"product-type-variable","13":"has-default-attributes"},"_links":{"self":[{"href":"https:\/\/air-masters.com\/fr\/wp-json\/wp\/v2\/product\/71088"}],"collection":[{"href":"https:\/\/air-masters.com\/fr\/wp-json\/wp\/v2\/product"}],"about":[{"href":"https:\/\/air-masters.com\/fr\/wp-json\/wp\/v2\/types\/product"}],"wp:featuredmedia":[{"embeddable":true,"href":"https:\/\/air-masters.com\/fr\/wp-json\/wp\/v2\/media\/71051"}],"wp:attachment":[{"href":"https:\/\/air-masters.com\/fr\/wp-json\/wp\/v2\/media?parent=71088"}],"wp:term":[{"taxonomy":"product_cat","embeddable":true,"href":"https:\/\/air-masters.com\/fr\/wp-json\/wp\/v2\/product_cat?post=71088"},{"taxonomy":"product_tag","embeddable":true,"href":"https:\/\/air-masters.com\/fr\/wp-json\/wp\/v2\/product_tag?post=71088"}],"curies":[{"name":"wp","href":"https:\/\/api.w.org\/{rel}","templated":true}]}}