{"id":71133,"date":"2014-10-10T11:33:58","date_gmt":"2014-10-10T09:33:58","guid":{"rendered":"https:\/\/air-masters.com\/amplificateurs-dair-fr\/amplificateur-dair-airmasters20\/"},"modified":"2014-10-10T11:33:58","modified_gmt":"2014-10-10T09:33:58","slug":"amplificateur-dair-airmasters20","status":"publish","type":"product","link":"https:\/\/air-masters.com\/fr\/amplificateurs-dair\/amplificateur-dair-airmasters20\/","title":{"rendered":"Amplificateur d\u2019air comprim\u00e9 AIRMASTERS20"},"content":{"rendered":"","protected":false},"excerpt":{"rendered":"<p>Les<b>\u00a0amplificateurs d\u2019air<\/b>\u00a0<b>comprim\u00e9<\/b>\u00a0sont des dispositifs simples, peu couteux, sans entretien, qui \u00e9vacuent vapeurs, fum\u00e9es, ou mat\u00e9riaux l\u00e9gers et d\u00e9placent un large volume d\u2019air pour le refroidissement, le nettoyage et le s\u00e9chage. Les<b>\u00a0amplificateurs d\u2019air\u00a0<\/b>utilisent l\u2019effet COANDA qui entraine un grand volume d\u2019air de la zone environnante avec une petite quantit\u00e9 d\u2019<b>air comprim\u00e9<\/b>.<\/p>\n<p>Ce qui r\u00e9sulte en une amplification du flux d\u2019air 30\u00a0fois sup\u00e9rieure, voir plus (selon la taille de l&rsquo;<b>amplificateurs d\u2019air<\/b>\u00a0<b>comprim\u00e9<\/b>) avec un niveau sonore r\u00e9duit. Fonctionnant exclusivement \u00e0 l\u2019<b>air comprim\u00e9<\/b>, le d\u00e9bit de sortie et l\u2019aspiration \u00a0des\u00a0<b>\u00a0amplificateurs d\u2019air<\/b>\u00a0<b>comprim\u00e9<\/b>\u00a0peuvent \u00eatre facilement contr\u00f4l\u00e9s en ajustant ou en ouvrant les ouvertures d\u2019air ou la pression d\u2019entr\u00e9e. Chaque extr\u00e9mit\u00e9 de l\u2019<b>amplificateur d&rsquo;air<\/b>\u00a0peut \u00eatre raccord\u00e9e afin de convenir \u00e0 toute sorte d\u2019application, tel que convoyer de l\u2019air froid dans une zone, ou \u00e9vacuer des vapeurs toxiques. M\u00e9fiez vous de certains rapports d\u2019amplification totalement irr\u00e9alistes ou infond\u00e9s fournis par certaines soci\u00e9t\u00e9s. Les<b>\u00a0amplificateurs d\u2019air\u00a0<b>comprim\u00e9\u00a0<\/b><\/b>son disponible en acier inoxydable dans sa version r\u00e9glables.<\/p>\n<p><span style=\"font-family: Helvetica; font-size: 12px;\">Caution &#8211; un produit qui ne comporte pas la gravure \u00ab\u00a0<strong>Made in Italy<\/strong> \u00ab, n\u2019est pas un produit Airmasters original, combinant la technologie et la performance la plus avanc\u00e9e. \u00a0<\/span><\/p>\n<p><b>Amplificateurs d\u2019air\u00a0<b>comprim\u00e9\u00a0<\/b><\/b>Mod. AIRMASTERS20<\/p>\n<p>Ver aussi:\u00a0<a href=\"https:\/\/www.air-masters.eu\/fr\/17-buses-de-soufflage\">BUSES DE SOUFFLAGE\u00a0<\/a>,\u00a0<a href=\"https:\/\/www.air-masters.eu\/fr\/74-lames-dair-AIRMASTERS\">LAMES D\u2019AIR AIRMASTERS\u00a0<\/a><\/p>\n<\/p>\n<p><a href=\"\/it\/contattaci\"><button class=\"btn btn-default btn-google-plus social-sharing\" type=\"button\">DEMANDEZ CE PRODUIT \u00c0 L\u2019 ESSAI!<\/button><\/a><\/p>\n<p><a href=\"http:\/\/www.air-masters.eu\/it\/index.php?controller=attachment&#038;id_attachment=97\"><button class=\"btn btn-warning btn-xs\" type=\"button\">Fiche Technique<\/button><\/a>\u00a0<a href=\"http:\/\/www.air-masters.eu\/it\/index.php?controller=attachment&#038;id_attachment=99\"><button class=\"btn btn-primary btn-xs\" type=\"button\">Outline Pdf<\/button><\/a>\u00a0<button class=\"btn btn-danger btn-xs\" type=\"button\"><a href=\"http:\/\/www.air-masters.eu\/it\/index.php?controller=attachment&#038;id_attachment=100\">Outline Dwg<br \/><\/a><\/button><\/p>\n<\/p>\n<div id=\"rtcc-nm-installed\"><\/div>\n<div id=\"rtcc-nm-installed\"><\/div>\n<div id=\"rtcc-nm-installed\"><\/div>\n<div id=\"rtcc-nm-installed\"><\/div>\n","protected":false},"featured_media":71096,"template":"","meta":{"_et_pb_use_builder":"","_et_pb_old_content":"","_et_gb_content_width":""},"product_cat":[22146],"product_tag":[],"class_list":{"0":"post-71133","1":"product","2":"type-product","3":"status-publish","4":"has-post-thumbnail","6":"product_cat-amplificateurs-dair","8":"first","9":"instock","10":"shipping-taxable","11":"purchasable","12":"product-type-variable","13":"has-default-attributes"},"_links":{"self":[{"href":"https:\/\/air-masters.com\/fr\/wp-json\/wp\/v2\/product\/71133"}],"collection":[{"href":"https:\/\/air-masters.com\/fr\/wp-json\/wp\/v2\/product"}],"about":[{"href":"https:\/\/air-masters.com\/fr\/wp-json\/wp\/v2\/types\/product"}],"wp:featuredmedia":[{"embeddable":true,"href":"https:\/\/air-masters.com\/fr\/wp-json\/wp\/v2\/media\/71096"}],"wp:attachment":[{"href":"https:\/\/air-masters.com\/fr\/wp-json\/wp\/v2\/media?parent=71133"}],"wp:term":[{"taxonomy":"product_cat","embeddable":true,"href":"https:\/\/air-masters.com\/fr\/wp-json\/wp\/v2\/product_cat?post=71133"},{"taxonomy":"product_tag","embeddable":true,"href":"https:\/\/air-masters.com\/fr\/wp-json\/wp\/v2\/product_tag?post=71133"}],"curies":[{"name":"wp","href":"https:\/\/api.w.org\/{rel}","templated":true}]}}