{"id":71566,"date":"2014-10-25T14:09:43","date_gmt":"2014-10-25T12:09:43","guid":{"rendered":"https:\/\/air-masters.com\/tubes-vortex-fr\/tube-vortex-air-m8h\/"},"modified":"2014-10-25T14:09:43","modified_gmt":"2014-10-25T12:09:43","slug":"tube-vortex-air-m8h","status":"publish","type":"product","link":"https:\/\/air-masters.com\/fr\/tubes-vortex\/tube-vortex-air-m8h\/","title":{"rendered":"Tube Vortex AIR-M8H"},"content":{"rendered":"","protected":false},"excerpt":{"rendered":"<p>Le\u00a0<strong>t<\/strong><b>ube vortex<\/b>\u00a0est fabriqu\u00e9 en acier inoxydable. Le\u00a0<b>tube vortex<\/b>\u00a0est form\u00e9 d&rsquo;un g\u00e9n\u00e9rateur et d\u2019une valve fabriqu\u00e9s en laiton, ce qui permet son utilisation dans la plupart des environnements et assure la durabilit\u00e9 et la compatibilit\u00e9 du produit (la plupart des\u00a0<b>tubes vortex<\/b>\u00a0concurrents comprennent, quant \u00e0 eux, des g\u00e9n\u00e9rateurs en plastique). Il convient ainsi particuli\u00e8rement dans des environnements \u00e0 haute temp\u00e9rature, \u00e9vitant ainsi le co\u00fbt d&rsquo;un investissement suppl\u00e9mentaire. Les temp\u00e9ratures d\u2019utilisation oscillent entre -46\u00baC et + 127\u00baC. La conception unique du\u00a0<strong>t<\/strong><b>ube Vortex<\/b>\u00a0et les mat\u00e9riaux de qualit\u00e9 utilis\u00e9s pour sa fabrication vous garantiront des ann\u00e9es de performance sans maintenance. Le\u00a0<strong>t<\/strong><b>ube vortex<\/b>\u00a0est un dispositif fonctionnant gr\u00e2ce \u00e0 une arriv\u00e9e standard d\u2019air comprim\u00e9.<\/p>\n<p>L\u2019air p\u00e9n\u00e9trant dans le\u00a0<b>tube vortex<\/b>\u00a0est s\u00e9par\u00e9 en deux parties: l\u2019air froid \u00e0 une extr\u00e9mit\u00e9, l\u2019air chaud \u00e0 l\u2019autre extr\u00e9mit\u00e9. Le\u00a0<strong>t<\/strong><b>ube vortex\u00a0<\/b>poss\u00e8de une valve ajustable du cot\u00e9 chaud, qui contr\u00f4le le d\u00e9bit et la temp\u00e9rature de l\u2019air sortant du cot\u00e9 froid. En ajustant la valve, vous contr\u00f4lez le \u00ab Taux de froid \u00bb (\u00abcold fraction\u00bb), qui repr\u00e9sente le pourcentage de la totalit\u00e9 de l\u2019air comprim\u00e9 entr\u00e9 qui ressort au cot\u00e9 froid du Tube Vortex. Il existe 24 types de g\u00e9n\u00e9rateurs \u00e0 capacit\u00e9s diff\u00e9rentes pour notre\u00a0<strong>t<\/strong><b>ube vortex<\/b>. Nous vous recommandons pour leur utilisation une pression de 7 bar.<\/p>\n<p><b>Tube Vortex<\/b>\u00a0Mod. AIR-M8H<\/p>\n<p>Voir aussi:\u00a0<a href=\"https:\/\/www.air-masters.eu\/fr\/57-climatiseurs-d-armoire\">CLIMATISEURS D&rsquo;ARMOIRE<\/a>,\u00a0<a href=\"https:\/\/www.air-masters.eu\/fr\/73-pistolets-dair-froid\">PISTOLETS D\u2019AIR FROID<\/a><\/p>\n<\/p>\n<p><a href=\"\/fr\/nous-contacter\"><button class=\"btn btn-default btn-google-plus social-sharing\" type=\"button\">DEMANDEZ CE PRODUIT \u00c0 L\u2019 ESSAI!<\/button><\/a><\/p>\n<p><a href=\"http:\/\/www.air-masters.eu\/it\/index.php?controller=attachment&#038;id_attachment=124\"><button class=\"btn btn-warning btn-xs\" type=\"button\">Fiche Technique<\/button><\/a>\u00a0<a href=\"http:\/\/www.air-masters.eu\/it\/index.php?controller=attachment&#038;id_attachment=126\"><button class=\"btn btn-primary btn-xs\" type=\"button\">Outline Pdf<\/button><\/a>\u00a0<a href=\"http:\/\/www.air-masters.eu\/it\/index.php?controller=attachment&#038;id_attachment=130\"><button class=\"btn btn-danger btn-xs\" type=\"button\">Outline Dwg<\/button><\/a><\/p>\n<div id=\"rtcc-nm-installed\"><\/div>\n<div id=\"rtcc-nm-installed\"><\/div>\n<div id=\"rtcc-nm-installed\"><\/div>\n<div id=\"rtcc-nm-installed\"><\/div>\n","protected":false},"featured_media":71516,"template":"","meta":{"_et_pb_use_builder":"","_et_pb_old_content":"","_et_gb_content_width":""},"product_cat":[22161],"product_tag":[],"class_list":{"0":"post-71566","1":"product","2":"type-product","3":"status-publish","4":"has-post-thumbnail","6":"product_cat-tubes-vortex","8":"first","9":"instock","10":"shipping-taxable","11":"purchasable","12":"product-type-variable","13":"has-default-attributes"},"_links":{"self":[{"href":"https:\/\/air-masters.com\/fr\/wp-json\/wp\/v2\/product\/71566"}],"collection":[{"href":"https:\/\/air-masters.com\/fr\/wp-json\/wp\/v2\/product"}],"about":[{"href":"https:\/\/air-masters.com\/fr\/wp-json\/wp\/v2\/types\/product"}],"wp:featuredmedia":[{"embeddable":true,"href":"https:\/\/air-masters.com\/fr\/wp-json\/wp\/v2\/media\/71516"}],"wp:attachment":[{"href":"https:\/\/air-masters.com\/fr\/wp-json\/wp\/v2\/media?parent=71566"}],"wp:term":[{"taxonomy":"product_cat","embeddable":true,"href":"https:\/\/air-masters.com\/fr\/wp-json\/wp\/v2\/product_cat?post=71566"},{"taxonomy":"product_tag","embeddable":true,"href":"https:\/\/air-masters.com\/fr\/wp-json\/wp\/v2\/product_tag?post=71566"}],"curies":[{"name":"wp","href":"https:\/\/api.w.org\/{rel}","templated":true}]}}