{"id":72975,"date":"2014-11-29T15:32:34","date_gmt":"2014-11-29T14:32:34","guid":{"rendered":"https:\/\/air-masters.com\/climatiseurs-d-armoire-fr\/climatiseur-d-armoire-air-cc15-ip54\/"},"modified":"2014-11-29T15:32:34","modified_gmt":"2014-11-29T14:32:34","slug":"climatiseur-d-armoire-air-cc15-ip54","status":"publish","type":"product","link":"https:\/\/air-masters.com\/fr\/climatiseurs-d-armoire\/climatiseur-d-armoire-air-cc15-ip54\/","title":{"rendered":"Climatiseur d&rsquo;armoire AIR-CC15-IP54"},"content":{"rendered":"","protected":false},"excerpt":{"rendered":"<p>Le<b>\u00a0refroidisseur d\u2019armoire par tube vortex<\/b>\u00a0 est un moyen \u00e9conomique pour refroidir les armoires de contr\u00f4le \u00e9lectriques et \u00e9lectroniques. Il utilise un\u00a0<b>tube Vortex<\/b>\u00a0pour cr\u00e9er un flux d\u2019air froid \u00e0 partir de l\u2019air comprim\u00e9. Tous nos mod\u00e8les de\u00a0<b>refroidisseurs d\u2019armoire par tube vortex<\/b>\u00a0sont fabriqu\u00e9s enti\u00e8rement en acier inoxydable, ext\u00e9rieur (coque externe) et int\u00e9rieur (<b>tube vortex<\/b>). Les\u00a0<b>refroidisseurs d\u2019armoire par tube vortex<\/b>\u00a0ne comportent aucune pi\u00e8ce mobile. Compacts, les\u00a0<b>refroidisseurs d\u2019armoire par tube vortex<\/b>\u00a0peuvent \u00eatre install\u00e9s en quelques minutes sur le dessus ou sur le cot\u00e9 du panneau \u00e9lectrique, \u00e0 travers une ouverture.<\/p>\n<p>Les\u00a0<b>refroidisseurs d\u2019armoire par tube vortex<\/b>\u00a0conviennent particuli\u00e8rement aux panneaux \u00e9lectriques NEMA Type 12 (IP54), NEMA Type 3R(IP 14) et NEMA Type 4\u20104X(IP66).<\/p>\n<p>Les\u00a0<b>refroidisseurs d\u2019armoire par tube vortex<\/b>\u00a0sont disponibles en plusieurs capacit\u00e9s. Des mod\u00e8les fabriqu\u00e9s en acier inoxydable 316L sont \u00e9galement disponibles. Nous conseillons l\u2019installation d\u2019un filtre, d\u2019une \u00e9lectrovanne et d\u2019un thermostat. Notre mod\u00e8le standard convient parfaitement dans des environnements dont la temp\u00e9rature ambiante peut atteindre +67\u00b0C. Un mod\u00e8le sp\u00e9cial haute temp\u00e9rature est \u00e9galement disponible pour des temp\u00e9ratures pouvant atteindre +93\u00b0C et au del\u00e0.<\/p>\n<p><b>Refroidisseur d\u2019armoire<b>\u00a0par tube vortex<\/b>\u00a0<\/b>Mod. AIR-CC15-IP54<\/p>\n<p>Ver aussi:\u00a0<a href=\"https:\/\/www.air-masters.eu\/fr\/49-tubes-vortex\">TUBES VORTEX<\/a>,\u00a0<a href=\"https:\/\/www.air-masters.eu\/fr\/73-pistolets-dair-froid\">PISTOLETS D\u2019AIR FROID\u00a0<\/a><\/p>\n<\/p>\n<p><a href=\"\/fr\/nous-contacter\"><button class=\"btn btn-default btn-google-plus social-sharing\" type=\"button\">DEMANDEZ CE PRODUIT \u00c0 L\u2019 ESSAI!<\/button><\/a><\/p>\n<p><a href=\"http:\/\/www.air-masters.eu\/it\/index.php?controller=attachment&#038;id_attachment=26\"><button class=\"btn btn-warning btn-xs\" type=\"button\">Fiche Technique<\/button><\/a>\u00a0<a href=\"http:\/\/www.air-masters.eu\/it\/index.php?controller=attachment&#038;id_attachment=23\"><button class=\"btn btn-primary btn-xs\" type=\"button\">Outline Pdf<\/button><\/a>\u00a0<button class=\"btn btn-danger btn-xs\" type=\"button\"><a href=\"http:\/\/www.air-masters.eu\/it\/index.php?controller=attachment&#038;id_attachment=24\">Outline Dwg<\/a><\/button><\/p>\n","protected":false},"featured_media":72951,"template":"","meta":{"_et_pb_use_builder":"","_et_pb_old_content":"","_et_gb_content_width":""},"product_cat":[22156],"product_tag":[],"class_list":{"0":"post-72975","1":"product","2":"type-product","3":"status-publish","4":"has-post-thumbnail","6":"product_cat-climatiseurs-d-armoire","8":"first","9":"instock","10":"shipping-taxable","11":"purchasable","12":"product-type-variable","13":"has-default-attributes"},"_links":{"self":[{"href":"https:\/\/air-masters.com\/fr\/wp-json\/wp\/v2\/product\/72975"}],"collection":[{"href":"https:\/\/air-masters.com\/fr\/wp-json\/wp\/v2\/product"}],"about":[{"href":"https:\/\/air-masters.com\/fr\/wp-json\/wp\/v2\/types\/product"}],"wp:featuredmedia":[{"embeddable":true,"href":"https:\/\/air-masters.com\/fr\/wp-json\/wp\/v2\/media\/72951"}],"wp:attachment":[{"href":"https:\/\/air-masters.com\/fr\/wp-json\/wp\/v2\/media?parent=72975"}],"wp:term":[{"taxonomy":"product_cat","embeddable":true,"href":"https:\/\/air-masters.com\/fr\/wp-json\/wp\/v2\/product_cat?post=72975"},{"taxonomy":"product_tag","embeddable":true,"href":"https:\/\/air-masters.com\/fr\/wp-json\/wp\/v2\/product_tag?post=72975"}],"curies":[{"name":"wp","href":"https:\/\/api.w.org\/{rel}","templated":true}]}}