{"id":73444,"date":"2015-07-17T12:25:05","date_gmt":"2015-07-17T10:25:05","guid":{"rendered":"https:\/\/air-masters.com\/pistolets-dair-froid-fr\/pistolet-d-air-froid-air-mtc\/"},"modified":"2015-07-17T12:25:05","modified_gmt":"2015-07-17T10:25:05","slug":"pistolet-d-air-froid-air-mtc","status":"publish","type":"product","link":"https:\/\/air-masters.com\/fr\/pistolets-dair-froid\/pistolet-d-air-froid-air-mtc\/","title":{"rendered":"Pistolet d&rsquo;air froid AIR-MTC"},"content":{"rendered":"","protected":false},"excerpt":{"rendered":"<p>Le<b> refroidisseur d\u2019outil<\/b> ou<b> pistolet \u00e0 air froid<\/b> de est fabriqu\u00e9 en acier inoxydable, de m\u00eame que son <b>tube vortex<\/b> interne, et poss\u00e8de un g\u00e9n\u00e9rateur en laiton. Le<b>\u00a0refroidisseur d\u2019outil\u00a0<\/b>ou<b>\u00a0pistolet \u00e0 air froid<\/b>\u00a0ne comporte aucune pi\u00e8ce plastique! Il peut \u00eatre utilis\u00e9 dans les environnements \u00e0 haute temp\u00e9rature. Le<b>\u00a0refroidisseur d\u2019outil\u00a0<\/b>ou<b>\u00a0pistolet \u00e0 air froid<\/b>\u00a0\u00a0produit de l\u2019<b>air comprim\u00e9 froid<\/b> \u00e0 partir de l\u2019air comprim\u00e9 et sert pour le <b>refroidissement d\u2019outils<\/b> et autres applications, rempla\u00e7ant ainsi les syst\u00e8mes de brouillard d\u2019huiles salissants.<\/p>\n<p>Le <b>refroidisseur d\u2019outil\u00a0<\/b>ou<b>\u00a0pistolet \u00e0 air froid<\/b>\u00a0est disponible en plusieurs capacit\u00e9s: 15, 25, 30, et 40, ainsi qu\u2019en deux versions: sortie simple ou double sortie.<\/p>\n<p>Le<b> refroidisseur d\u2019outil\u00a0<\/b>ou<b>\u00a0pistolet \u00e0 air froid<\/b>\u00a0comporte une base magn\u00e9tique solide int\u00e9gr\u00e9e. Tous les dispositifs sont munis de silencieux pour un fonctionnement sans bruit. Nous recommandons une pression d\u2019utilisation de 5 \u00e0 7 Bars.<\/p>\n<p><strong>Les donn\u00e9es ci-dessous correspondent au mod\u00e8le AIR-MTC25.<\/strong><\/p>\n<p><b><b>Refroidisseur d\u2019outil<\/b> <\/b>Mod. AIR-MTC<\/p>\n<p>Ver aussi:\u00a0<a href=\"https:\/\/www.air-masters.eu\/fr\/57-climatiseurs-d-armoire\">CLIMATISEURS D&rsquo;ARMOIRE<\/a>,\u00a0<a href=\"https:\/\/www.air-masters.eu\/fr\/49-tubes-vortex\">TUBES VORTEX <\/a><\/p>\n<\/p>\n<p><a href=\"\/it\/contattaci\"><button class=\"btn btn-default btn-google-plus social-sharing\" type=\"button\">DEMANDEZ CE PRODUIT \u00c0 L\u2019 ESSAI!<\/button><\/a><\/p>\n<p><a href=\"http:\/\/www.air-masters.eu\/it\/index.php?controller=attachment&#038;id_attachment=151\"><button class=\"btn btn-warning btn-xs\" type=\"button\">Fiche Technique<\/button><\/a>\u00a0<a href=\"http:\/\/www.air-masters.eu\/it\/index.php?controller=attachment&#038;id_attachment=155\"><button class=\"btn btn-primary btn-xs\" type=\"button\">Outline Pdf<\/button><\/a>\u00a0<a href=\"http:\/\/www.air-masters.eu\/it\/index.php?controller=attachment&#038;id_attachment=156\"><button class=\"btn btn-danger btn-xs\" type=\"button\">Outline Dwg<\/button><\/a><\/p>\n<div id=\"rtcc-nm-installed\"><\/div>\n<div id=\"rtcc-nm-installed\"><\/div>\n<div id=\"rtcc-nm-installed\"><\/div>\n<div id=\"rtcc-nm-installed\"><\/div>\n","protected":false},"featured_media":73356,"template":"","meta":{"_et_pb_use_builder":"","_et_pb_old_content":"","_et_gb_content_width":""},"product_cat":[22186],"product_tag":[],"class_list":{"0":"post-73444","1":"product","2":"type-product","3":"status-publish","4":"has-post-thumbnail","6":"product_cat-pistolets-dair-froid","8":"first","9":"instock","10":"shipping-taxable","11":"purchasable","12":"product-type-variable","13":"has-default-attributes"},"_links":{"self":[{"href":"https:\/\/air-masters.com\/fr\/wp-json\/wp\/v2\/product\/73444"}],"collection":[{"href":"https:\/\/air-masters.com\/fr\/wp-json\/wp\/v2\/product"}],"about":[{"href":"https:\/\/air-masters.com\/fr\/wp-json\/wp\/v2\/types\/product"}],"wp:featuredmedia":[{"embeddable":true,"href":"https:\/\/air-masters.com\/fr\/wp-json\/wp\/v2\/media\/73356"}],"wp:attachment":[{"href":"https:\/\/air-masters.com\/fr\/wp-json\/wp\/v2\/media?parent=73444"}],"wp:term":[{"taxonomy":"product_cat","embeddable":true,"href":"https:\/\/air-masters.com\/fr\/wp-json\/wp\/v2\/product_cat?post=73444"},{"taxonomy":"product_tag","embeddable":true,"href":"https:\/\/air-masters.com\/fr\/wp-json\/wp\/v2\/product_tag?post=73444"}],"curies":[{"name":"wp","href":"https:\/\/api.w.org\/{rel}","templated":true}]}}