{"id":73604,"date":"2015-07-21T08:01:07","date_gmt":"2015-07-21T06:01:07","guid":{"rendered":"https:\/\/air-masters.com\/pistolets-dair-froid-fr\/pistolet-d-air-froid-air-mtc-mini\/"},"modified":"2015-07-21T08:01:07","modified_gmt":"2015-07-21T06:01:07","slug":"pistolet-d-air-froid-air-mtc-mini","status":"publish","type":"product","link":"https:\/\/air-masters.com\/fr\/pistolets-dair-froid\/pistolet-d-air-froid-air-mtc-mini\/","title":{"rendered":"Pistolet d&rsquo;air froid AIR-MTC Mini"},"content":{"rendered":"","protected":false},"excerpt":{"rendered":"<p><b>Le <b>refroidisseur d\u2019outil\u00a0<\/b>ou<b>\u00a0pistolet \u00e0 air froid<\/b><\/b>\u00a0Mini de est fabriqu\u00e9 en acier inoxydable, ext\u00e9rieur et int\u00e9rieur, et poss\u00e8de un g\u00e9n\u00e9rateur en laiton. Le\u00a0<b>refroidisseur d\u2019outil\u00a0<\/b>ou<b>\u00a0pistolet \u00e0 air froid<\/b>\u00a0ne comporte aucune pi\u00e8ce plastique! Le\u00a0<b>refroidisseur d\u2019outil\u00a0<\/b>ou<b>\u00a0pistolet \u00e0 air froid<\/b>\u00a0peut \u00eatre utilis\u00e9 dans les environnements \u00e0 haute temp\u00e9rature. Le\u00a0<b>refroidisseur d\u2019outil\u00a0<\/b>ou<b>\u00a0pistolet \u00e0 air froid<\/b>\u00a0produit de l\u2019<b>air froid \u00e0 partir d\u2019air comprim\u00e9<\/b> et sert pour le refroidissement d\u2019outils et autres applications, rempla\u00e7ant ainsi les syst\u00e8mes de brouillard d\u2019huiles salissants.<\/p>\n<p>Le\u00a0<b>refroidisseur d\u2019outil\u00a0<\/b>ou<b>\u00a0pistolet \u00e0 air froid\u00a0<\/b>est disponible avec une capacit\u00e9 de 8H, et existe en plusieurs versions: avec silencieux (mod. 56018 sans base magn\u00e9tique), sans silencieux (mod. 56108F sans base magn\u00e9tique) ou avec base magn\u00e9tique (mod. 57008F, silencieux et tuyau fl\u00e9xible inclus). Nous recommandons une pression d\u2019utilisation de 5 \u00e0 7 Bars.<\/p>\n<p><b><b>Refroidisseur d\u2019outil\u00a0<\/b>ou<b>\u00a0pistolet \u00e0 air froid<\/b>\u00a0<\/b>Mod. AIR-MTC Mini<\/p>\n<p>Voir aussi:\u00a0<a href=\"https:\/\/www.air-masters.eu\/fr\/49-tubes-vortex\">TUBES VORTEX<\/a>,\u00a0<a href=\"https:\/\/www.air-masters.eu\/fr\/57-climatiseurs-d-armoire\">CLIMATISEURS D&rsquo;ARMOIRE<\/a><\/p>\n<\/p>\n<p><a href=\"\/it\/contattaci\"><button class=\"btn btn-default btn-google-plus social-sharing\" type=\"button\">DEMANDEZ CE PRODUIT \u00c0 L\u2019 ESSAI!<\/button><\/a><\/p>\n<p><a href=\"http:\/\/www.air-masters.eu\/it\/index.php?controller=attachment&#038;id_attachment=151\"><button class=\"btn btn-warning btn-xs\" type=\"button\">Fiche Technique<\/button><\/a>\u00a0<a href=\"http:\/\/www.air-masters.eu\/it\/index.php?controller=attachment&#038;id_attachment=155\"><button class=\"btn btn-primary btn-xs\" type=\"button\">Outline Pdf<\/button><\/a>\u00a0<button class=\"btn btn-danger btn-xs\" type=\"button\"><a href=\"http:\/\/www.air-masters.eu\/it\/index.php?controller=attachment&#038;id_attachment=156\">Outline Dwg<\/a><\/button><\/p>\n","protected":false},"featured_media":73571,"template":"","meta":{"_et_pb_use_builder":"","_et_pb_old_content":"","_et_gb_content_width":""},"product_cat":[22186],"product_tag":[],"class_list":{"0":"post-73604","1":"product","2":"type-product","3":"status-publish","4":"has-post-thumbnail","6":"product_cat-pistolets-dair-froid","8":"first","9":"instock","10":"shipping-taxable","11":"purchasable","12":"product-type-variable","13":"has-default-attributes"},"_links":{"self":[{"href":"https:\/\/air-masters.com\/fr\/wp-json\/wp\/v2\/product\/73604"}],"collection":[{"href":"https:\/\/air-masters.com\/fr\/wp-json\/wp\/v2\/product"}],"about":[{"href":"https:\/\/air-masters.com\/fr\/wp-json\/wp\/v2\/types\/product"}],"wp:featuredmedia":[{"embeddable":true,"href":"https:\/\/air-masters.com\/fr\/wp-json\/wp\/v2\/media\/73571"}],"wp:attachment":[{"href":"https:\/\/air-masters.com\/fr\/wp-json\/wp\/v2\/media?parent=73604"}],"wp:term":[{"taxonomy":"product_cat","embeddable":true,"href":"https:\/\/air-masters.com\/fr\/wp-json\/wp\/v2\/product_cat?post=73604"},{"taxonomy":"product_tag","embeddable":true,"href":"https:\/\/air-masters.com\/fr\/wp-json\/wp\/v2\/product_tag?post=73604"}],"curies":[{"name":"wp","href":"https:\/\/api.w.org\/{rel}","templated":true}]}}