{"id":73668,"date":"2015-09-09T07:53:41","date_gmt":"2015-09-09T05:53:41","guid":{"rendered":"https:\/\/air-masters.com\/pistolets-dair-froid-fr\/pistolet-d-air-froid-air-mtcl1\/"},"modified":"2015-09-09T07:53:41","modified_gmt":"2015-09-09T05:53:41","slug":"pistolet-d-air-froid-air-mtcl1","status":"publish","type":"product","link":"https:\/\/air-masters.com\/fr\/pistolets-dair-froid\/pistolet-d-air-froid-air-mtcl1\/","title":{"rendered":"Pistolet d&rsquo;air froid AIR-MTCL1"},"content":{"rendered":"","protected":false},"excerpt":{"rendered":"<p>Le<b>\u00a0<b>refroidisseur d\u2019outil <b>ajustable<\/b>\u00a0<\/b>ou<b>\u00a0pistolet \u00e0 air froid\u00a0<\/b><\/b>\u00a0de est enti\u00e8rement fabriqu\u00e9 en acier inoxydable et poss\u00e8de un g\u00e9n\u00e9rateur en laiton. Il ne comporte aucune pi\u00e8ce plastique! Il produit une temp\u00e9rature pouvant atteindre -34\u00b0C. Le\u00a0<b><b>refroidisseur d\u2019outil\u00a0<b>ajustable<\/b>\u00a0<\/b>ou<b>\u00a0pistolet \u00e0 air froid<\/b><\/b>\u00a0comprend un g\u00e9n\u00e9rateur interne interchangeable de 25H.<\/p>\n<p>Le\u00a0<b><b>refroidisseur d\u2019outil\u00a0<b>ajustable<\/b>\u00a0<\/b>ou<b>\u00a0pistolet \u00e0 air froid<\/b><\/b>\u00a0est vendu seul ou fourni avec un kit comprenant une base magn\u00e9tique, une simple et double sortie, et deux g\u00e9n\u00e9rateurs suppl\u00e9mentaires de 15H et 30H. Le\u00a0<b><b>refroidisseur d\u2019outil\u00a0<b>ajustable<\/b>\u00a0<\/b>ou<b>\u00a0pistolet \u00e0 air froid<\/b><\/b>\u00a0est \u00e9quip\u00e9 de s\u00e9rie d\u2019un silencieux cot\u00e9 froid. La base magn\u00e9tique du Le\u00a0<b><b>refroidisseur d\u2019outil\u00a0<b>ajustable<\/b>\u00a0<\/b>ou<b>\u00a0pistolet \u00e0 air froid\u00a0<\/b><\/b>facilite le positionnement du dispositif. Nous recommandons une pression d\u2019utilisation de 5 \u00e0 7 Bars.<\/p>\n<p><b><b><b>Refroidisseur d\u2019outil\u00a0<b>ajustable<\/b>\u00a0<\/b>ou<b>\u00a0pistolet \u00e0 air froid<\/b><\/b>\u00a0<\/b>Mod. AIR-MTCL1<\/p>\n<p>Ver aussi:\u00a0<a href=\"https:\/\/www.air-masters.eu\/fr\/57-climatiseurs-d-armoire\">CLIMATISEURS D&rsquo;ARMOIRE<\/a>,\u00a0<a href=\"https:\/\/www.air-masters.eu\/fr\/49-tubes-vortex\">TUBES VORTEX<\/a><\/p>\n<\/p>\n<p><a href=\"\/it\/contattaci\"><button class=\"btn btn-default btn-google-plus social-sharing\" type=\"button\">DEMANDEZ CE PRODUIT \u00c0 L\u2019 ESSAI!<\/button><\/a><\/p>\n<p><a href=\"http:\/\/www.air-masters.eu\/it\/index.php?controller=attachment&#038;id_attachment=158\"><button class=\"btn btn-warning btn-xs\" type=\"button\">Fiche Technique<\/button><\/a>\u00a0<a href=\"http:\/\/www.air-masters.eu\/it\/index.php?controller=attachment&#038;id_attachment=157\"><button class=\"btn btn-primary btn-xs\" type=\"button\">Outline Pdf<\/button><\/a>\u00a0<\/p>\n<div id=\"rtcc-nm-installed\"><\/div>\n<div id=\"rtcc-nm-installed\"><\/div>\n<div id=\"rtcc-nm-installed\"><\/div>\n","protected":false},"featured_media":73621,"template":"","meta":{"_et_pb_use_builder":"","_et_pb_old_content":"","_et_gb_content_width":""},"product_cat":[22186],"product_tag":[],"class_list":{"0":"post-73668","1":"product","2":"type-product","3":"status-publish","4":"has-post-thumbnail","6":"product_cat-pistolets-dair-froid","8":"first","9":"instock","10":"shipping-taxable","11":"purchasable","12":"product-type-variable","13":"has-default-attributes"},"_links":{"self":[{"href":"https:\/\/air-masters.com\/fr\/wp-json\/wp\/v2\/product\/73668"}],"collection":[{"href":"https:\/\/air-masters.com\/fr\/wp-json\/wp\/v2\/product"}],"about":[{"href":"https:\/\/air-masters.com\/fr\/wp-json\/wp\/v2\/types\/product"}],"wp:featuredmedia":[{"embeddable":true,"href":"https:\/\/air-masters.com\/fr\/wp-json\/wp\/v2\/media\/73621"}],"wp:attachment":[{"href":"https:\/\/air-masters.com\/fr\/wp-json\/wp\/v2\/media?parent=73668"}],"wp:term":[{"taxonomy":"product_cat","embeddable":true,"href":"https:\/\/air-masters.com\/fr\/wp-json\/wp\/v2\/product_cat?post=73668"},{"taxonomy":"product_tag","embeddable":true,"href":"https:\/\/air-masters.com\/fr\/wp-json\/wp\/v2\/product_tag?post=73668"}],"curies":[{"name":"wp","href":"https:\/\/api.w.org\/{rel}","templated":true}]}}