{"id":73744,"date":"2016-01-15T19:46:49","date_gmt":"2016-01-15T18:46:49","guid":{"rendered":"https:\/\/air-masters.com\/pistolets-aspirateurs-airmasters-fr\/pistolet-aspirateur-pneumatique-airmasters-hand-vac\/"},"modified":"2016-01-15T19:46:49","modified_gmt":"2016-01-15T18:46:49","slug":"pistolet-aspirateur-pneumatique-airmasters-hand-vac","status":"publish","type":"product","link":"https:\/\/air-masters.com\/fr\/pistolets-aspirateurs-airmasters\/pistolet-aspirateur-pneumatique-airmasters-hand-vac\/","title":{"rendered":"Pistolet aspirateur pneumatique AIRMASTERS Hand Vac"},"content":{"rendered":"","protected":false},"excerpt":{"rendered":"<p>Le <b>pistolet aspirateur pneumatique<\/b> AIRMASTERS Hand Vac est la solution \u00e9conomique a une grande vari\u00e9t\u00e9 de probl\u00e8mes de nettoyage industriel. Il est \u00e0 la fois un pistolet de soufflage, un pistolet aspirateur, et un syst\u00e8me de transfert et de collecte.<\/p>\n<p>Le <b>pistolet aspirateur pneumatique<\/b> AIRMASTERS est l\u00e9ger car fabriqu\u00e9 en alliage d&rsquo;aluminium et utilise moins d\u2019air qu\u2019 un pistolet de soufflage ordinaire. L&rsquo;air amplifi\u00e9 est environ 12 fois plus grande que le volume d\u2019air comprim\u00e9 utilis\u00e9. Un syst\u00e8me d\u2019aspiration efficace permet la collecte ou le transfert de mat\u00e9riaux.<\/p>\n<p>Le <b>pistolet aspirateur pneumatique<\/b> AIRMASTERS Hand Vac peut \u00eatre facilement convertit d\u2019un pistolet aspirant en un pistolet de soufflage. En mode soufflage , le diam\u00e8tre de 32mm permet de couvrir une plus grande surface qu\u2019a l\u2019aide d\u2019un petit pistolet de soufflage pour un nettoyage et un s\u00e9chage plus rapide. Il peut aussi \u00eatre utiliser pour transf\u00e9rer des mat\u00e9riaux sur une longue distance gr\u00e2ce a un tuyau aspirant qui peut vous \u00eatre fourni.<\/p>\n<p>Le <b>pistolet aspirateur pneumatique<\/b> AIRMASTERS Hand Vac en mode aspirateur, il peut \u00eatre utilis\u00e9 pour aspirer des d\u00e9bris, qui peuvent alors \u00eatre collect\u00e9s dans un sac adapt\u00e9 et r\u00e9utilisable. Passe du mode soufflage au mode aspirateur en quelques secondes. Le pistolet aspirateur pneumatique utilise seulement 368 SLPM 5.5 Bar pour produire une aspiration de -7kPa et produit une force de soufflage de 255 grams.L\u2019entr\u00e9e standard est de 1\/4\u201d BSP.<\/p>\n","protected":false},"featured_media":73711,"template":"","meta":{"_et_pb_use_builder":"","_et_pb_old_content":"","_et_gb_content_width":""},"product_cat":[22201],"product_tag":[],"class_list":{"0":"post-73744","1":"product","2":"type-product","3":"status-publish","4":"has-post-thumbnail","6":"product_cat-pistolets-aspirateurs-airmasters","8":"first","9":"instock","10":"shipping-taxable","11":"purchasable","12":"product-type-variable","13":"has-default-attributes"},"_links":{"self":[{"href":"https:\/\/air-masters.com\/fr\/wp-json\/wp\/v2\/product\/73744"}],"collection":[{"href":"https:\/\/air-masters.com\/fr\/wp-json\/wp\/v2\/product"}],"about":[{"href":"https:\/\/air-masters.com\/fr\/wp-json\/wp\/v2\/types\/product"}],"wp:featuredmedia":[{"embeddable":true,"href":"https:\/\/air-masters.com\/fr\/wp-json\/wp\/v2\/media\/73711"}],"wp:attachment":[{"href":"https:\/\/air-masters.com\/fr\/wp-json\/wp\/v2\/media?parent=73744"}],"wp:term":[{"taxonomy":"product_cat","embeddable":true,"href":"https:\/\/air-masters.com\/fr\/wp-json\/wp\/v2\/product_cat?post=73744"},{"taxonomy":"product_tag","embeddable":true,"href":"https:\/\/air-masters.com\/fr\/wp-json\/wp\/v2\/product_tag?post=73744"}],"curies":[{"name":"wp","href":"https:\/\/api.w.org\/{rel}","templated":true}]}}