{"id":74826,"date":"2018-02-09T10:14:31","date_gmt":"2018-02-09T09:14:31","guid":{"rendered":"https:\/\/air-masters.com\/airmasters-ring-vac-fr\/convoyeurs-a-air-comprime-air-conv04\/"},"modified":"2018-02-09T10:14:31","modified_gmt":"2018-02-09T09:14:31","slug":"convoyeurs-a-air-comprime-air-conv04","status":"publish","type":"product","link":"https:\/\/air-masters.com\/fr\/venturi-transport-pneumatique\/convoyeurs-a-air-comprime-air-conv04\/","title":{"rendered":"Convoyeurs \u00e0 air comprim\u00e9 AIR-CONV04"},"content":{"rendered":"","protected":false},"excerpt":{"rendered":"<div class=\"page\" title=\"Page 1\">\n<div class=\"layoutArea\">\n<div class=\"column\">\n<p><b>Les convoyeurs d \u2018air comprim\u00e9<\/b>\u00a0en Aluminium anodis\u00e9 et en Acier inoxydable peuvent transporter tout type de mat\u00e9riau solide.\u00a0<\/p>\n<\/p><\/div>\n<\/p><\/div>\n<\/p><\/div>\n<div class=\"page\" title=\"Page 2\">\n<div class=\"layoutArea\">\n<div class=\"column\">\n<p>Le syst\u00e8me de transport pneumatique TM est disponible en Aluminium anodis\u00e9 ou en acier inoxydable. Notre version en acier inoxydable sp\u00e9ciale haute temp\u00e9rature peut atteindre les 649\u00baC (12000F).<\/p>\n<\/p><\/div>\n<\/p><\/div>\n<\/p><\/div>\n<div class=\"page\" title=\"Page 2\">\n<div class=\"layoutArea\">\n<div class=\"column\">\n<p>Des mat\u00e9riaux sp\u00e9ciaux peuvent \u00eatre utilise pour des applications uniques. Un support de montage peut \u00eatre fourni en option pour un montage simplifi\u00e9.<\/p>\n<p>Les<b>\u00a0Convoyeurs \u00e0 air comprim\u00e9<\/b>\u00a0pour le transport pneumatique ne poss\u00e8dent aucune pi\u00e8ce mobile, sont id\u00e9als pour le transport des mat\u00e9riaux a grand volume et sur de longues distances. Ils utilisent l\u2019air comprim\u00e9 pour un effet Venturi puissant et efficace sur toute leur longueur, et dans un design compact afin de transporter \u00e0 haute capacit\u00e9 et sur de longues distances.\u00a0<\/p>\n<\/p>\n<p><b><span style=\"vertical-align:inherit;\"><span style=\"vertical-align:inherit;\">Convoyeur \u00e0 air comprim\u00e9 AIR-CONV04<\/span><\/span><\/b><\/p>\n<\/p><\/div>\n<\/p><\/div>\n<\/p><\/div>\n<\/p>\n<p><a href=\"http:\/\/www.air-masters.eu\/upload\/ring_vac\/convoyeurs.pdf\" target=\"_blank\" rel=\"noreferrer noopener\"><button class=\"btn btn-warning btn-xs\" type=\"button\"><span style=\"vertical-align:inherit;\"><span style=\"vertical-align:inherit;\">Technique fiche<\/span><\/span><\/button><\/a>\u00a0\u00a0<a href=\"https:\/\/www.air-masters.eu\/upload\/ring_vac\/30000.dwg\" target=\"_blank\" rel=\"noreferrer noopener\"><button class=\"btn btn-warning btn-xs\" type=\"button\"><span style=\"vertical-align:inherit;\"><span style=\"vertical-align:inherit;\">Outline Dwg<\/span><\/span><\/button><\/a>\u00a0\u00a0<a href=\"https:\/\/www.air-masters.eu\/upload\/ring_vac\/30000.pdf\" target=\"_blank\" rel=\"noreferrer noopener\"><button class=\"btn btn-warning btn-xs\" type=\"button\"><span style=\"vertical-align:inherit;\"><span style=\"vertical-align:inherit;\">Outline Pdf<\/span><\/span><\/button><\/a>\u00a0\u00a0<button class=\"btn btn-warning btn-xs\" type=\"button\"><\/button><\/p>\n<\/p>\n<div id=\"rtcc-nm-installed\"><\/div>\n<div><\/div>\n<div><\/div>\n<div><\/div>\n<div><\/div>\n","protected":false},"featured_media":74736,"template":"","meta":{"_et_pb_use_builder":"","_et_pb_old_content":"","_et_gb_content_width":""},"product_cat":[22181],"product_tag":[],"class_list":{"0":"post-74826","1":"product","2":"type-product","3":"status-publish","4":"has-post-thumbnail","6":"product_cat-venturi-transport-pneumatique","8":"first","9":"instock","10":"shipping-taxable","11":"purchasable","12":"product-type-variable","13":"has-default-attributes"},"_links":{"self":[{"href":"https:\/\/air-masters.com\/fr\/wp-json\/wp\/v2\/product\/74826"}],"collection":[{"href":"https:\/\/air-masters.com\/fr\/wp-json\/wp\/v2\/product"}],"about":[{"href":"https:\/\/air-masters.com\/fr\/wp-json\/wp\/v2\/types\/product"}],"wp:featuredmedia":[{"embeddable":true,"href":"https:\/\/air-masters.com\/fr\/wp-json\/wp\/v2\/media\/74736"}],"wp:attachment":[{"href":"https:\/\/air-masters.com\/fr\/wp-json\/wp\/v2\/media?parent=74826"}],"wp:term":[{"taxonomy":"product_cat","embeddable":true,"href":"https:\/\/air-masters.com\/fr\/wp-json\/wp\/v2\/product_cat?post=74826"},{"taxonomy":"product_tag","embeddable":true,"href":"https:\/\/air-masters.com\/fr\/wp-json\/wp\/v2\/product_tag?post=74826"}],"curies":[{"name":"wp","href":"https:\/\/api.w.org\/{rel}","templated":true}]}}