{"id":75250,"date":"2018-02-19T12:43:36","date_gmt":"2018-02-19T11:43:36","guid":{"rendered":"https:\/\/air-masters.com\/ring-vac-avec-bride-sanitaire-fr\/convoyeurs-316l-ring-vac-avec-bride-sanitaire-air-conv06san-316l\/"},"modified":"2018-02-19T12:43:36","modified_gmt":"2018-02-19T11:43:36","slug":"convoyeurs-316l-ring-vac-avec-bride-sanitaire-air-conv06san-316l","status":"publish","type":"product","link":"https:\/\/air-masters.com\/fr\/ring-vac-avec-bride-sanitaire\/convoyeurs-316l-ring-vac-avec-bride-sanitaire-air-conv06san-316l\/","title":{"rendered":"Convoyeurs 316L Ring Vac avec bride sanitaire AIR-CONV06SAN-316L"},"content":{"rendered":"","protected":false},"excerpt":{"rendered":"<div class=\"page\" title=\"Page 1\">\n<div class=\"layoutArea\">\n<div class=\"column\">\n<div class=\"page\" title=\"Page 1\">\n<div class=\"layoutArea\">\n<div class=\"column\">\n<p><b>Les convoyeurs d \u2018air comprim\u00e9<\/b>\u00a0en Aluminium anodis\u00e9 et en Acier inoxydable peuvent transporter tout type de mat\u00e9riau solide.\u00a0<\/p>\n<\/p><\/div>\n<\/p><\/div>\n<\/p><\/div>\n<div class=\"page\" title=\"Page 2\">\n<div class=\"layoutArea\">\n<div class=\"column\">\n<p>Le syst\u00e8me de transport pneumatique  est disponible en Aluminium anodis\u00e9 ou en acier inoxydable. Notre version en acier inoxydable sp\u00e9ciale haute temp\u00e9rature peut atteindre les 649\u00baC.<\/p>\n<\/p><\/div>\n<\/p><\/div>\n<\/p><\/div>\n<div class=\"page\" title=\"Page 2\">\n<div class=\"layoutArea\">\n<div class=\"column\">\n<p>Des mat\u00e9riaux sp\u00e9ciaux peuvent \u00eatre utilise pour des applications uniques. Un support de montage peut \u00eatre fourni en option pour un montage simplifi\u00e9.<\/p>\n<\/p><\/div>\n<\/p><\/div>\n<\/p><\/div>\n<div class=\"page\" title=\"Page 1\">\n<div class=\"layoutArea\">\n<div class=\"column\">\n<p>Les syst\u00e8mes de transport pneumatique ne poss\u00e8dent aucune pi\u00e8ce mobile, et sont id\u00e9als pour le transport des mat\u00e9riaux a grand volume et sur de longues distances. Ils utilisent l\u2019air comprim\u00e9 pour un effet Venturi puissant et efficace sur toute leur longueur, et dans un design compact afin de transporter \u00e0 haute capacit\u00e9 et sur de longues distances.\u00a0<\/p>\n<p><b>Convoyeurs d\u2018air comprim\u00e9\u00a0en\u00a0Acier inoxydable mod. AIR-CONV06SAN-316L<\/b><\/p>\n<\/p><\/div>\n<\/p><\/div>\n<\/p><\/div>\n<\/p><\/div>\n<\/p><\/div>\n<\/p><\/div>\n<p><a href=\"http:\/\/www.air-masters.eu\/upload\/ring_vac\/convoyeurs.pdf\"><button class=\"btn btn-warning btn-xs\" type=\"button\">Fiche Technique<\/button><\/a>\u00a0 <a href=\"https:\/\/www.air-masters.eu\/upload\/ring_vac\/3-in-ss-316l-sanitary-flange-ring-vac-outline.dwg\" target=\"_blank\" rel=\"noopener\"> <button class=\"btn btn-warning btn-xs\" type=\"button\">Outline Dwg<\/button><\/a>\u00a0 <a href=\"https:\/\/www.air-masters.eu\/upload\/ring_vac\/3-in-ss-316l-sanitary-flange-ring-vac-outline.dwg\" target=\"_blank\" rel=\"noopener\"> <button class=\"btn btn-warning btn-xs\" type=\"button\">Outline Pdf<\/button><\/a>\u00a0 <a href=\"https:\/\/www.air-masters.eu\/upload\/ring_vac\/30001s-316l-san_3D.pdf\" target=\"_blank\" rel=\"noopener\"> <button class=\"btn btn-warning btn-xs\" style=\"display: none;\" type=\"button\">Outline Pdf 3D<\/button><\/a><\/p>\n<div id=\"rtcc-nm-installed\"><\/div>\n<div id=\"rtcc-nm-installed\"><\/div>\n<div id=\"rtcc-nm-installed\"><\/div>\n","protected":false},"featured_media":75231,"template":"","meta":{"_et_pb_use_builder":"","_et_pb_old_content":"","_et_gb_content_width":""},"product_cat":[22231,22181],"product_tag":[],"class_list":{"0":"post-75250","1":"product","2":"type-product","3":"status-publish","4":"has-post-thumbnail","6":"product_cat-ring-vac-avec-bride-sanitaire","7":"product_cat-venturi-transport-pneumatique","9":"first","10":"instock","11":"shipping-taxable","12":"purchasable","13":"product-type-variable","14":"has-default-attributes"},"_links":{"self":[{"href":"https:\/\/air-masters.com\/fr\/wp-json\/wp\/v2\/product\/75250"}],"collection":[{"href":"https:\/\/air-masters.com\/fr\/wp-json\/wp\/v2\/product"}],"about":[{"href":"https:\/\/air-masters.com\/fr\/wp-json\/wp\/v2\/types\/product"}],"wp:featuredmedia":[{"embeddable":true,"href":"https:\/\/air-masters.com\/fr\/wp-json\/wp\/v2\/media\/75231"}],"wp:attachment":[{"href":"https:\/\/air-masters.com\/fr\/wp-json\/wp\/v2\/media?parent=75250"}],"wp:term":[{"taxonomy":"product_cat","embeddable":true,"href":"https:\/\/air-masters.com\/fr\/wp-json\/wp\/v2\/product_cat?post=75250"},{"taxonomy":"product_tag","embeddable":true,"href":"https:\/\/air-masters.com\/fr\/wp-json\/wp\/v2\/product_tag?post=75250"}],"curies":[{"name":"wp","href":"https:\/\/api.w.org\/{rel}","templated":true}]}}