{"id":75393,"date":"2018-02-26T11:53:15","date_gmt":"2018-02-26T10:53:15","guid":{"rendered":"https:\/\/air-masters.com\/heavy-duty-ring-vac-fr\/les-convoyeurs-a-air-comprime-heavy-duty-airmasters-ring-vac-air-conv04ha\/"},"modified":"2024-07-05T11:49:57","modified_gmt":"2024-07-05T09:49:57","slug":"les-convoyeurs-a-air-comprime-heavy-duty-airmasters-air-conv04ha","status":"publish","type":"product","link":"https:\/\/air-masters.com\/fr\/heavy-duty-fr\/les-convoyeurs-a-air-comprime-heavy-duty-airmasters-air-conv04ha\/","title":{"rendered":"Les Convoyeurs \u00e0 air comprim\u00e9 Heavy Duty AIRMASTERS AIR-CONV04HA"},"content":{"rendered":"","protected":false},"excerpt":{"rendered":"<div class=\"page\" title=\"Page 7\">\n<div class=\"layoutArea\">\n<div class=\"column\">\n<div class=\"page\" title=\"Page 7\">\n<div class=\"layoutArea\">\n<div class=\"column\">\n<p><b>Les convoyeurs a air comprime<\/b>\u00a0AIRMASTERSTM  ce syst\u00e8me de transport pneumatique est similaire au convoyeur TM Standard, mais poss\u00e8de plus de puissance pour le transport des mat\u00e9riaux sur de plus longues distances aussi bien verticalement qu\u2019horizontalement.<\/p>\n<\/div>\n<\/div>\n<\/div>\n<p><span id=\"result_box\" lang=\"fr\" tabindex=\"-1\"><b>Les convoyeurs pneumatiques<\/b>\u00a0AIRMASTERS\u00a0<span id=\"result_box\" lang=\"fr\" tabindex=\"-1\">Heavy-Duty  sont<\/span>\u00a0disponible en version standard et filet\u00e9e\u00a0<span id=\"result_box\" lang=\"fr\" tabindex=\"-1\">pour des applications dans un environnement tr\u00e8s sale et poussi\u00e9reux<\/span>. Con\u00e7u pour transporter des mat\u00e9riaux sur une plus longue distance verticalement et horizontalement. Fabriqu\u00e9 en aluminium anodis\u00e9 durci pour \u00e9viter une usure pr\u00e9matur\u00e9e pouvant survenir soit en aluminium anodis\u00e9 ordinaire ou en acier inoxydable.<\/span><\/p>\n<p><span lang=\"fr\" tabindex=\"-1\"><b>Les convoyeurs a air comprime Mod. AIR-CONV04HA<\/b><\/span><\/p>\n<p><a href=\"http:\/\/www.air-masters.eu\/upload\/ring_vac\/convoyeurs.pdf\"><button class=\"btn btn-warning btn-xs\" type=\"button\">Fiche Technique<\/button><\/a>\u00a0\u00a0<a href=\"https:\/\/www.air-masters.eu\/upload\/ring_vac\/30001.dwg\" target=\"_blank\" rel=\"noopener\"><button class=\"btn btn-warning btn-xs\" type=\"button\">Outline Dwg<\/button><\/a>\u00a0\u00a0<a href=\"https:\/\/www.air-masters.eu\/upload\/ring_vac\/30001.pdf\" target=\"_blank\" rel=\"noopener\"><button class=\"btn btn-warning btn-xs\" type=\"button\">Outline Pdf<\/button><\/a>\u00a0\u00a0<button class=\"btn btn-warning btn-xs\" type=\"button\"><a href=\"https:\/\/www.air-masters.eu\/upload\/ring_vac\/30001_3D.pdf\" target=\"_blank\" rel=\"noopener\">Outline Pdf 3D<\/a><\/button><\/p>\n<\/div>\n<\/div>\n<\/div>\n<div id=\"rtcc-nm-installed\"><\/div>\n<div id=\"rtcc-nm-installed\"><\/div>\n<div id=\"rtcc-nm-installed\"><\/div>\n<div id=\"rtcc-nm-installed\"><\/div>\n","protected":false},"featured_media":75366,"template":"","meta":{"_et_pb_use_builder":"","_et_pb_old_content":"","_et_gb_content_width":""},"product_cat":[22246,22181],"product_tag":[],"class_list":{"0":"post-75393","1":"product","2":"type-product","3":"status-publish","4":"has-post-thumbnail","6":"product_cat-heavy-duty-fr","7":"product_cat-venturi-transport-pneumatique","9":"first","10":"instock","11":"shipping-taxable","12":"purchasable","13":"product-type-variable","14":"has-default-attributes"},"_links":{"self":[{"href":"https:\/\/air-masters.com\/fr\/wp-json\/wp\/v2\/product\/75393"}],"collection":[{"href":"https:\/\/air-masters.com\/fr\/wp-json\/wp\/v2\/product"}],"about":[{"href":"https:\/\/air-masters.com\/fr\/wp-json\/wp\/v2\/types\/product"}],"wp:featuredmedia":[{"embeddable":true,"href":"https:\/\/air-masters.com\/fr\/wp-json\/wp\/v2\/media\/75366"}],"wp:attachment":[{"href":"https:\/\/air-masters.com\/fr\/wp-json\/wp\/v2\/media?parent=75393"}],"wp:term":[{"taxonomy":"product_cat","embeddable":true,"href":"https:\/\/air-masters.com\/fr\/wp-json\/wp\/v2\/product_cat?post=75393"},{"taxonomy":"product_tag","embeddable":true,"href":"https:\/\/air-masters.com\/fr\/wp-json\/wp\/v2\/product_tag?post=75393"}],"curies":[{"name":"wp","href":"https:\/\/api.w.org\/{rel}","templated":true}]}}