{"id":75470,"date":"2018-03-05T12:32:35","date_gmt":"2018-03-05T11:32:35","guid":{"rendered":"https:\/\/air-masters.com\/airmasters-anti-colmatage-fr\/les-convoyeurs-pneumatiques-airmasters-ring-vac-air-convac32\/"},"modified":"2024-07-05T11:49:06","modified_gmt":"2024-07-05T09:49:06","slug":"les-convoyeurs-pneumatiques-airmasters-air-convac32","status":"publish","type":"product","link":"https:\/\/air-masters.com\/fr\/airmasters-anti-colmatage\/les-convoyeurs-pneumatiques-airmasters-air-convac32\/","title":{"rendered":"Les convoyeurs pneumatiques AIRMASTERS AIR-CONVAC32"},"content":{"rendered":"","protected":false},"excerpt":{"rendered":"<p><b>Les convoyeurs pneumatiques<\/b>\u00a0AIRMASTERS  transportent du mat\u00e9riel \u00e0 grande vitesse sur de longues distances. La conception lin\u00e9aire directe emp\u00eache le colmatage. Ils utilisent de l&rsquo;air comprim\u00e9 pour une action venturi puissante et efficace sur toute leur longueur. Leur design compact permet un transport de grande capacit\u00e9 sur de grandes distances.<\/p>\n<p><b>Les convoyeurs pneumatiques<\/b>\u00a0AIRMASTERS  sont disponibles en aluminium anodis\u00e9 et en acier inoxydable 316-L. Le fonctionnement du convoyeur \u00e0 air comprim\u00e9 est sans entretien gr\u00e2ce \u00e0 l\u2019absence de pi\u00e8ce mobile.<\/p>\n<p>Nos mat\u00e9riaux sp\u00e9ciaux peuvent \u00eatre utilis\u00e9s pour des applications uniques et nos produits sont con\u00e7us pour des applications uniques et sp\u00e9cifiques.<\/p>\n<p><b>Convoyeurs pneumatiques AIRMASTERS  AIR-CONVAC32<br \/>\n<\/b><\/p>\n","protected":false},"featured_media":75441,"template":"","meta":{"_et_pb_use_builder":"","_et_pb_old_content":"","_et_gb_content_width":""},"product_cat":[22251],"product_tag":[],"class_list":{"0":"post-75470","1":"product","2":"type-product","3":"status-publish","4":"has-post-thumbnail","6":"product_cat-airmasters-anti-colmatage","8":"first","9":"instock","10":"shipping-taxable","11":"purchasable","12":"product-type-variable","13":"has-default-attributes"},"_links":{"self":[{"href":"https:\/\/air-masters.com\/fr\/wp-json\/wp\/v2\/product\/75470"}],"collection":[{"href":"https:\/\/air-masters.com\/fr\/wp-json\/wp\/v2\/product"}],"about":[{"href":"https:\/\/air-masters.com\/fr\/wp-json\/wp\/v2\/types\/product"}],"wp:featuredmedia":[{"embeddable":true,"href":"https:\/\/air-masters.com\/fr\/wp-json\/wp\/v2\/media\/75441"}],"wp:attachment":[{"href":"https:\/\/air-masters.com\/fr\/wp-json\/wp\/v2\/media?parent=75470"}],"wp:term":[{"taxonomy":"product_cat","embeddable":true,"href":"https:\/\/air-masters.com\/fr\/wp-json\/wp\/v2\/product_cat?post=75470"},{"taxonomy":"product_tag","embeddable":true,"href":"https:\/\/air-masters.com\/fr\/wp-json\/wp\/v2\/product_tag?post=75470"}],"curies":[{"name":"wp","href":"https:\/\/api.w.org\/{rel}","templated":true}]}}