{"id":75583,"date":"2018-04-05T11:52:10","date_gmt":"2018-04-05T09:52:10","guid":{"rendered":"https:\/\/air-masters.com\/lames-d-air-amplificatrice-fr\/lame-d-air-amplificatrice-as03\/"},"modified":"2018-04-05T11:52:10","modified_gmt":"2018-04-05T09:52:10","slug":"lame-d-air-amplificatrice-as03","status":"publish","type":"product","link":"https:\/\/air-masters.com\/fr\/lames-d-air-amplificatrice\/lame-d-air-amplificatrice-as03\/","title":{"rendered":"Lame d&rsquo;air amplificatrice AS03"},"content":{"rendered":"","protected":false},"excerpt":{"rendered":"<p>Les<b>\u00a0<\/b><b>lames\u00a0<\/b><strong>d&rsquo;air amplificatrice\u00a0<\/strong>ou\u00a0<b>lames d\u2019air pour refroidissement<\/b>\u00a0<b>AS<\/b>\u00a0sont disponibles mont\u00e9es avec 2, 3 ou 4\u00a0<b>amplificateurs d&rsquo;air<\/b>, en aluminium anodis\u00e9 dur ou en acier inoxydable 304. Les\u00a0<b>amplificateurs d\u2019air<\/b>\u00a0sont des dispositifs simples, peu couteux, sans entretien, qui \u00e9vacuent vapeurs, fum\u00e9es, ou mat\u00e9riaux l\u00e9gers et d\u00e9placent un large volume d\u2019air pour le refroidissement, le nettoyage et le s\u00e9chage.<\/p>\n<p>Les<b>\u00a0<\/b><b>lames\u00a0<\/b><strong>d&rsquo;air amplificatrice\u00a0<\/strong>ou\u00a0<b>lames d\u2019air pour refroidissement<\/b>\u00a0utilisent l\u2019effet Coanda des\u00a0<b>amplificateurs d&rsquo;air<\/b>\u00a0qui entraine un grand volume d\u2019air de la zone environnante avec une petite quantit\u00e9 d\u2019air comprim\u00e9. Ce qui r\u00e9sulte en une amplification des\u00a0<b>amplificateurs d&rsquo;air<\/b>\u00a0du flux d\u2019air 17 fois sup\u00e9rieure, voir plus (selon la taille) avec un niveau sonore r\u00e9duit.<\/p>\n<p><b>Lames\u00a0<\/b><strong>d&rsquo;air amplificatrice\u00a0<\/strong>Mod. AS03<\/p>\n<p>Ver aussi:\u00a0<a href=\"https:\/\/www.air-masters.eu\/fr\/49-tubes-vortex\">TUBES VORTEX,<\/a>\u00a0<a href=\"https:\/\/www.air-masters.eu\/fr\/30-amplificateurs-dair\">AMPLIFICATEURS D\u2019AIR<\/a><\/p>\n<\/p>\n<p><button class=\"btn btn-default btn-google-plus social-sharing\" type=\"button\"><a href=\"\/fr\/nous-contacter\">DEMANDEZ CE PRODUIT \u00c0 L\u2019 ESSAI!<\/a><\/button><\/p>\n","protected":false},"featured_media":75576,"template":"","meta":{"_et_pb_use_builder":"","_et_pb_old_content":"","_et_gb_content_width":""},"product_cat":[22176],"product_tag":[],"class_list":{"0":"post-75583","1":"product","2":"type-product","3":"status-publish","4":"has-post-thumbnail","6":"product_cat-lames-d-air-amplificatrice","8":"first","9":"instock","10":"shipping-taxable","11":"purchasable","12":"product-type-variable","13":"has-default-attributes"},"_links":{"self":[{"href":"https:\/\/air-masters.com\/fr\/wp-json\/wp\/v2\/product\/75583"}],"collection":[{"href":"https:\/\/air-masters.com\/fr\/wp-json\/wp\/v2\/product"}],"about":[{"href":"https:\/\/air-masters.com\/fr\/wp-json\/wp\/v2\/types\/product"}],"wp:featuredmedia":[{"embeddable":true,"href":"https:\/\/air-masters.com\/fr\/wp-json\/wp\/v2\/media\/75576"}],"wp:attachment":[{"href":"https:\/\/air-masters.com\/fr\/wp-json\/wp\/v2\/media?parent=75583"}],"wp:term":[{"taxonomy":"product_cat","embeddable":true,"href":"https:\/\/air-masters.com\/fr\/wp-json\/wp\/v2\/product_cat?post=75583"},{"taxonomy":"product_tag","embeddable":true,"href":"https:\/\/air-masters.com\/fr\/wp-json\/wp\/v2\/product_tag?post=75583"}],"curies":[{"name":"wp","href":"https:\/\/api.w.org\/{rel}","templated":true}]}}