{"id":75730,"date":"2018-08-08T11:08:54","date_gmt":"2018-08-08T09:08:54","guid":{"rendered":"https:\/\/air-masters.com\/lames-dair-extra-fr\/lame-d-air-extra-sl02\/"},"modified":"2024-04-10T09:50:36","modified_gmt":"2024-04-10T07:50:36","slug":"lame-d-air-extra-sl02","status":"publish","type":"product","link":"https:\/\/air-masters.com\/fr\/lames-dair-extra\/lame-d-air-extra-sl02\/","title":{"rendered":"Lame d&rsquo;air Extra SL02"},"content":{"rendered":"","protected":false},"excerpt":{"rendered":"<p><span id=\"result_box\" lang=\"fr\">Nos\u00a0<b>lames d&rsquo;air Extra<\/b>\u00a0SL02 peuvent \u00eatre \u00e9quip\u00e9es de 2 buses, dans la version avec support en aluminium et buses en acier inoxydable 316L ou dans la version avec support et buses enti\u00e8rement en acier 316L.<\/span><\/p>\n<p><span id=\"result_box\" lang=\"fr\">Nos\u00a0<b>lames d&rsquo;air Extra\u00a0<\/b>remplacent les tubes perfor\u00e9s en r\u00e9duisant consid\u00e9rablement le niveau sonore et la consommation d\u2019air et sont compos\u00e9s de buses en acier tr\u00e8s r\u00e9sistantes aux chocs et \u00e0 l\u2019usure m\u00e9canique. Ils sont conformes aux r\u00e9glementations OSHA. Des lames d\u2019air sur mesure peuvent \u00eatre fabriqu\u00e9es sur demande et sans co\u00fbt suppl\u00e9mentaire.<\/span><\/p>\n<p><b>Lames d&rsquo;air Extra\u00a0SL02<\/b><\/p>\n<p><a href=\"\/it\/contattaci\"><button class=\"btn btn-default btn-google-plus social-sharing\" type=\"button\">DEMANDEZ CE PRODUIT \u00c0 L\u2019 ESSAI!<\/button><\/a><\/p>\n<p><a href=\"http:\/\/www.air-masters.eu\/it\/index.php?controller=attachment&amp;id_attachment=89\"><button class=\"btn btn-warning btn-xs\" type=\"button\">Fiche Technique<\/button><\/a>\u00a0<a href=\"http:\/\/www.air-masters.eu\/it\/index.php?controller=attachment&amp;id_attachment=91\"><button class=\"btn btn-primary btn-xs\" type=\"button\">Outline Pdf<\/button><\/a><\/p>\n","protected":false},"featured_media":75696,"template":"","meta":{"_et_pb_use_builder":"","_et_pb_old_content":"","_et_gb_content_width":""},"product_cat":[22166],"product_tag":[],"class_list":{"0":"post-75730","1":"product","2":"type-product","3":"status-publish","4":"has-post-thumbnail","6":"product_cat-lames-dair-extra","8":"first","9":"instock","10":"shipping-taxable","11":"purchasable","12":"product-type-variable","13":"has-default-attributes"},"_links":{"self":[{"href":"https:\/\/air-masters.com\/fr\/wp-json\/wp\/v2\/product\/75730"}],"collection":[{"href":"https:\/\/air-masters.com\/fr\/wp-json\/wp\/v2\/product"}],"about":[{"href":"https:\/\/air-masters.com\/fr\/wp-json\/wp\/v2\/types\/product"}],"wp:featuredmedia":[{"embeddable":true,"href":"https:\/\/air-masters.com\/fr\/wp-json\/wp\/v2\/media\/75696"}],"wp:attachment":[{"href":"https:\/\/air-masters.com\/fr\/wp-json\/wp\/v2\/media?parent=75730"}],"wp:term":[{"taxonomy":"product_cat","embeddable":true,"href":"https:\/\/air-masters.com\/fr\/wp-json\/wp\/v2\/product_cat?post=75730"},{"taxonomy":"product_tag","embeddable":true,"href":"https:\/\/air-masters.com\/fr\/wp-json\/wp\/v2\/product_tag?post=75730"}],"curies":[{"name":"wp","href":"https:\/\/api.w.org\/{rel}","templated":true}]}}