{"id":75876,"date":"2018-09-25T17:13:28","date_gmt":"2018-09-25T15:13:28","guid":{"rendered":"https:\/\/air-masters.com\/pistolets-de-soufflage-a-air-comprime-fr\/pistolet-de-soufflage-ag104\/"},"modified":"2018-09-25T17:13:28","modified_gmt":"2018-09-25T15:13:28","slug":"pistolet-de-soufflage-ag104","status":"publish","type":"product","link":"https:\/\/air-masters.com\/fr\/pistolets-de-soufflage-a-air-comprime\/pistolet-de-soufflage-ag104\/","title":{"rendered":"Pistolet de soufflage AG104"},"content":{"rendered":"","protected":false},"excerpt":{"rendered":"<div>Notre gamme de\u00a0<b>pistolets de soufflage s\u00e9curis\u00e9s \u00e0 air comprim\u00e9<\/b>\u00a0respecte la norme OSHA. Ils sont disponibles avec diff\u00e9rentes forces de soufflage et \u00e9quip\u00e9s de buses en aluminium ou en acier.<\/div>\n<div><\/div>\n<div>L\u2019utilisation des\u00a0<b>pistolets de soufflage s\u00e9curis\u00e9s Airmasters<\/b>\u00a0est id\u00e9ale pour toutes les applications o\u00f9 sont requis une consommation d\u2019air r\u00e9duite un niveau sonore bas.<\/div>\n<div><\/div>\n<div><b>Pistolet de soufflage\u00a0<\/b><strong>AG104<\/strong><\/div>\n<div><\/div>\n<p><a href=\"\/it\/contattaci\"><button class=\"btn btn-default btn-google-plus social-sharing\" type=\"button\">DEMANDEZ CE PRODUIT \u00c0 L\u2019 ESSAI!<\/button><\/a><\/p>\n","protected":false},"featured_media":75866,"template":"","meta":{"_et_pb_use_builder":"","_et_pb_old_content":"","_et_gb_content_width":""},"product_cat":[22196],"product_tag":[],"class_list":{"0":"post-75876","1":"product","2":"type-product","3":"status-publish","4":"has-post-thumbnail","6":"product_cat-pistolets-de-soufflage-a-air-comprime","8":"first","9":"instock","10":"shipping-taxable","11":"purchasable","12":"product-type-variable","13":"has-default-attributes"},"_links":{"self":[{"href":"https:\/\/air-masters.com\/fr\/wp-json\/wp\/v2\/product\/75876"}],"collection":[{"href":"https:\/\/air-masters.com\/fr\/wp-json\/wp\/v2\/product"}],"about":[{"href":"https:\/\/air-masters.com\/fr\/wp-json\/wp\/v2\/types\/product"}],"wp:featuredmedia":[{"embeddable":true,"href":"https:\/\/air-masters.com\/fr\/wp-json\/wp\/v2\/media\/75866"}],"wp:attachment":[{"href":"https:\/\/air-masters.com\/fr\/wp-json\/wp\/v2\/media?parent=75876"}],"wp:term":[{"taxonomy":"product_cat","embeddable":true,"href":"https:\/\/air-masters.com\/fr\/wp-json\/wp\/v2\/product_cat?post=75876"},{"taxonomy":"product_tag","embeddable":true,"href":"https:\/\/air-masters.com\/fr\/wp-json\/wp\/v2\/product_tag?post=75876"}],"curies":[{"name":"wp","href":"https:\/\/api.w.org\/{rel}","templated":true}]}}