{"id":75988,"date":"2018-12-12T11:00:01","date_gmt":"2018-12-12T10:00:01","guid":{"rendered":"https:\/\/air-masters.com\/lames-dair-extra-fr\/lame-d-air-extra-lq04\/"},"modified":"2018-12-12T11:00:01","modified_gmt":"2018-12-12T10:00:01","slug":"lame-d-air-extra-lq04","status":"publish","type":"product","link":"https:\/\/air-masters.com\/fr\/lames-dair-extra\/lame-d-air-extra-lq04\/","title":{"rendered":"Lame d&rsquo;air Extra LQ04"},"content":{"rendered":"","protected":false},"excerpt":{"rendered":"<p>Les\u00a0<b>lames d&rsquo;air<\/b>\u00a0<b>Extra<\/b>\u00a0<b>LQ<\/b>\u00a0sont disponibles mont\u00e9es avec 2, 3 ou 4 buses, en acier inoxydable 304.\u00a0<\/p>\n<p>Les l<b>ames d&rsquo;air ExtraLQ<\/b>\u00a0sont id\u00e9ales pour les applications o\u00f9 est requise une puissance de soufflage \u00e9lev\u00e9e.<\/p>\n<p><b>Lame d&rsquo;air ExtraLQ04<\/b><\/p>\n<\/p>\n<p><button class=\"btn btn-default btn-google-plus social-sharing\" type=\"button\"><a href=\"\/fr\/nous-contacter\">DEMANDEZ CE PRODUIT \u00c0 L\u2019 ESSAI!<\/a><\/button><\/p>\n<div id=\"rtcc-nm-installed\"><\/div>\n","protected":false},"featured_media":75971,"template":"","meta":{"_et_pb_use_builder":"","_et_pb_old_content":"","_et_gb_content_width":""},"product_cat":[22166],"product_tag":[],"class_list":{"0":"post-75988","1":"product","2":"type-product","3":"status-publish","4":"has-post-thumbnail","6":"product_cat-lames-dair-extra","8":"first","9":"instock","10":"shipping-taxable","11":"purchasable","12":"product-type-variable","13":"has-default-attributes"},"_links":{"self":[{"href":"https:\/\/air-masters.com\/fr\/wp-json\/wp\/v2\/product\/75988"}],"collection":[{"href":"https:\/\/air-masters.com\/fr\/wp-json\/wp\/v2\/product"}],"about":[{"href":"https:\/\/air-masters.com\/fr\/wp-json\/wp\/v2\/types\/product"}],"wp:featuredmedia":[{"embeddable":true,"href":"https:\/\/air-masters.com\/fr\/wp-json\/wp\/v2\/media\/75971"}],"wp:attachment":[{"href":"https:\/\/air-masters.com\/fr\/wp-json\/wp\/v2\/media?parent=75988"}],"wp:term":[{"taxonomy":"product_cat","embeddable":true,"href":"https:\/\/air-masters.com\/fr\/wp-json\/wp\/v2\/product_cat?post=75988"},{"taxonomy":"product_tag","embeddable":true,"href":"https:\/\/air-masters.com\/fr\/wp-json\/wp\/v2\/product_tag?post=75988"}],"curies":[{"name":"wp","href":"https:\/\/api.w.org\/{rel}","templated":true}]}}